{"id":1220,"date":"2025-07-23T14:32:56","date_gmt":"2025-07-23T12:32:56","guid":{"rendered":"https:\/\/hausarztpraxis-worb.ch\/angebote\/"},"modified":"2026-01-25T21:43:53","modified_gmt":"2026-01-25T20:43:53","slug":"offerte","status":"publish","type":"page","link":"https:\/\/hausarztpraxis-worb.ch\/it\/offerte\/","title":{"rendered":"Offerte"},"content":{"rendered":"\n<div class=\"wp-block-group has-global-padding is-layout-constrained wp-block-group-is-layout-constrained\" style=\"padding-bottom:60px\">\n<blockquote class=\"wp-block-quote is-layout-flow wp-block-quote-is-layout-flow\">\n<p>Salute significa qualit\u00e0 di vita. Offriamo un\u2019assistenza medica completa e di alta qualit\u00e0 in tutte le situazioni e per tutta la famiglia. Un buon rapporto, aperto e confidenziale con i nostri pazienti \u00e8 molto importante per noi.  <\/p>\n<\/blockquote>\n\n\n\n<p>La nostra competenza medica \u00e8 allo stato attuale e lavoriamo con le pi\u00f9 recenti linee guida. Se necessario, collaboriamo con partner specializzati competenti della regione che sono i pi\u00f9 adatti alla vostra situazione per garantirvi un\u2019assistenza sanitaria efficiente e ottimale. <\/p>\n\n\n\n<div class=\"wp-block-esab-accordion esab-6ldi8a1j\" data-mode=\"global\" data-close=\"true\"><div class=\"esab__container\">\n<div class=\"wp-block-esab-accordion-child\"><div class=\"esab__head\" role=\"button\" aria-expanded=\"false\"><div class=\"esab__heading_txt\"><p class=\"esab__heading_tag\">Medicina di base<\/p><\/div><div class=\"esab__icon\"><div class=\"esab__collapse\"> <svg xmlns=\"http:\/\/www.w3.org\/2000\/svg\" width=\"24\" height=\"24\" fill=\"currentColor\" viewBox=\"0 0 16 16\"><path fill-rule=\"evenodd\" d=\"M1.646 4.646a.5.5 0 0 1 .708 0L8 10.293l5.646-5.647a.5.5 0 0 1 .708.708l-6 6a.5.5 0 0 1-.708 0l-6-6a.5.5 0 0 1 0-.708\"><\/path><\/svg> <\/div><div class=\"esab__expand\"> <svg xmlns=\"http:\/\/www.w3.org\/2000\/svg\" width=\"24\" height=\"24\" fill=\"currentColor\" viewBox=\"0 0 16 16\"><path fill-rule=\"evenodd\" d=\"M7.646 4.646a.5.5 0 0 1 .708 0l6 6a.5.5 0 0 1-.708.708L8 5.707l-5.646 5.647a.5.5 0 0 1-.708-.708z\"><\/path><\/svg> <\/div><\/div><\/div><div class=\"esab__body\">\n<ul class=\"wp-block-list\">\n<li>Assistenza medica generale<\/li>\n\n\n\n<li>Persona di contatto per tutti i problemi medici<\/li>\n\n\n\n<li>Sostegno e assistenza a lungo termine per le malattie croniche<\/li>\n\n\n\n<li>Trattamento d\u2019emergenza<\/li>\n\n\n\n<li>Consigli di vaccinazione, vaccinazioni<\/li>\n\n\n\n<li>Consigli medici di viaggio<\/li>\n\n\n\n<li>Consigli specializzati per smettere di fumare<\/li>\n\n\n\n<li>Piccoli interventi chirurgici, cura delle ferite<\/li>\n\n\n\n<li>Consulenza e supporto per problemi psicosomatici e psicologici in collaborazione con servizi specializzati<\/li>\n\n\n\n<li>Accompagnamento della morte, accompagnamento in situazioni palliative<\/li>\n\n\n\n<li>Chiarimenti subacquei<\/li>\n\n\n\n<li>Valutazione di guida di livello 1 e 2<\/li>\n\n\n\n<li>I bambini sono i benvenuti nel nostro studio<\/li>\n\n\n\n<li>Assistenza medica scolastica<\/li>\n<\/ul>\n<\/div><\/div>\n\n\n\n<div class=\"wp-block-esab-accordion-child\"><div class=\"esab__head\" role=\"button\" aria-expanded=\"false\"><div class=\"esab__heading_txt\"><p class=\"esab__heading_tag\">Medicina interna<\/p><\/div><div class=\"esab__icon\"><div class=\"esab__collapse\"> <svg xmlns=\"http:\/\/www.w3.org\/2000\/svg\" width=\"24\" height=\"24\" fill=\"currentColor\" viewBox=\"0 0 16 16\"><path fill-rule=\"evenodd\" d=\"M1.646 4.646a.5.5 0 0 1 .708 0L8 10.293l5.646-5.647a.5.5 0 0 1 .708.708l-6 6a.5.5 0 0 1-.708 0l-6-6a.5.5 0 0 1 0-.708\"><\/path><\/svg> <\/div><div class=\"esab__expand\"> <svg xmlns=\"http:\/\/www.w3.org\/2000\/svg\" width=\"24\" height=\"24\" fill=\"currentColor\" viewBox=\"0 0 16 16\"><path fill-rule=\"evenodd\" d=\"M7.646 4.646a.5.5 0 0 1 .708 0l6 6a.5.5 0 0 1-.708.708L8 5.707l-5.646 5.647a.5.5 0 0 1-.708-.708z\"><\/path><\/svg> <\/div><\/div><\/div><div class=\"esab__body\">\n<p>La nostra vasta offerta di servizi nel campo della medicina interna comprende<\/p>\n\n\n\n<ul class=\"wp-block-list\">\n<li>Chiarificazione, trattamento e monitoraggio regolare delle malattie degli organi interni<\/li>\n\n\n\n<li>Trattamento ottimizzato per situazioni di malattia complesse con diagnosi multiple<\/li>\n\n\n\n<li>Terapie infusionali (ferro, anticorpi e altri)<\/li>\n\n\n\n<li>Chiarimento e trattamento dei disturbi gastrointestinali e delle intolleranze alimentari<\/li>\n\n\n\n<li>Chiarimenti sulle allergie e trattamenti di desensibilizzazione<\/li>\n\n\n\n<li>Chiarimento dei disturbi respiratori notturni e dell\u2019apnea notturna<\/li>\n\n\n\n<li>Ricerca delle cause e chiarimento esteso dell\u2019ipertensione<\/li>\n\n\n\n<li>Chiarimenti e consigli specializzati per i disturbi da affaticamento (stanchezza cronica)<\/li>\n\n\n\n<li>Consulenza scientificamente valida sulle malattie trasmesse dalle zecche e sui sintomi della malattia di Lyme<\/li>\n<\/ul>\n<\/div><\/div>\n\n\n\n<div class=\"wp-block-esab-accordion-child\"><div class=\"esab__head\" role=\"button\" aria-expanded=\"false\"><div class=\"esab__heading_txt\"><p class=\"esab__heading_tag\">Visite di controllo \/ prevenzione per giovani e anziani<\/p><\/div><div class=\"esab__icon\"><div class=\"esab__collapse\"> <svg xmlns=\"http:\/\/www.w3.org\/2000\/svg\" width=\"24\" height=\"24\" fill=\"currentColor\" viewBox=\"0 0 16 16\"><path fill-rule=\"evenodd\" d=\"M1.646 4.646a.5.5 0 0 1 .708 0L8 10.293l5.646-5.647a.5.5 0 0 1 .708.708l-6 6a.5.5 0 0 1-.708 0l-6-6a.5.5 0 0 1 0-.708\"><\/path><\/svg> <\/div><div class=\"esab__expand\"> <svg xmlns=\"http:\/\/www.w3.org\/2000\/svg\" width=\"24\" height=\"24\" fill=\"currentColor\" viewBox=\"0 0 16 16\"><path fill-rule=\"evenodd\" d=\"M7.646 4.646a.5.5 0 0 1 .708 0l6 6a.5.5 0 0 1-.708.708L8 5.707l-5.646 5.647a.5.5 0 0 1-.708-.708z\"><\/path><\/svg> <\/div><\/div><\/div><div class=\"esab__body\">\n<p>I controlli medici regolari sono importanti per la prevenzione e la diagnosi precoce delle malattie \u2013 sia per gli anziani che per i giovani. Quali esami preventivi sono consigliati per voi e quanto spesso sono necessari dipende dalla vostra et\u00e0, dalla vostra storia medica e dagli eventi rilevanti dal punto di vista medico nella vostra famiglia. Saremo lieti di consigliarvi personalmente nelle nostre ore di consultazione.<\/p>\n<\/div><\/div>\n\n\n\n<div class=\"wp-block-esab-accordion-child\"><div class=\"esab__head\" role=\"button\" aria-expanded=\"false\"><div class=\"esab__heading_txt\"><p class=\"esab__heading_tag\">Ginecologia<\/p><\/div><div class=\"esab__icon\"><div class=\"esab__collapse\"> <svg xmlns=\"http:\/\/www.w3.org\/2000\/svg\" width=\"24\" height=\"24\" fill=\"currentColor\" viewBox=\"0 0 16 16\"><path fill-rule=\"evenodd\" d=\"M1.646 4.646a.5.5 0 0 1 .708 0L8 10.293l5.646-5.647a.5.5 0 0 1 .708.708l-6 6a.5.5 0 0 1-.708 0l-6-6a.5.5 0 0 1 0-.708\"><\/path><\/svg> <\/div><div class=\"esab__expand\"> <svg xmlns=\"http:\/\/www.w3.org\/2000\/svg\" width=\"24\" height=\"24\" fill=\"currentColor\" viewBox=\"0 0 16 16\"><path fill-rule=\"evenodd\" d=\"M7.646 4.646a.5.5 0 0 1 .708 0l6 6a.5.5 0 0 1-.708.708L8 5.707l-5.646 5.647a.5.5 0 0 1-.708-.708z\"><\/path><\/svg> <\/div><\/div><\/div><div class=\"esab__body\">\n<p><\/p>\n\n\n\n<div class=\"wp-block-columns is-layout-flex wp-container-core-columns-is-layout-28f84493 wp-block-columns-is-layout-flex\">\n<div class=\"wp-block-column is-layout-flow wp-block-column-is-layout-flow\" style=\"flex-basis:33.33%\">\n<figure class=\"wp-block-image size-full\"><img decoding=\"async\" width=\"1614\" height=\"294\" src=\"https:\/\/hausarztpraxis-worb.ch\/wp-content\/uploads\/2025\/07\/vonMuralt_Logo_Gyni.png\" alt=\"\" class=\"wp-image-237\" srcset=\"https:\/\/hausarztpraxis-worb.ch\/wp-content\/uploads\/2025\/07\/vonMuralt_Logo_Gyni.png 1614w, https:\/\/hausarztpraxis-worb.ch\/wp-content\/uploads\/2025\/07\/vonMuralt_Logo_Gyni-300x55.png 300w, https:\/\/hausarztpraxis-worb.ch\/wp-content\/uploads\/2025\/07\/vonMuralt_Logo_Gyni-1024x187.png 1024w, https:\/\/hausarztpraxis-worb.ch\/wp-content\/uploads\/2025\/07\/vonMuralt_Logo_Gyni-768x140.png 768w, https:\/\/hausarztpraxis-worb.ch\/wp-content\/uploads\/2025\/07\/vonMuralt_Logo_Gyni-1536x280.png 1536w\" sizes=\"(max-width: 1614px) 100vw, 1614px\" \/><\/figure>\n<\/div>\n\n\n\n<div class=\"wp-block-column is-layout-flow wp-block-column-is-layout-flow\" style=\"flex-basis:66.66%\">\n<ul class=\"wp-block-list\">\n<li>Visite mediche preventive ginecologiche<\/li>\n\n\n\n<li>Consigli sulle misure preventive<\/li>\n\n\n\n<li>Inserimento di barre contraccettive (impianto) e bobine<\/li>\n\n\n\n<li>Cura e assistenza per la gravidanza<br>Il parto ha luogo in generale presso la Clinica universitaria di ginecologia di Berna.<\/li>\n<\/ul>\n\n\n\n<div class=\"wp-block-buttons is-layout-flex wp-block-buttons-is-layout-flex\">\n<div class=\"wp-block-button\"><a class=\"wp-block-button__link wp-element-button\" href=\"https:\/\/hausarztpraxis-worb.ch\/it\/offerte\/ginecologia\/\">Per saperne di pi\u00f9<\/a><\/div>\n<\/div>\n<\/div>\n<\/div>\n<\/div><\/div>\n\n\n\n<div class=\"wp-block-esab-accordion-child\"><div class=\"esab__head\" role=\"button\" aria-expanded=\"false\"><div class=\"esab__heading_txt\"><p class=\"esab__heading_tag\">Sistema locomotore e medicina manuale<\/p><\/div><div class=\"esab__icon\"><div class=\"esab__collapse\"> <svg xmlns=\"http:\/\/www.w3.org\/2000\/svg\" width=\"24\" height=\"24\" fill=\"currentColor\" viewBox=\"0 0 16 16\"><path fill-rule=\"evenodd\" d=\"M1.646 4.646a.5.5 0 0 1 .708 0L8 10.293l5.646-5.647a.5.5 0 0 1 .708.708l-6 6a.5.5 0 0 1-.708 0l-6-6a.5.5 0 0 1 0-.708\"><\/path><\/svg> <\/div><div class=\"esab__expand\"> <svg xmlns=\"http:\/\/www.w3.org\/2000\/svg\" width=\"24\" height=\"24\" fill=\"currentColor\" viewBox=\"0 0 16 16\"><path fill-rule=\"evenodd\" d=\"M7.646 4.646a.5.5 0 0 1 .708 0l6 6a.5.5 0 0 1-.708.708L8 5.707l-5.646 5.647a.5.5 0 0 1-.708-.708z\"><\/path><\/svg> <\/div><\/div><\/div><div class=\"esab__body\">\n<ul class=\"wp-block-list\">\n<li>Ci occupiamo della cura delle malattie dell\u2019apparato locomotore, cio\u00e8 della colonna vertebrale, delle articolazioni e dei muscoli. Dove possibile, ci concentriamo sempre su trattamenti non chirurgici.<\/li>\n\n\n\n<li>In alcuni casi selezionati, la medicina manuale offre la possibilit\u00e0 di alleviare tali disturbi utilizzando tecniche speciali e movimenti delle mani. Sono in parte molto simili alla chiropratica, ma hanno un background medico convenzionale.<\/li>\n<\/ul>\n<\/div><\/div>\n\n\n\n<div class=\"wp-block-esab-accordion-child\"><div class=\"esab__head\" role=\"button\" aria-expanded=\"false\"><div class=\"esab__heading_txt\"><p class=\"esab__heading_tag\">Consulenza sull&#8217;obesit\u00e0 &#8211; Perdita di peso di successo<\/p><\/div><div class=\"esab__icon\"><div class=\"esab__collapse\"> <svg xmlns=\"http:\/\/www.w3.org\/2000\/svg\" width=\"24\" height=\"24\" fill=\"currentColor\" viewBox=\"0 0 16 16\"><path fill-rule=\"evenodd\" d=\"M1.646 4.646a.5.5 0 0 1 .708 0L8 10.293l5.646-5.647a.5.5 0 0 1 .708.708l-6 6a.5.5 0 0 1-.708 0l-6-6a.5.5 0 0 1 0-.708\"><\/path><\/svg> <\/div><div class=\"esab__expand\"> <svg xmlns=\"http:\/\/www.w3.org\/2000\/svg\" width=\"24\" height=\"24\" fill=\"currentColor\" viewBox=\"0 0 16 16\"><path fill-rule=\"evenodd\" d=\"M7.646 4.646a.5.5 0 0 1 .708 0l6 6a.5.5 0 0 1-.708.708L8 5.707l-5.646 5.647a.5.5 0 0 1-.708-.708z\"><\/path><\/svg> <\/div><\/div><\/div><div class=\"esab__body\">\n<p>Nel nostro studio offriamo un servizio di consulenza specialistica sull&#8217;obesit\u00e0 per accompagnare in modo professionale e personalizzato le persone in sovrappeso. Il nostro obiettivo \u00e8 quello di fornirvi un supporto completo nel vostro percorso verso una perdita di peso duratura. Siamo un centro interdisciplinare per l&#8217;obesit\u00e0 riconosciuto dalle casse malattia in questo settore. Grazie alla nostra consulenza nutrizionale, al nostro ambulatorio di chirurgia viscerale e alla stretta collaborazione con i centri interni di fisioterapia, bariatria e psicoterapia, siamo in grado di offrirvi un&#8217;assistenza completa per la perdita di peso.<\/p>\n\n\n\n<p>A seconda delle indicazioni mediche, la perdita di peso pu\u00f2 essere accompagnata da farmaci, ad esempio Wegovy e Mounjaro. Saremo lieti di consigliarvi sulle possibilit\u00e0 disponibili e di assistervi durante l&#8217;intera terapia.<\/p>\n\n\n\n<p>A integrazione della visita per l&#8217;obesit\u00e0, offriamo il programma dietetico Precon. Questo programma pu\u00f2 rappresentare un&#8217;utile integrazione all&#8217;assistenza medica. Naturalmente, nel nostro studio potrete trovare anche tutti i prodotti dietetici Precon.<\/p>\n\n\n\n<p>Inoltre, \u00e8 possibile determinare la composizione corporea mediante misurazioni BIA (analisi dell&#8217;impedenza bioelettrica). Ci\u00f2 comprende la massa extracellulare, la massa muscolare e cellulare degli organi, la percentuale di grasso e il contenuto di acqua.<\/p>\n\n\n\n<p>Il nostro team \u00e8 al vostro fianco con una consulenza approfondita e un&#8217;assistenza personalizzata, per una perdita di peso sana e duratura.<\/p>\n<\/div><\/div>\n\n\n\n<div class=\"wp-block-esab-accordion-child\"><div class=\"esab__head\" role=\"button\" aria-expanded=\"false\"><div class=\"esab__heading_txt\"><p class=\"esab__heading_tag\">Trattamenti laser<\/p><\/div><div class=\"esab__icon\"><div class=\"esab__collapse\"> <svg xmlns=\"http:\/\/www.w3.org\/2000\/svg\" width=\"24\" height=\"24\" fill=\"currentColor\" viewBox=\"0 0 16 16\"><path fill-rule=\"evenodd\" d=\"M1.646 4.646a.5.5 0 0 1 .708 0L8 10.293l5.646-5.647a.5.5 0 0 1 .708.708l-6 6a.5.5 0 0 1-.708 0l-6-6a.5.5 0 0 1 0-.708\"><\/path><\/svg> <\/div><div class=\"esab__expand\"> <svg xmlns=\"http:\/\/www.w3.org\/2000\/svg\" width=\"24\" height=\"24\" fill=\"currentColor\" viewBox=\"0 0 16 16\"><path fill-rule=\"evenodd\" d=\"M7.646 4.646a.5.5 0 0 1 .708 0l6 6a.5.5 0 0 1-.708.708L8 5.707l-5.646 5.647a.5.5 0 0 1-.708-.708z\"><\/path><\/svg> <\/div><\/div><\/div><div class=\"esab__body\">\n<p>Ora vi offriamo la moderna terapia laser CO\u2082 per il trattamento delicato ed efficace delle alterazioni cutanee. Questo metodo \u00e8 ideale per eliminare alterazioni e irregolarit\u00e0 cutanee benigne ma di rilevanza medica. Beneficiate di risultati precisi e di un tempo di guarigione rapido.<\/p>\n<\/div><\/div>\n\n\n\n<div class=\"wp-block-esab-accordion-child\"><div class=\"esab__head\" role=\"button\" aria-expanded=\"false\"><div class=\"esab__heading_txt\"><p class=\"esab__heading_tag\">Telemedicina &#8211; la vostra opzione flessibile per i consulti medici<\/p><\/div><div class=\"esab__icon\"><div class=\"esab__collapse\"> <svg xmlns=\"http:\/\/www.w3.org\/2000\/svg\" width=\"24\" height=\"24\" fill=\"currentColor\" viewBox=\"0 0 16 16\"><path fill-rule=\"evenodd\" d=\"M1.646 4.646a.5.5 0 0 1 .708 0L8 10.293l5.646-5.647a.5.5 0 0 1 .708.708l-6 6a.5.5 0 0 1-.708 0l-6-6a.5.5 0 0 1 0-.708\"><\/path><\/svg> <\/div><div class=\"esab__expand\"> <svg xmlns=\"http:\/\/www.w3.org\/2000\/svg\" width=\"24\" height=\"24\" fill=\"currentColor\" viewBox=\"0 0 16 16\"><path fill-rule=\"evenodd\" d=\"M7.646 4.646a.5.5 0 0 1 .708 0l6 6a.5.5 0 0 1-.708.708L8 5.707l-5.646 5.647a.5.5 0 0 1-.708-.708z\"><\/path><\/svg> <\/div><\/div><\/div><div class=\"esab__body\">\n<p>In alcune situazioni, un consulto telefonico con il medico pu\u00f2 essere pi\u00f9 comodo e conveniente di una visita personale presso lo studio. Per offrirvi un\u2019assistenza medica complementare e flessibile, offriamo diversi servizi di telemedicina.<\/p>\n\n\n\n<p><strong>I nostri servizi di telemedicina:<\/strong><\/p>\n\n\n\n<ul class=\"wp-block-list\">\n<li>Consultazioni telefoniche: Sono ideali per rispondere a brevi domande o discutere di semplici problemi medici. Durante la conversazione si pu\u00f2 decidere insieme se \u00e8 necessario un appuntamento presso lo studio. Il vantaggio delle consulenze telefoniche \u00e8 che si pu\u00f2 ottenere una consulenza medica in modo rapido e comodo da casa.<\/li>\n\n\n\n<li>Comunicazione via e-mail: se disponete di immagini, reperti o altri documenti rilevanti per il vostro quesito medico, potete semplicemente inviarceli via e-mail. In questo modo possiamo elaborare la vostra richiesta in modo preciso e senza tempi di attesa.<\/li>\n\n\n\n<li>Consultazioni video: Per un consulto ancora pi\u00f9 personalizzato, offriamo anche consulenze video tramite WhatsApp o Microsoft Teams. Sono particolarmente utili quando \u00e8 necessario un esame visivo ma non \u00e8 possibile recarsi in studio.<\/li>\n<\/ul>\n\n\n\n<p><strong>Note importanti:<\/strong><\/p>\n\n\n\n<ul class=\"wp-block-list\">\n<li>Per usufruire di un consulto telefonico o di un incontro via e-mail, \u00e8 necessario essere registrati come pazienti e conoscere la propria storia clinica.<\/li>\n\n\n\n<li>Di solito \u00e8 necessario un appuntamento iniziale presso lo studio prima di poter effettuare un trattamento telefonico o un\u2019altra forma di trattamento a distanza.<\/li>\n\n\n\n<li>Per motivi legali, nella maggior parte dei casi \u00e8 necessario un appuntamento di persona presso lo studio per il rilascio di certificati medici.<\/li>\n<\/ul>\n\n\n\n<p>I nostri servizi di telemedicina offrono una soluzione moderna e pratica per risolvere i vostri problemi di salute in modo rapido e semplice. Contattateci per saperne di pi\u00f9 sull\u2019opzione giusta per voi!!<\/p>\n<\/div><\/div>\n\n\n\n<div class=\"wp-block-esab-accordion-child\"><div class=\"esab__head\" role=\"button\" aria-expanded=\"false\"><div class=\"esab__heading_txt\"><p class=\"esab__heading_tag\">Ulteriori esami e trattamenti complementari<\/p><\/div><div class=\"esab__icon\"><div class=\"esab__collapse\"> <svg xmlns=\"http:\/\/www.w3.org\/2000\/svg\" width=\"24\" height=\"24\" fill=\"currentColor\" viewBox=\"0 0 16 16\"><path fill-rule=\"evenodd\" d=\"M1.646 4.646a.5.5 0 0 1 .708 0L8 10.293l5.646-5.647a.5.5 0 0 1 .708.708l-6 6a.5.5 0 0 1-.708 0l-6-6a.5.5 0 0 1 0-.708\"><\/path><\/svg> <\/div><div class=\"esab__expand\"> <svg xmlns=\"http:\/\/www.w3.org\/2000\/svg\" width=\"24\" height=\"24\" fill=\"currentColor\" viewBox=\"0 0 16 16\"><path fill-rule=\"evenodd\" d=\"M7.646 4.646a.5.5 0 0 1 .708 0l6 6a.5.5 0 0 1-.708.708L8 5.707l-5.646 5.647a.5.5 0 0 1-.708-.708z\"><\/path><\/svg> <\/div><\/div><\/div><div class=\"esab__body\">\n<p>Per ridurre al minimo le distanze, offriamo ampi chiarimenti e opzioni terapeutiche direttamente nel nostro studio. In questo modo, di solito, possiamo fare una diagnosi in tempi brevi e avviare i passi terapeutici adeguati.<\/p>\n\n\n\n<p><strong>Nel nostro studio effettuiamo i seguenti esami e trattamenti:<\/strong><\/p>\n\n\n\n<ul class=\"wp-block-list\">\n<li>Ampio laboratorio di pratica<\/li>\n\n\n\n<li>Raggi X digitali<\/li>\n\n\n\n<li>Elettrocardiogramma (ECG)<\/li>\n\n\n\n<li>ECG a lungo termine (in collaborazione con Viollier)<\/li>\n\n\n\n<li>Misurazioni della saturazione di ossigeno nel sangue (pulsossimetria e pulsossimetria a lungo termine)<\/li>\n\n\n\n<li>Poligrafia notturna (disturbi respiratori durante la notte)<\/li>\n\n\n\n<li>Misurazioni della pressione sanguigna 24 ore<\/li>\n\n\n\n<li>Diagnostica della funzione polmonare<\/li>\n\n\n\n<li>Misurazioni Ankle-Brachial-Index per determinare i disturbi circolatori nelle gambe- Terapia ad ultrasuoni per i disturbi muscolari e articolari<\/li>\n\n\n\n<li>Trattamento dei cambiamenti della pelle con azoto<\/li>\n\n\n\n<li>Audiometria (test dell\u2019udito) e test oculistico<\/li>\n\n\n\n<li>Test dell\u2019alito per individuare intolleranze alimentari (lattosio, fruttosio)<\/li>\n\n\n\n<li>Test allergici<\/li>\n\n\n\n<li>Esami ecografici point of care<\/li>\n<\/ul>\n<\/div><\/div>\n\n\n\n<div class=\"wp-block-esab-accordion-child\"><div class=\"esab__head\" role=\"button\" aria-expanded=\"false\"><div class=\"esab__heading_txt\"><p class=\"esab__heading_tag\">Orari speciali di consultazione attraverso partner indipendenti<\/p><\/div><div class=\"esab__icon\"><div class=\"esab__collapse\"> <svg xmlns=\"http:\/\/www.w3.org\/2000\/svg\" width=\"24\" height=\"24\" fill=\"currentColor\" viewBox=\"0 0 16 16\"><path fill-rule=\"evenodd\" d=\"M1.646 4.646a.5.5 0 0 1 .708 0L8 10.293l5.646-5.647a.5.5 0 0 1 .708.708l-6 6a.5.5 0 0 1-.708 0l-6-6a.5.5 0 0 1 0-.708\"><\/path><\/svg> <\/div><div class=\"esab__expand\"> <svg xmlns=\"http:\/\/www.w3.org\/2000\/svg\" width=\"24\" height=\"24\" fill=\"currentColor\" viewBox=\"0 0 16 16\"><path fill-rule=\"evenodd\" d=\"M7.646 4.646a.5.5 0 0 1 .708 0l6 6a.5.5 0 0 1-.708.708L8 5.707l-5.646 5.647a.5.5 0 0 1-.708-.708z\"><\/path><\/svg> <\/div><\/div><\/div><div class=\"esab__body\">\n<p>Per ottimizzare l\u2019assistenza medica nella regione di Worb, collaboriamo con partner specializzati affidabili che offrono ore di consulenza presso la nostra sede:<\/p>\n\n\n\n<ul class=\"wp-block-list\">\n<li>La dottoressa Jasna Rudez, specialista in ortopedia e medicina dello sport.<\/li>\n\n\n\n<li>Il dottor G\u00e9rald Leist, specialista in chirurgia, che lavora come medico curante presso gli ospedali di Burgdorf e Langnau.<\/li>\n\n\n\n<li>Signora Heidi Schaffer, nutrizionista FH<\/li>\n<\/ul>\n<\/div><\/div>\n\n\n\n<div class=\"wp-block-esab-accordion-child\"><div class=\"esab__head\" role=\"button\" aria-expanded=\"false\"><div class=\"esab__heading_txt\"><p class=\"esab__heading_tag\">Fisioterapia<\/p><\/div><div class=\"esab__icon\"><div class=\"esab__collapse\"> <svg xmlns=\"http:\/\/www.w3.org\/2000\/svg\" width=\"24\" height=\"24\" fill=\"currentColor\" viewBox=\"0 0 16 16\"><path fill-rule=\"evenodd\" d=\"M1.646 4.646a.5.5 0 0 1 .708 0L8 10.293l5.646-5.647a.5.5 0 0 1 .708.708l-6 6a.5.5 0 0 1-.708 0l-6-6a.5.5 0 0 1 0-.708\"><\/path><\/svg> <\/div><div class=\"esab__expand\"> <svg xmlns=\"http:\/\/www.w3.org\/2000\/svg\" width=\"24\" height=\"24\" fill=\"currentColor\" viewBox=\"0 0 16 16\"><path fill-rule=\"evenodd\" d=\"M7.646 4.646a.5.5 0 0 1 .708 0l6 6a.5.5 0 0 1-.708.708L8 5.707l-5.646 5.647a.5.5 0 0 1-.708-.708z\"><\/path><\/svg> <\/div><\/div><\/div><div class=\"esab__body\">\n<p><a href=\"https:\/\/www.physio5.ch\/de\/?oid=1&amp;lang=de\" target=\"_blank\" rel=\"noreferrer noopener\">Physio5<\/a> offre trattamenti fisioterapici individuali su misura per le esigenze dei nostri pazienti e di quelli esterni con disturbi ortopedici, traumatologici o reumatologici. Un ulteriore punto focale della fisioterapia \u00e8 la cura degli atleti agonisti e dilettanti dopo gli infortuni. Lo studio si trova al 2\u00b0 piano.<\/p>\n<\/div><\/div>\n<\/div><\/div>\n<\/div>\n","protected":false},"excerpt":{"rendered":"<p>Salute significa qualit\u00e0 di vita. Offriamo un\u2019assistenza medica completa e di alta qualit\u00e0 in tutte le situazioni e per tutta la famiglia. Un buon rapporto, aperto e confidenziale con i nostri pazienti \u00e8 molto importante per noi. La nostra competenza medica \u00e8 allo stato attuale e lavoriamo con le pi\u00f9 recenti linee guida. Se necessario, [&hellip;]<\/p>\n","protected":false},"author":3,"featured_media":530,"parent":0,"menu_order":23,"comment_status":"closed","ping_status":"closed","template":"","meta":{"_acf_changed":false,"inline_featured_image":false,"footnotes":""},"class_list":["post-1220","page","type-page","status-publish","has-post-thumbnail","hentry"],"acf":[],"_links":{"self":[{"href":"https:\/\/hausarztpraxis-worb.ch\/it\/wp-json\/wp\/v2\/pages\/1220","targetHints":{"allow":["GET"]}}],"collection":[{"href":"https:\/\/hausarztpraxis-worb.ch\/it\/wp-json\/wp\/v2\/pages"}],"about":[{"href":"https:\/\/hausarztpraxis-worb.ch\/it\/wp-json\/wp\/v2\/types\/page"}],"author":[{"embeddable":true,"href":"https:\/\/hausarztpraxis-worb.ch\/it\/wp-json\/wp\/v2\/users\/3"}],"replies":[{"embeddable":true,"href":"https:\/\/hausarztpraxis-worb.ch\/it\/wp-json\/wp\/v2\/comments?post=1220"}],"version-history":[{"count":6,"href":"https:\/\/hausarztpraxis-worb.ch\/it\/wp-json\/wp\/v2\/pages\/1220\/revisions"}],"predecessor-version":[{"id":1486,"href":"https:\/\/hausarztpraxis-worb.ch\/it\/wp-json\/wp\/v2\/pages\/1220\/revisions\/1486"}],"wp:featuredmedia":[{"embeddable":true,"href":"https:\/\/hausarztpraxis-worb.ch\/it\/wp-json\/wp\/v2\/media\/530"}],"wp:attachment":[{"href":"https:\/\/hausarztpraxis-worb.ch\/it\/wp-json\/wp\/v2\/media?parent=1220"}],"curies":[{"name":"wp","href":"https:\/\/api.w.org\/{rel}","templated":true}]}}