{"id":1219,"date":"2025-07-23T15:20:21","date_gmt":"2025-07-23T13:20:21","guid":{"rendered":"https:\/\/hausarztpraxis-worb.ch\/gynaekologie\/"},"modified":"2025-08-13T00:35:04","modified_gmt":"2025-08-12T22:35:04","slug":"ginecologia","status":"publish","type":"page","link":"https:\/\/hausarztpraxis-worb.ch\/it\/offerte\/ginecologia\/","title":{"rendered":"Medico per le donne \u2013 la vostra salute nelle migliori mani"},"content":{"rendered":"\n<div class=\"wp-block-group has-global-padding is-layout-constrained wp-block-group-is-layout-constrained\" style=\"padding-bottom:60px\">\n<blockquote class=\"wp-block-quote is-layout-flow wp-block-quote-is-layout-flow\">\n<p>Benvenuti nel nostro studio ginecologico di Worb, dove ci prendiamo cura della vostra salute con cuore e competenza. Il vostro benessere \u00e8 la nostra massima priorit\u00e0 e il nostro obiettivo \u00e8 quello di fornirvi un supporto personalizzato e olistico in ogni fase della vostra vita.<br>La nostra ampia gamma di esami e consulenze ambulatoriali \u00e8 pensata per soddisfare le vostre esigenze individuali con sensibilit\u00e0 e competenza.<\/p>\n<\/blockquote>\n\n\n\n<figure class=\"wp-block-image size-full is-resized\" style=\"margin-top:60px;margin-bottom:60px\"><img decoding=\"async\" width=\"1614\" height=\"294\" src=\"https:\/\/hausarztpraxis-worb.ch\/wp-content\/uploads\/2025\/07\/vonMuralt_Logo_Gyni.png\" alt=\"\" class=\"wp-image-237\" style=\"width:300px\" srcset=\"https:\/\/hausarztpraxis-worb.ch\/wp-content\/uploads\/2025\/07\/vonMuralt_Logo_Gyni.png 1614w, https:\/\/hausarztpraxis-worb.ch\/wp-content\/uploads\/2025\/07\/vonMuralt_Logo_Gyni-300x55.png 300w, https:\/\/hausarztpraxis-worb.ch\/wp-content\/uploads\/2025\/07\/vonMuralt_Logo_Gyni-1024x187.png 1024w, https:\/\/hausarztpraxis-worb.ch\/wp-content\/uploads\/2025\/07\/vonMuralt_Logo_Gyni-768x140.png 768w, https:\/\/hausarztpraxis-worb.ch\/wp-content\/uploads\/2025\/07\/vonMuralt_Logo_Gyni-1536x280.png 1536w\" sizes=\"(max-width: 1614px) 100vw, 1614px\" \/><\/figure>\n\n\n\n<div class=\"wp-block-columns is-layout-flex wp-container-core-columns-is-layout-28f84493 wp-block-columns-is-layout-flex\">\n<div class=\"wp-block-column is-layout-flow wp-block-column-is-layout-flow\">\n<h2 class=\"wp-block-heading\">Il vostro competente team di studio<\/h2>\n\n\n\n<ul class=\"wp-block-list\">\n<li>Nel nostro studio moderno, ben attrezzato e certificato, vi aspetta un team dedicato che si occupa del vostro benessere con esperienza e passione.<\/li>\n\n\n\n<li>In qualit\u00e0 di medico generico specializzato in cure ginecologiche, la dottoressa von Muralt vanta una lunga esperienza e una grande empatia per offrirvi la migliore assistenza possibile. \u00c8 coadiuvata da un team qualificato di assistenti di studio medico, sempre a disposizione per aiutarvi e consigliarvi.<\/li>\n\n\n\n<li>Potrete inoltre beneficiare dell\u2019assistenza medica interna specialistica fornita dal dottor Marc-Alain Portmann e dal suo team presso il nostro studio. Questa collaborazione interdisciplinare ci permette di offrirvi un concetto di cura completo da un\u2019unica fonte.<\/li>\n<\/ul>\n<\/div>\n\n\n\n<div class=\"wp-block-column is-layout-flow wp-block-column-is-layout-flow\">    <div class=\"swiper hausarztpraxis-slideshow\">\n        <div class=\"swiper-wrapper\">\n                            <div class=\"swiper-slide\">\n                    <img decoding=\"async\" src=\"https:\/\/hausarztpraxis-worb.ch\/wp-content\/uploads\/2025\/07\/Betreuung_Schwanger.jpg\" alt=\"\">\n                <\/div>\n                            <div class=\"swiper-slide\">\n                    <img decoding=\"async\" src=\"https:\/\/hausarztpraxis-worb.ch\/wp-content\/uploads\/2025\/07\/Behandlung_Frau.jpg\" alt=\"\">\n                <\/div>\n                            <div class=\"swiper-slide\">\n                    <img decoding=\"async\" src=\"https:\/\/hausarztpraxis-worb.ch\/wp-content\/uploads\/2025\/07\/Gyni.jpg\" alt=\"\">\n                <\/div>\n                            <div class=\"swiper-slide\">\n                    <img decoding=\"async\" src=\"https:\/\/hausarztpraxis-worb.ch\/wp-content\/uploads\/2025\/07\/Schwangerschaftsbetreuung.jpg\" alt=\"\">\n                <\/div>\n                    <\/div>\n        <!-- Add Pagination -->\n        <div class=\"swiper-pagination\"><\/div>\n    <\/div>\n    \n<\/div>\n<\/div>\n\n\n\n<h2 class=\"wp-block-heading\">La nostra gamma di servizi ginecologici gamma di servizi comprende<\/h2>\n\n\n\n<div class=\"wp-block-esab-accordion esab-6ldi8a1j\" data-mode=\"global\" data-close=\"true\"><div class=\"esab__container\">\n<div class=\"wp-block-esab-accordion-child\"><div class=\"esab__head\" role=\"button\" aria-expanded=\"false\"><div class=\"esab__heading_txt\"><p class=\"esab__heading_tag\">Visite ginecologiche e cure preventive<\/p><\/div><div class=\"esab__icon\"><div class=\"esab__collapse\"> <svg xmlns=\"http:\/\/www.w3.org\/2000\/svg\" width=\"24\" height=\"24\" fill=\"currentColor\" viewBox=\"0 0 16 16\"><path fill-rule=\"evenodd\" d=\"M1.646 4.646a.5.5 0 0 1 .708 0L8 10.293l5.646-5.647a.5.5 0 0 1 .708.708l-6 6a.5.5 0 0 1-.708 0l-6-6a.5.5 0 0 1 0-.708\"><\/path><\/svg> <\/div><div class=\"esab__expand\"> <svg xmlns=\"http:\/\/www.w3.org\/2000\/svg\" width=\"24\" height=\"24\" fill=\"currentColor\" viewBox=\"0 0 16 16\"><path fill-rule=\"evenodd\" d=\"M7.646 4.646a.5.5 0 0 1 .708 0l6 6a.5.5 0 0 1-.708.708L8 5.707l-5.646 5.647a.5.5 0 0 1-.708-.708z\"><\/path><\/svg> <\/div><\/div><\/div><div class=\"esab__body\">\n<p>Che si tratti di disturbi come perdite, dolori al basso ventre, disturbi del ciclo o del desiderio di sottoporsi regolarmente a uno striscio oncologico: ci prendiamo il tempo necessario per un\u2019attenta valutazione e una consulenza individuale. Le nostre misure preventive aiutano a preservare la salute a lungo termine.<\/p>\n<\/div><\/div>\n\n\n\n<div class=\"wp-block-esab-accordion-child\"><div class=\"esab__head\" role=\"button\" aria-expanded=\"false\"><div class=\"esab__heading_txt\"><p class=\"esab__heading_tag\">Consulenza contraccettiva<\/p><\/div><div class=\"esab__icon\"><div class=\"esab__collapse\"> <svg xmlns=\"http:\/\/www.w3.org\/2000\/svg\" width=\"24\" height=\"24\" fill=\"currentColor\" viewBox=\"0 0 16 16\"><path fill-rule=\"evenodd\" d=\"M1.646 4.646a.5.5 0 0 1 .708 0L8 10.293l5.646-5.647a.5.5 0 0 1 .708.708l-6 6a.5.5 0 0 1-.708 0l-6-6a.5.5 0 0 1 0-.708\"><\/path><\/svg> <\/div><div class=\"esab__expand\"> <svg xmlns=\"http:\/\/www.w3.org\/2000\/svg\" width=\"24\" height=\"24\" fill=\"currentColor\" viewBox=\"0 0 16 16\"><path fill-rule=\"evenodd\" d=\"M7.646 4.646a.5.5 0 0 1 .708 0l6 6a.5.5 0 0 1-.708.708L8 5.707l-5.646 5.647a.5.5 0 0 1-.708-.708z\"><\/path><\/svg> <\/div><\/div><\/div><div class=\"esab__body\">\n<p>Insieme troveremo il metodo contraccettivo pi\u00f9 adatto a voi. Teniamo conto dei vostri desideri personali, del vostro stile di vita e delle vostre condizioni di salute.<\/p>\n<\/div><\/div>\n\n\n\n<div class=\"wp-block-esab-accordion-child\"><div class=\"esab__head\" role=\"button\" aria-expanded=\"false\"><div class=\"esab__heading_txt\"><p class=\"esab__heading_tag\">Consulenza sulla menopausa<\/p><\/div><div class=\"esab__icon\"><div class=\"esab__collapse\"> <svg xmlns=\"http:\/\/www.w3.org\/2000\/svg\" width=\"24\" height=\"24\" fill=\"currentColor\" viewBox=\"0 0 16 16\"><path fill-rule=\"evenodd\" d=\"M1.646 4.646a.5.5 0 0 1 .708 0L8 10.293l5.646-5.647a.5.5 0 0 1 .708.708l-6 6a.5.5 0 0 1-.708 0l-6-6a.5.5 0 0 1 0-.708\"><\/path><\/svg> <\/div><div class=\"esab__expand\"> <svg xmlns=\"http:\/\/www.w3.org\/2000\/svg\" width=\"24\" height=\"24\" fill=\"currentColor\" viewBox=\"0 0 16 16\"><path fill-rule=\"evenodd\" d=\"M7.646 4.646a.5.5 0 0 1 .708 0l6 6a.5.5 0 0 1-.708.708L8 5.707l-5.646 5.647a.5.5 0 0 1-.708-.708z\"><\/path><\/svg> <\/div><\/div><\/div><div class=\"esab__body\">\n<p>La menopausa \u00e8 un momento di cambiamento, sia fisico che emotivo. Vi accompagniamo con sensibilit\u00e0 e competenza in questa fase, vi aiutiamo ad alleviare i sintomi e vi sosteniamo nel sentirvi bene.<\/p>\n<\/div><\/div>\n\n\n\n<div class=\"wp-block-esab-accordion-child\"><div class=\"esab__head\" role=\"button\" aria-expanded=\"false\"><div class=\"esab__heading_txt\"><p class=\"esab__heading_tag\">Consulenza e terapia olistica<\/p><\/div><div class=\"esab__icon\"><div class=\"esab__collapse\"> <svg xmlns=\"http:\/\/www.w3.org\/2000\/svg\" width=\"24\" height=\"24\" fill=\"currentColor\" viewBox=\"0 0 16 16\"><path fill-rule=\"evenodd\" d=\"M1.646 4.646a.5.5 0 0 1 .708 0L8 10.293l5.646-5.647a.5.5 0 0 1 .708.708l-6 6a.5.5 0 0 1-.708 0l-6-6a.5.5 0 0 1 0-.708\"><\/path><\/svg> <\/div><div class=\"esab__expand\"> <svg xmlns=\"http:\/\/www.w3.org\/2000\/svg\" width=\"24\" height=\"24\" fill=\"currentColor\" viewBox=\"0 0 16 16\"><path fill-rule=\"evenodd\" d=\"M7.646 4.646a.5.5 0 0 1 .708 0l6 6a.5.5 0 0 1-.708.708L8 5.707l-5.646 5.647a.5.5 0 0 1-.708-.708z\"><\/path><\/svg> <\/div><\/div><\/div><div class=\"esab__body\">\n<p>La salute non \u00e8 solo assenza di malattia. Vi offriamo un supporto olistico e trattiamo tutti i problemi ginecologici e interni secondo i pi\u00f9 alti standard medici.<\/p>\n<\/div><\/div>\n\n\n\n<div class=\"wp-block-esab-accordion-child\"><div class=\"esab__head\" role=\"button\" aria-expanded=\"false\"><div class=\"esab__heading_txt\"><p class=\"esab__heading_tag\">Analisi di laboratorio direttamente in loco<\/p><\/div><div class=\"esab__icon\"><div class=\"esab__collapse\"> <svg xmlns=\"http:\/\/www.w3.org\/2000\/svg\" width=\"24\" height=\"24\" fill=\"currentColor\" viewBox=\"0 0 16 16\"><path fill-rule=\"evenodd\" d=\"M1.646 4.646a.5.5 0 0 1 .708 0L8 10.293l5.646-5.647a.5.5 0 0 1 .708.708l-6 6a.5.5 0 0 1-.708 0l-6-6a.5.5 0 0 1 0-.708\"><\/path><\/svg> <\/div><div class=\"esab__expand\"> <svg xmlns=\"http:\/\/www.w3.org\/2000\/svg\" width=\"24\" height=\"24\" fill=\"currentColor\" viewBox=\"0 0 16 16\"><path fill-rule=\"evenodd\" d=\"M7.646 4.646a.5.5 0 0 1 .708 0l6 6a.5.5 0 0 1-.708.708L8 5.707l-5.646 5.647a.5.5 0 0 1-.708-.708z\"><\/path><\/svg> <\/div><\/div><\/div><div class=\"esab__body\">\n<p>La diagnosi tempestiva \u00e8 importante per noi. Per questo motivo possiamo far eseguire le analisi di laboratorio necessarie direttamente presso il nostro studio. Ci\u00f2 consente di ottenere risultati rapidi e di fare chiarezza in tempi brevi.<\/p>\n<\/div><\/div>\n\n\n\n<div class=\"wp-block-esab-accordion-child\"><div class=\"esab__head\" role=\"button\" aria-expanded=\"false\"><div class=\"esab__heading_txt\"><p class=\"esab__heading_tag\">Terapia per la carenza di ferro e l&#8217;anemia<\/p><\/div><div class=\"esab__icon\"><div class=\"esab__collapse\"> <svg xmlns=\"http:\/\/www.w3.org\/2000\/svg\" width=\"24\" height=\"24\" fill=\"currentColor\" viewBox=\"0 0 16 16\"><path fill-rule=\"evenodd\" d=\"M1.646 4.646a.5.5 0 0 1 .708 0L8 10.293l5.646-5.647a.5.5 0 0 1 .708.708l-6 6a.5.5 0 0 1-.708 0l-6-6a.5.5 0 0 1 0-.708\"><\/path><\/svg> <\/div><div class=\"esab__expand\"> <svg xmlns=\"http:\/\/www.w3.org\/2000\/svg\" width=\"24\" height=\"24\" fill=\"currentColor\" viewBox=\"0 0 16 16\"><path fill-rule=\"evenodd\" d=\"M7.646 4.646a.5.5 0 0 1 .708 0l6 6a.5.5 0 0 1-.708.708L8 5.707l-5.646 5.647a.5.5 0 0 1-.708-.708z\"><\/path><\/svg> <\/div><\/div><\/div><div class=\"esab__body\">\n<p>Esaurimento, stanchezza o problemi di concentrazione? La carenza di ferro \u00e8 una causa comune che possiamo trattare in modo specifico. Vi offriamo infusioni di ferro personalizzate in modo che possiate tornare alla vostra vita quotidiana pieni di energia.<\/p>\n<\/div><\/div>\n\n\n\n<div class=\"wp-block-esab-accordion-child\"><div class=\"esab__head\" role=\"button\" aria-expanded=\"false\"><div class=\"esab__heading_txt\"><p class=\"esab__heading_tag\">Trattamento delle infezioni<\/p><\/div><div class=\"esab__icon\"><div class=\"esab__collapse\"> <svg xmlns=\"http:\/\/www.w3.org\/2000\/svg\" width=\"24\" height=\"24\" fill=\"currentColor\" viewBox=\"0 0 16 16\"><path fill-rule=\"evenodd\" d=\"M1.646 4.646a.5.5 0 0 1 .708 0L8 10.293l5.646-5.647a.5.5 0 0 1 .708.708l-6 6a.5.5 0 0 1-.708 0l-6-6a.5.5 0 0 1 0-.708\"><\/path><\/svg> <\/div><div class=\"esab__expand\"> <svg xmlns=\"http:\/\/www.w3.org\/2000\/svg\" width=\"24\" height=\"24\" fill=\"currentColor\" viewBox=\"0 0 16 16\"><path fill-rule=\"evenodd\" d=\"M7.646 4.646a.5.5 0 0 1 .708 0l6 6a.5.5 0 0 1-.708.708L8 5.707l-5.646 5.647a.5.5 0 0 1-.708-.708z\"><\/path><\/svg> <\/div><\/div><\/div><div class=\"esab__body\">\n<p>Le infezioni possono essere stressanti, ma noi offriamo un trattamento rapido ed efficace. La nostra diagnostica e il nostro trattamento vi aiuteranno a sentirvi di nuovo bene in tempi brevi.<\/p>\n<\/div><\/div>\n\n\n\n<div class=\"wp-block-esab-accordion-child\"><div class=\"esab__head\" role=\"button\" aria-expanded=\"false\"><div class=\"esab__heading_txt\"><p class=\"esab__heading_tag\">Assistenza empatica in gravidanza<\/p><\/div><div class=\"esab__icon\"><div class=\"esab__collapse\"> <svg xmlns=\"http:\/\/www.w3.org\/2000\/svg\" width=\"24\" height=\"24\" fill=\"currentColor\" viewBox=\"0 0 16 16\"><path fill-rule=\"evenodd\" d=\"M1.646 4.646a.5.5 0 0 1 .708 0L8 10.293l5.646-5.647a.5.5 0 0 1 .708.708l-6 6a.5.5 0 0 1-.708 0l-6-6a.5.5 0 0 1 0-.708\"><\/path><\/svg> <\/div><div class=\"esab__expand\"> <svg xmlns=\"http:\/\/www.w3.org\/2000\/svg\" width=\"24\" height=\"24\" fill=\"currentColor\" viewBox=\"0 0 16 16\"><path fill-rule=\"evenodd\" d=\"M7.646 4.646a.5.5 0 0 1 .708 0l6 6a.5.5 0 0 1-.708.708L8 5.707l-5.646 5.647a.5.5 0 0 1-.708-.708z\"><\/path><\/svg> <\/div><\/div><\/div><div class=\"esab__body\">\n<p>La vostra gravidanza \u00e8 un viaggio speciale e noi siamo con voi fin dall\u2019inizio. Dai primi controlli al parto, siamo al vostro fianco. Gli esami ecografici e il parto si svolgono presso la Clinica femminile di Berna, dove lavoriamo a stretto contatto con voi e con gli specialisti.<\/p>\n<\/div><\/div>\n<\/div><\/div>\n\n\n\n<h2 class=\"wp-block-heading\" style=\"margin-top:60px\">Siamo al vostro fianco \u2013 in ogni fase della vita<\/h2>\n\n\n\n<p>La vostra salute e il vostro benessere sono la nostra motivazione. Contattateci per fissare un appuntamento \u2013 saremo lieti di accogliervi nel nostro studio di Worb!<\/p>\n<\/div>\n","protected":false},"excerpt":{"rendered":"<p>Benvenuti nel nostro studio ginecologico di Worb, dove ci prendiamo cura della vostra salute con cuore e competenza. Il vostro benessere \u00e8 la nostra massima priorit\u00e0 e il nostro obiettivo \u00e8 quello di fornirvi un supporto personalizzato e olistico in ogni fase della vostra vita.La nostra ampia gamma di esami e consulenze ambulatoriali \u00e8 pensata [&hellip;]<\/p>\n","protected":false},"author":3,"featured_media":542,"parent":1220,"menu_order":26,"comment_status":"closed","ping_status":"closed","template":"","meta":{"_acf_changed":false,"inline_featured_image":false,"footnotes":""},"class_list":["post-1219","page","type-page","status-publish","has-post-thumbnail","hentry"],"acf":[],"_links":{"self":[{"href":"https:\/\/hausarztpraxis-worb.ch\/it\/wp-json\/wp\/v2\/pages\/1219","targetHints":{"allow":["GET"]}}],"collection":[{"href":"https:\/\/hausarztpraxis-worb.ch\/it\/wp-json\/wp\/v2\/pages"}],"about":[{"href":"https:\/\/hausarztpraxis-worb.ch\/it\/wp-json\/wp\/v2\/types\/page"}],"author":[{"embeddable":true,"href":"https:\/\/hausarztpraxis-worb.ch\/it\/wp-json\/wp\/v2\/users\/3"}],"replies":[{"embeddable":true,"href":"https:\/\/hausarztpraxis-worb.ch\/it\/wp-json\/wp\/v2\/comments?post=1219"}],"version-history":[{"count":1,"href":"https:\/\/hausarztpraxis-worb.ch\/it\/wp-json\/wp\/v2\/pages\/1219\/revisions"}],"predecessor-version":[{"id":1223,"href":"https:\/\/hausarztpraxis-worb.ch\/it\/wp-json\/wp\/v2\/pages\/1219\/revisions\/1223"}],"up":[{"embeddable":true,"href":"https:\/\/hausarztpraxis-worb.ch\/it\/wp-json\/wp\/v2\/pages\/1220"}],"wp:featuredmedia":[{"embeddable":true,"href":"https:\/\/hausarztpraxis-worb.ch\/it\/wp-json\/wp\/v2\/media\/542"}],"wp:attachment":[{"href":"https:\/\/hausarztpraxis-worb.ch\/it\/wp-json\/wp\/v2\/media?parent=1219"}],"curies":[{"name":"wp","href":"https:\/\/api.w.org\/{rel}","templated":true}]}}