{"id":1198,"date":"2025-07-22T22:59:55","date_gmt":"2025-07-22T20:59:55","guid":{"rendered":"https:\/\/hausarztpraxis-worb.ch\/home\/"},"modified":"2025-08-13T03:22:04","modified_gmt":"2025-08-13T01:22:04","slug":"home","status":"publish","type":"page","link":"https:\/\/hausarztpraxis-worb.ch\/it\/","title":{"rendered":"Casa"},"content":{"rendered":"\n<div class=\"wp-block-group has-global-padding is-layout-constrained wp-block-group-is-layout-constrained\" style=\"margin-bottom:30px\">\n<div class=\"wp-block-columns is-layout-flex wp-container-core-columns-is-layout-4236b724 wp-block-columns-is-layout-flex\" style=\"margin-bottom:30px\">\n<div class=\"wp-block-column has-white-color has-custom-light-blue-background-color has-text-color has-background has-link-color wp-elements-6b49fe9be05c3177ae39c7fc1ceaa86f is-layout-flow wp-block-column-is-layout-flow\" style=\"border-radius:35px;padding-top:40px;padding-right:60px;padding-bottom:40px;padding-left:60px\">\n<div class=\"wp-block-group is-vertical is-content-justification-stretch is-layout-flex wp-container-core-group-is-layout-be236df2 wp-block-group-is-layout-flex\">\n<div class=\"wp-block-group is-layout-flow wp-block-group-is-layout-flow\" style=\"margin-bottom:20px\">\n<figure class=\"wp-block-image aligncenter size-large is-resized\"><img decoding=\"async\" width=\"800\" height=\"800\" src=\"https:\/\/hausarztpraxis-worb.ch\/wp-content\/uploads\/2025\/07\/clock-icon.svg\" alt=\"\" class=\"wp-image-145\" style=\"width:60px\"\/><\/figure>\n<\/div>\n\n\n\n<h3 class=\"wp-block-heading has-text-align-left has-white-color has-text-color has-link-color wp-elements-3a01ade326966777da69c3983ba25341\" style=\"margin-bottom:20px\">Orari di apertura<\/h3>\n\n\n\n<div class=\"wp-block-group is-content-justification-space-between is-nowrap is-layout-flex wp-container-core-group-is-layout-cb46ffcb wp-block-group-is-layout-flex\">\n<p>Luned\u00ec<\/p>\n\n\n\n<p>08.00 &#8211; 18.00<\/p>\n<\/div>\n\n\n\n<div class=\"wp-block-group is-content-justification-space-between is-nowrap is-layout-flex wp-container-core-group-is-layout-cb46ffcb wp-block-group-is-layout-flex\">\n<p>Marted\u00ec<\/p>\n\n\n\n<p>08.00 &#8211; 20.00<\/p>\n<\/div>\n\n\n\n<div class=\"wp-block-group is-content-justification-space-between is-nowrap is-layout-flex wp-container-core-group-is-layout-cb46ffcb wp-block-group-is-layout-flex\">\n<p>Mercoled\u00ec<\/p>\n\n\n\n<p>08.00 &#8211; 17.00<\/p>\n<\/div>\n\n\n\n<div class=\"wp-block-group is-content-justification-space-between is-nowrap is-layout-flex wp-container-core-group-is-layout-cb46ffcb wp-block-group-is-layout-flex\">\n<p>Gioved\u00ec<\/p>\n\n\n\n<p>08.00 &#8211; 19.00<\/p>\n<\/div>\n\n\n\n<div class=\"wp-block-group is-content-justification-space-between is-nowrap is-layout-flex wp-container-core-group-is-layout-cb46ffcb wp-block-group-is-layout-flex\">\n<p>Venerd\u00ec<\/p>\n\n\n\n<p>08.00 &#8211; 27.00<\/p>\n<\/div>\n<\/div>\n<\/div>\n\n\n\n<div class=\"wp-block-column has-white-color has-custom-light-blue-background-color has-text-color has-background has-link-color wp-elements-975a37a6e4da9963e6f2472abbc52dc8 is-layout-flow wp-block-column-is-layout-flow\" style=\"border-radius:35px;padding-top:40px;padding-right:60px;padding-bottom:40px;padding-left:60px\">\n<div class=\"wp-block-group is-vertical is-content-justification-stretch is-layout-flex wp-container-core-group-is-layout-be236df2 wp-block-group-is-layout-flex\">\n<div class=\"wp-block-group is-layout-flow wp-block-group-is-layout-flow\" style=\"margin-bottom:20px\">\n<figure class=\"wp-block-image aligncenter size-large is-resized\"><img decoding=\"async\" width=\"800\" height=\"800\" src=\"https:\/\/hausarztpraxis-worb.ch\/wp-content\/uploads\/2025\/07\/calendar-icon.svg\" alt=\"\" class=\"wp-image-146\" style=\"width:50px\"\/><\/figure>\n<\/div>\n\n\n\n<h3 class=\"wp-block-heading has-text-align-left has-white-color has-text-color has-link-color wp-elements-d452a383cfda0cd9b828642147ccd236\" style=\"margin-bottom:20px\">Prendere un appuntamento<\/h3>\n\n\n\n<div class=\"wp-block-group is-vertical is-layout-flex wp-container-core-group-is-layout-fe9cc265 wp-block-group-is-layout-flex\">\n<p>Gli appuntamenti possono essere presi per telefono, e-mail o compilando il modulo.<\/p>\n\n\n\n<p>031 839 25 03<br\/><a href=\"mailto:hausarztpraxis-worb@hin.ch\">hausarztpraxis-worb@hin.ch<\/a><br\/><a href=\"https:\/\/hausarztpraxis-worb.ch\/it\/appuntamento\/\" data-type=\"page\" data-id=\"263\">&gt; Prenota un appuntamento online<\/a><\/p>\n<\/div>\n<\/div>\n<\/div>\n\n\n\n<div class=\"wp-block-column has-white-color has-custom-light-blue-background-color has-text-color has-background has-link-color wp-elements-19298654d7b8300e5d3337f672b1d4e9 is-layout-flow wp-block-column-is-layout-flow\" style=\"border-radius:35px;padding-top:40px;padding-right:60px;padding-bottom:40px;padding-left:60px\">\n<div class=\"wp-block-group is-vertical is-content-justification-stretch is-layout-flex wp-container-core-group-is-layout-be236df2 wp-block-group-is-layout-flex\">\n<div class=\"wp-block-group is-layout-flow wp-block-group-is-layout-flow\" style=\"margin-bottom:20px\">\n<figure class=\"wp-block-image aligncenter size-large is-resized\"><img decoding=\"async\" width=\"800\" height=\"800\" src=\"https:\/\/hausarztpraxis-worb.ch\/wp-content\/uploads\/2025\/07\/building-icon.svg\" alt=\"\" class=\"wp-image-147\" style=\"width:60px\"\/><\/figure>\n<\/div>\n\n\n\n<h3 class=\"wp-block-heading has-text-align-left has-white-color has-text-color has-link-color wp-elements-ad47be0f89129c59a3ef6862dccad7e7\" style=\"margin-bottom:20px\">Indirizzo<\/h3>\n\n\n\n<div class=\"wp-block-group is-vertical is-layout-flex wp-container-core-group-is-layout-fe9cc265 wp-block-group-is-layout-flex\">\n<p>Richigenstrasse 4<br\/>3076 Worb<\/p>\n\n\n\n<p><a href=\"https:\/\/hausarztpraxis-worb.ch\/it\/contatto\/\" data-type=\"page\" data-id=\"359\">&gt;  alla mappa<\/a><\/p>\n<\/div>\n<\/div>\n<\/div>\n<\/div>\n\n\n\n<div style=\"height:50px\" aria-hidden=\"true\" class=\"wp-block-spacer\"><\/div>\n\n\n\n<h1 class=\"wp-block-heading\">Benvenuti nel nostro sito web<\/h1>\n\n\n\n<blockquote class=\"wp-block-quote is-layout-flow wp-block-quote-is-layout-flow\">\n<p>Il nostro team competente e impegnato vi d\u00e0 un caloroso benvenuto nel nostro amichevole studio medico di famiglia e di emergenza.<\/p>\n<\/blockquote>\n\n\n\n<p>Offriamo un\u2019assistenza medica completa per tutta la famiglia e siamo lieti di essere il vostro contatto per tutte le preoccupazioni riguardanti la vostra salute e ci consideriamo un compagno attivo in tutte le fasi della vita segnate dalla malattia. Siamo disponibili anche in situazioni di emergenza e le nostre ampie possibilit\u00e0 di chiarimento ci consentono di avviare immediatamente le misure di trattamento adeguate.<\/p>\n\n\n\n<p>La nostra offerta comprende anche in particolare l\u2019assistenza ginecologica ambulatoriale.<\/p>\n\n\n\n<p>Non vediamo l&#8217;ora di conoscerti!<\/p>\n<\/div>\n\n<div class=\"wp-block-group alignfull has-cyan-bluish-gray-background-color has-background has-global-padding is-layout-constrained wp-block-group-is-layout-constrained\" style=\"padding-top:30px;padding-bottom:45px\">\n<h1 class=\"wp-block-heading\">Novit\u00e0<\/h1>\n\n\n\n<p>Leggi le ultime notizie sul nostro studio medico in tedesco qui<\/p>\n\n\n\n<div class=\"wp-block-buttons is-layout-flex wp-block-buttons-is-layout-flex\">\n<div class=\"wp-block-button\"><a class=\"wp-block-button__link wp-element-button\" href=\"https:\/\/hausarztpraxis-worb.ch\/it\/novita\/\">per saperne di pi\u00f9<\/a><\/div>\n<\/div>\n<\/div>\n","protected":false},"excerpt":{"rendered":"<p>Orari di apertura Luned\u00ec 08.00 &#8211; 18.00 Marted\u00ec 08.00 &#8211; 20.00 Mercoled\u00ec 08.00 &#8211; 17.00 Gioved\u00ec 08.00 &#8211; 19.00 Venerd\u00ec 08.00 &#8211; 27.00 Prendere un appuntamento Gli appuntamenti possono essere presi per telefono, e-mail o compilando il modulo. 031 839 25 03hausarztpraxis-worb@hin.ch&gt; Prenota un appuntamento online Indirizzo Richigenstrasse 43076 Worb &gt; alla mappa Benvenuti nel [&hellip;]<\/p>\n","protected":false},"author":3,"featured_media":0,"parent":0,"menu_order":38,"comment_status":"closed","ping_status":"open","template":"","meta":{"_acf_changed":false,"inline_featured_image":false,"footnotes":""},"class_list":["post-1198","page","type-page","status-publish","hentry"],"acf":[],"_links":{"self":[{"href":"https:\/\/hausarztpraxis-worb.ch\/it\/wp-json\/wp\/v2\/pages\/1198","targetHints":{"allow":["GET"]}}],"collection":[{"href":"https:\/\/hausarztpraxis-worb.ch\/it\/wp-json\/wp\/v2\/pages"}],"about":[{"href":"https:\/\/hausarztpraxis-worb.ch\/it\/wp-json\/wp\/v2\/types\/page"}],"author":[{"embeddable":true,"href":"https:\/\/hausarztpraxis-worb.ch\/it\/wp-json\/wp\/v2\/users\/3"}],"replies":[{"embeddable":true,"href":"https:\/\/hausarztpraxis-worb.ch\/it\/wp-json\/wp\/v2\/comments?post=1198"}],"version-history":[{"count":4,"href":"https:\/\/hausarztpraxis-worb.ch\/it\/wp-json\/wp\/v2\/pages\/1198\/revisions"}],"predecessor-version":[{"id":1218,"href":"https:\/\/hausarztpraxis-worb.ch\/it\/wp-json\/wp\/v2\/pages\/1198\/revisions\/1218"}],"wp:attachment":[{"href":"https:\/\/hausarztpraxis-worb.ch\/it\/wp-json\/wp\/v2\/media?parent=1198"}],"curies":[{"name":"wp","href":"https:\/\/api.w.org\/{rel}","templated":true}]}}