{"id":1045,"date":"2025-07-22T22:59:55","date_gmt":"2025-07-22T20:59:55","guid":{"rendered":"https:\/\/hausarztpraxis-worb.ch\/datenschutzerklaerung\/"},"modified":"2025-08-13T00:06:59","modified_gmt":"2025-08-12T22:06:59","slug":"protezione-dei-dati","status":"publish","type":"page","link":"https:\/\/hausarztpraxis-worb.ch\/it\/protezione-dei-dati\/","title":{"rendered":"Protezione dei dati"},"content":{"rendered":"\n<div class=\"wp-block-group has-global-padding is-layout-constrained wp-block-group-is-layout-constrained\" style=\"padding-bottom:60px\">\n<blockquote class=\"wp-block-quote is-layout-flow wp-block-quote-is-layout-flow\">\n<p>Questa dichiarazione sulla protezione dei dati spiega come la Hausarztpraxis Worb raccoglie ed elabora i dati personali. Questa descrizione non \u00e8 esaustiva e pu\u00f2 essere esplicitamente integrata o modificata in singoli casi da altre dichiarazioni pi\u00f9 specifiche sulla protezione dei dati.<\/p>\n<\/blockquote>\n\n\n\n<p><strong>Informazioni generali<br><\/strong>In conformit\u00e0 alle disposizioni sulla protezione dei dati della legge sulla protezione dei dati (DSG), ogni persona ha diritto alla tutela della propria sfera privata e alla protezione contro l\u2019uso improprio dei propri dati personali.<\/p>\n\n\n\n<p>Prendiamo molto seriamente la protezione dei vostri dati personali. Trattiamo i vostri dati personali in modo confidenziale e in conformit\u00e0 alle disposizioni di legge sulla protezione dei dati e alla presente dichiarazione sulla protezione dei dati.<\/p>\n\n\n\n<p>In collaborazione con i nostri hosting provider, facciamo ogni sforzo per proteggere le banche dati nel miglior modo possibile da accessi non autorizzati, perdita, uso improprio o falsificazione.<\/p>\n\n\n\n<p>Desideriamo sottolineare che la trasmissione di dati su Internet (ad es. la comunicazione via e-mail) pu\u00f2 presentare lacune di sicurezza. Una protezione completa dei dati contro l\u2019accesso da parte di terzi non \u00e8 possibile.<\/p>\n\n\n\n<p>Utilizzando il presente sito web, l\u2019utente acconsente alla raccolta, all\u2019elaborazione e all\u2019utilizzo dei dati secondo la seguente descrizione. Questo sito web pu\u00f2 essere visitato senza registrazione.<\/p>\n\n\n\n<p><strong>Responsabile<br><\/strong>La Hausarztpraxis Worb \u00e8 esso stesso responsabile dei dati personali da noi trattati. Se avete domande, contattateci per telefono al numero 031 839 25 03 o per e-mail&nbsp;<a href=\"mailto:hausarztpraxis-worb@hin.ch\">hausarztpraxis-worb@hin.ch<\/a><\/p>\n\n\n\n<p><strong>Raccolta ed elaborazione dei dati personali<br><\/strong>Per dati personali si intendono tutte le informazioni relative a una persona identificata o identificabile. Raccogliamo ed elaboriamo i dati personali in conformit\u00e0 alle leggi vigenti, in particolare alla legge svizzera sulla protezione dei dati (DSG). Oltre alla DSGG, la presente dichiarazione sulla protezione dei dati tiene conto anche del regolamento di base dell\u2019UE sulla protezione dei dati (DSGVO) e si basa su questo standard in termini di contenuto.<\/p>\n\n\n\n<p>Non raccogliamo alcun dato personale quando visitate questo sito web. I dati personali vengono raccolti solo se ce li fornite voi stessi tramite il nostro modulo di contatto. I dati, come le pagine richiamate, i nomi dei file richiamati, la data e l\u2019ora, vengono memorizzati sul server a fini statistici senza che questi dati siano direttamente collegati alla vostra persona.<\/p>\n\n\n\n<p>I dati personali, in particolare il nome, l\u2019indirizzo o l\u2019indirizzo e-mail vengono raccolti, per quanto possibile, su base volontaria. I dati non saranno trasmessi a terzi senza il vostro consenso. Questi dati vengono utilizzati esclusivamente per rispondere alla vostra richiesta e vengono poi cancellati o resi anonimi per quanto possibile.<\/p>\n\n\n\n<p>Partiamo dal presupposto che i dati personali che riceviamo da voi siano corretti e aggiornati. Se ci fornite i dati personali di altre persone (ad es. familiari o dipendenti), presupponiamo che siate autorizzati a farlo.<\/p>\n\n\n\n<p><strong>Scopo del trattamento dei dati<br><\/strong>I dati personali servono innanzitutto ad adempiere ai nostri obblighi contrattuali con voi. Se ci avete dato il vostro consenso al trattamento dei vostri dati personali per scopi specifici, tratteremo i vostri dati personali nell\u2019ambito di questo consenso, a meno che non abbiamo un\u2019altra base legale. Potete revocare il vostro consenso in qualsiasi momento, ma senza alcun effetto sul trattamento dei dati che ha gi\u00e0 avuto luogo.<\/p>\n\n\n\n<p><strong>Cookies<br><\/strong>Utilizziamo cookie permanenti sul nostro sito web in modo da poter capire meglio come utilizzate le nostre offerte e i nostri contenuti. Un cookie \u00e8 un file di testo che viene memorizzato sul vostro computer e che consente un\u2019analisi del vostro utilizzo del sito web. Mentre i cookie di sessione vengono utilizzati solo durante una sessione e vengono cancellati dopo la visita al sito web, i cookie permanenti possono essere utilizzati per memorizzare le impostazioni dell\u2019utente e altre informazioni per un periodo di tempo pi\u00f9 lungo. Potete tuttavia impostare il vostro browser in modo che non accetti i cookie, li salvi solo per una sessione o li cancelli prematuramente. Se si bloccano i cookie, \u00e8 possibile che alcune funzioni non funzionino pi\u00f9.<\/p>\n\n\n\n<p><strong>Google Analytics<br><\/strong>Questo sito web utilizza Google Analytics, un servizio di analisi web fornito da Google Inc, 1600 Amphitheatre Parkway, Mountain View, CA 94043, USA. Google Analytics utilizza i \u201ccookies\u201d per valutare l\u2019utilizzo del sito web per conto del gestore, per compilare report sulle attivit\u00e0 del sito web e per fornire ulteriori servizi al gestore del sito web in relazione all\u2019utilizzo del sito web e di internet. L\u2019indirizzo IP trasmesso dal vostro browser nell\u2019ambito di Google Analytics non viene unito ad altri dati di Google. Potete impedire la memorizzazione dei cookie o cancellarli di nuovo effettuando l\u2019impostazione appropriata nel vostro browser.<\/p>\n\n\n\n<p><strong>Google Maps<br><\/strong>Questo sito web utilizza Google Maps API per visualizzare informazioni geografiche. Con l\u2019utilizzo di Google Maps, Google raccoglie, elabora e utilizza anche dati sull\u2019utilizzo delle funzioni cartografiche da parte dei visitatori. Ulteriori informazioni sull\u2019elaborazione dei dati da parte di Google si trovano nelle informazioni sulla protezione dei dati di Google. L\u00ec potete anche modificare le vostre impostazioni di protezione dei dati personali nel centro di protezione dei dati.<\/p>\n\n\n\n<p><strong>Google Web Fonts<br><\/strong>Questo sito web utilizza i cosiddetti web font, forniti da Google, per la visualizzazione uniforme dei font. Quando richiamate una pagina, il vostro browser carica i font web necessari nella sua cache per visualizzare correttamente i testi e i font. Se il vostro browser non supporta i font web, verr\u00e0 utilizzato un font standard del vostro computer.<\/p>\n\n\n\n<p>Per ulteriori informazioni su Google Web Fonts, vedere quanto segue:<br>https:\/\/developers.google.com\/fonts\/faq e nell\u2019Informativa sulla privacy di Google: https:\/\/www.google.com\/policies\/privacy\/<\/p>\n\n\n\n<p><strong>Trasferimento dati<br><\/strong>Comunichiamo i dati a terzi nell\u2019ambito delle nostre attivit\u00e0 commerciali, a condizione che ci\u00f2 sia necessario e ragionevole per il raggiungimento dello scopo secondo la sezione 4. Questo pu\u00f2 essere il caso, ad esempio, se terzi lavorano per noi. Questi destinatari possono trovarsi sia in Svizzera che all\u2019estero, per cui i dati possono essere trasferiti nel Paese di residenza di questi terzi e delle loro societ\u00e0, controparti, partner commerciali o esperti e fornitori di servizi. Se trasferiamo i dati in un paese che non dispone di una legislazione adeguata in materia di protezione dei dati, garantiamo un livello di protezione adeguato (ad es. attraverso contratti basati sulle cosiddette clausole contrattuali standard della Commissione Europea).<\/p>\n\n\n\n<p><strong>Durata dello stoccaggio<br><\/strong>I vostri dati personali saranno da noi trattati per tutto il tempo necessario all\u2019adempimento dei nostri obblighi contrattuali e legali. Non appena i vostri dati personali non saranno pi\u00f9 necessari, verranno cancellati o resi anonimi per quanto possibile.<\/p>\n\n\n\n<p><strong>Sicurezza dei dati<br><\/strong>Adottiamo misure di sicurezza tecniche e organizzative adeguate per proteggere i vostri dati personali dall\u2019accesso non autorizzato e dall\u2019uso improprio, come l\u2019emissione di istruzioni, la formazione, le soluzioni di sicurezza informatica e di rete, i controlli di accesso e le restrizioni.<\/p>\n\n\n\n<p><strong>Diritti<br><\/strong>L\u2019utente ha diritto in qualsiasi momento ai diritti di informazione, rettifica, cancellazione, limitazione, trasferibilit\u00e0 dei dati, revoca e opposizione relativi ai propri dati. Se ritenete che il trattamento dei vostri dati violi la legge sulla protezione dei dati o che i vostri diritti in materia di protezione dei dati siano stati in altro modo violati, potete presentare un reclamo all\u2019autorit\u00e0 di controllo. L\u2019autorit\u00e0 competente per la protezione dei dati in Svizzera \u00e8 l\u2019Incaricato federale della protezione dei dati e della trasparenza (<a href=\"https:\/\/www.edoeb.admin.ch\/edoeb\/it\/home.html\" target=\"_blank\" rel=\"noreferrer noopener\">http:\/\/www.edoeb.admin.ch<\/a>).<\/p>\n\n\n\n<p><strong>Esclusione di responsabilit\u00e0 generale<br><\/strong>Tutte le informazioni sul nostro sito web sono state attentamente controllate. Facciamo ogni sforzo per garantire che le informazioni che offriamo siano aggiornate, corrette e complete. Tuttavia, gli errori non possono essere completamente esclusi. Pertanto, non garantiamo che le nostre informazioni siano complete, corrette e aggiornate. Sono escluse le rivendicazioni di responsabilit\u00e0 derivanti da danni materiali o morali causati dall\u2019utilizzo delle informazioni fornite, a meno che non vi siano prove di dolo o grave negligenza.<\/p>\n\n\n\n<p>Possiamo modificare o cancellare i testi a nostra discrezione e senza preavviso e non siamo obbligati ad aggiornare i contenuti di questo sito web. L\u2019utilizzo di questo sito web \u00e8 a rischio e pericolo del visitatore. Noi o i nostri partner non siamo responsabili per i danni, come i danni diretti o indiretti consequenziali, che sono presumibilmente causati dalla visita di questo sito web. Pertanto non ci assumiamo alcuna responsabilit\u00e0 in merito.<\/p>\n\n\n\n<p>Non ci assumiamo alcuna responsabilit\u00e0 per il contenuto e la disponibilit\u00e0 di siti web di terzi a cui si pu\u00f2 accedere tramite link esterni su questo sito web. I gestori dei siti collegati sono gli unici responsabili del contenuto dei loro siti. Ci dissociamo espressamente da tutti i contenuti di terzi che possono essere rilevanti ai sensi del diritto penale o di responsabilit\u00e0 civile o che sono contrari al buon costume.<\/p>\n\n\n\n<p><strong>Modifiche<br><\/strong>Possiamo modificare questa politica sulla privacy in qualsiasi momento. Si applica la versione attuale pubblicata sul nostro sito web. Se la dichiarazione sulla protezione dei dati fa parte di un accordo con voi, in caso di aggiornamento vi informeremo della modifica per e-mail o con altri mezzi idonei.<\/p>\n<\/div>\n","protected":false},"excerpt":{"rendered":"<p>Questa dichiarazione sulla protezione dei dati spiega come la Hausarztpraxis Worb raccoglie ed elabora i dati personali. Questa descrizione non \u00e8 esaustiva e pu\u00f2 essere esplicitamente integrata o modificata in singoli casi da altre dichiarazioni pi\u00f9 specifiche sulla protezione dei dati. Informazioni generaliIn conformit\u00e0 alle disposizioni sulla protezione dei dati della legge sulla protezione dei [&hellip;]<\/p>\n","protected":false},"author":3,"featured_media":622,"parent":0,"menu_order":33,"comment_status":"closed","ping_status":"closed","template":"","meta":{"_acf_changed":false,"inline_featured_image":false,"footnotes":""},"class_list":["post-1045","page","type-page","status-publish","has-post-thumbnail","hentry"],"acf":[],"_links":{"self":[{"href":"https:\/\/hausarztpraxis-worb.ch\/it\/wp-json\/wp\/v2\/pages\/1045","targetHints":{"allow":["GET"]}}],"collection":[{"href":"https:\/\/hausarztpraxis-worb.ch\/it\/wp-json\/wp\/v2\/pages"}],"about":[{"href":"https:\/\/hausarztpraxis-worb.ch\/it\/wp-json\/wp\/v2\/types\/page"}],"author":[{"embeddable":true,"href":"https:\/\/hausarztpraxis-worb.ch\/it\/wp-json\/wp\/v2\/users\/3"}],"replies":[{"embeddable":true,"href":"https:\/\/hausarztpraxis-worb.ch\/it\/wp-json\/wp\/v2\/comments?post=1045"}],"version-history":[{"count":2,"href":"https:\/\/hausarztpraxis-worb.ch\/it\/wp-json\/wp\/v2\/pages\/1045\/revisions"}],"predecessor-version":[{"id":1207,"href":"https:\/\/hausarztpraxis-worb.ch\/it\/wp-json\/wp\/v2\/pages\/1045\/revisions\/1207"}],"wp:featuredmedia":[{"embeddable":true,"href":"https:\/\/hausarztpraxis-worb.ch\/it\/wp-json\/wp\/v2\/media\/622"}],"wp:attachment":[{"href":"https:\/\/hausarztpraxis-worb.ch\/it\/wp-json\/wp\/v2\/media?parent=1045"}],"curies":[{"name":"wp","href":"https:\/\/api.w.org\/{rel}","templated":true}]}}