{"id":995,"date":"2025-07-24T10:40:21","date_gmt":"2025-07-24T08:40:21","guid":{"rendered":"https:\/\/hausarztpraxis-worb.ch\/nouvelles\/"},"modified":"2025-08-13T13:09:10","modified_gmt":"2025-08-13T11:09:10","slug":"nouvelles","status":"publish","type":"page","link":"https:\/\/hausarztpraxis-worb.ch\/fr\/nouvelles\/","title":{"rendered":"Nouvelles"},"content":{"rendered":"\n<div class=\"wp-block-group has-global-padding is-layout-constrained wp-block-group-is-layout-constrained\" style=\"padding-bottom:60px\">\n<blockquote class=\"wp-block-quote is-layout-flow wp-block-quote-is-layout-flow\">\n<p>Vous trouverez ici des faits et des nouvelles int\u00e9ressantes dans le domaine de la m\u00e9decine et de la sant\u00e9.<br>En outre, nous vous informerons des nouvelles concernant le cabinet de m\u00e9decine familiale Worb si n\u00e9cessaire.<\/p>\n<\/blockquote>\n\n\n\n<div style=\"margin-top:0px;margin-bottom:0px;height:30px\" aria-hidden=\"true\" class=\"wp-block-spacer\"><\/div>\n\n\n\n<div class=\"wp-block-query is-layout-flow wp-block-query-is-layout-flow\"><ul class=\"wp-block-post-template is-layout-flow wp-block-post-template-is-layout-flow\"><li class=\"wp-block-post post-1426 aktuelles type-aktuelles status-publish hentry\">\n<h2 class=\"wp-block-post-title\">Nos services en ligne pratiques : Commandez facilement vos m\u00e9dicaments et vos ordonnances en ligne et prenez vos rendez-vous sans bouger de chez vous.<\/h2>\n\n<div style=\"padding-bottom:30px;\" class=\"entry-content wp-block-post-content is-layout-flow wp-block-post-content-is-layout-flow\">\n<p>D\u00e9couvrez les services en ligne pratiques de notre cabinet via notre site Internet et profitez d&rsquo;un maximum de confort :<br\/>&#8211; Notre formulaire de commande en ligne vous permet de commander facilement des m\u00e9dicaments et des ordonnances, au moment o\u00f9 vous en avez besoin.<br\/>&#8211; Gr\u00e2ce \u00e0 notre prise de rendez-vous directe en ligne, vous pouvez prendre rendez-vous chez nous \u00e0 tout moment, o\u00f9 que vous soyez, en toute simplicit\u00e9, m\u00eame en dehors de nos horaires d&rsquo;ouverture habituels.<\/p>\n\n<p>Profitez de ces possibilit\u00e9s modernes et faites en sorte que votre exp\u00e9rience dans notre cabinet soit encore plus agr\u00e9able !<\/p>\n<\/div>\n\n\n<hr class=\"wp-block-separator has-text-color has-custom-dark-blue-color has-alpha-channel-opacity has-custom-dark-blue-background-color has-background is-style-wide\"\/>\n\n<\/li><\/ul>\n\n\n\n<\/div>\n<\/div>\n","protected":false},"excerpt":{"rendered":"<p>Vous trouverez ici des faits et des nouvelles int\u00e9ressantes dans le domaine de la m\u00e9decine et de la sant\u00e9.En outre, nous vous informerons des nouvelles concernant le cabinet de m\u00e9decine familiale Worb si n\u00e9cessaire.<\/p>\n","protected":false},"author":1,"featured_media":573,"parent":0,"menu_order":18,"comment_status":"closed","ping_status":"closed","template":"","meta":{"_acf_changed":false,"inline_featured_image":false,"footnotes":""},"class_list":["post-995","page","type-page","status-publish","has-post-thumbnail","hentry"],"acf":[],"_links":{"self":[{"href":"https:\/\/hausarztpraxis-worb.ch\/fr\/wp-json\/wp\/v2\/pages\/995","targetHints":{"allow":["GET"]}}],"collection":[{"href":"https:\/\/hausarztpraxis-worb.ch\/fr\/wp-json\/wp\/v2\/pages"}],"about":[{"href":"https:\/\/hausarztpraxis-worb.ch\/fr\/wp-json\/wp\/v2\/types\/page"}],"author":[{"embeddable":true,"href":"https:\/\/hausarztpraxis-worb.ch\/fr\/wp-json\/wp\/v2\/users\/1"}],"replies":[{"embeddable":true,"href":"https:\/\/hausarztpraxis-worb.ch\/fr\/wp-json\/wp\/v2\/comments?post=995"}],"version-history":[{"count":4,"href":"https:\/\/hausarztpraxis-worb.ch\/fr\/wp-json\/wp\/v2\/pages\/995\/revisions"}],"predecessor-version":[{"id":1349,"href":"https:\/\/hausarztpraxis-worb.ch\/fr\/wp-json\/wp\/v2\/pages\/995\/revisions\/1349"}],"wp:featuredmedia":[{"embeddable":true,"href":"https:\/\/hausarztpraxis-worb.ch\/fr\/wp-json\/wp\/v2\/media\/573"}],"wp:attachment":[{"href":"https:\/\/hausarztpraxis-worb.ch\/fr\/wp-json\/wp\/v2\/media?parent=995"}],"curies":[{"name":"wp","href":"https:\/\/api.w.org\/{rel}","templated":true}]}}