{"id":990,"date":"2025-07-23T21:12:26","date_gmt":"2025-07-23T19:12:26","guid":{"rendered":"https:\/\/hausarztpraxis-worb.ch.olympius.sui-inter.net\/contact\/"},"modified":"2025-08-12T12:55:44","modified_gmt":"2025-08-12T10:55:44","slug":"contact","status":"publish","type":"page","link":"https:\/\/hausarztpraxis-worb.ch\/fr\/contact\/","title":{"rendered":"Contact"},"content":{"rendered":"\n<div class=\"wp-block-group has-global-padding is-layout-constrained wp-block-group-is-layout-constrained\" style=\"padding-bottom:60px\">\n<blockquote class=\"wp-block-quote is-layout-flow wp-block-quote-is-layout-flow\">\n<p>N\u2019h\u00e9sitez pas \u00e0 nous rendre visite pour toute questions ou pr\u00e9occupations d\u2019ordre m\u00e9dicale.<\/p>\n<\/blockquote>\n\n\n\n<p>Vous nous trouverez au centre de Worb, en face de la Migros Nous nous r\u00e9jouissons de faire votre connaissance.<\/p>\n<\/div>\n\n<div class=\"wp-block-group gray-box block-contacts has-cyan-bluish-gray-background-color has-background has-global-padding is-layout-constrained wp-block-group-is-layout-constrained\" style=\"padding-top:60px;padding-bottom:60px\">\n<div class=\"wp-block-columns is-layout-flex wp-container-core-columns-is-layout-28f84493 wp-block-columns-is-layout-flex\">\n<div class=\"wp-block-column is-layout-flow wp-block-column-is-layout-flow\">\n<div class=\"wp-block-group is-nowrap is-layout-flex wp-container-core-group-is-layout-6c531013 wp-block-group-is-layout-flex\">\n<figure class=\"wp-block-image size-full is-resized\"><img decoding=\"async\" width=\"800\" height=\"800\" src=\"https:\/\/hausarztpraxis-worb.ch\/wp-content\/uploads\/2025\/07\/phone-icon.svg\" alt=\"\" class=\"wp-image-269\" style=\"width:60px\"\/><\/figure>\n\n\n\n<h2 class=\"wp-block-heading\">T\u00e9l 031 839 25 03<\/h2>\n<\/div>\n<\/div>\n\n\n\n<div class=\"wp-block-column is-layout-flow wp-block-column-is-layout-flow\">\n<div class=\"wp-block-group is-nowrap is-layout-flex wp-container-core-group-is-layout-6c531013 wp-block-group-is-layout-flex\">\n<figure class=\"wp-block-image size-full is-resized\" style=\"margin-top:5px;margin-bottom:5px\"><img decoding=\"async\" width=\"800\" height=\"800\" src=\"https:\/\/hausarztpraxis-worb.ch\/wp-content\/uploads\/2025\/07\/fax-icon.svg\" alt=\"\" class=\"wp-image-360\" style=\"width:50px\"\/><\/figure>\n\n\n\n<h2 class=\"wp-block-heading\">Fax 031 839 73 35<\/h2>\n<\/div>\n<\/div>\n\n\n\n<div class=\"wp-block-column is-layout-flow wp-block-column-is-layout-flow\">\n<div class=\"wp-block-group is-nowrap is-layout-flex wp-container-core-group-is-layout-6c531013 wp-block-group-is-layout-flex\">\n<figure class=\"wp-block-image size-full is-resized\" style=\"margin-top:5px;margin-bottom:5px\"><img decoding=\"async\" width=\"800\" height=\"800\" src=\"https:\/\/hausarztpraxis-worb.ch\/wp-content\/uploads\/2025\/07\/email-icon.svg\" alt=\"\" class=\"wp-image-270\" style=\"width:50px\"\/><\/figure>\n\n\n\n<h2 class=\"wp-block-heading has-custom-dark-blue-color has-text-color has-link-color wp-elements-91b65b901bbb23eafddfbadbfa1e0d3a\"><a href=\"mailto:hausarztpraxis-worb@hin.ch\">hausarztpraxis-worb@hin.ch<\/a><\/h2>\n<\/div>\n<\/div>\n<\/div>\n<\/div>\n\n<div class=\"wp-block-group has-global-padding is-layout-constrained wp-block-group-is-layout-constrained\" style=\"padding-top:30px;padding-bottom:30px\">\n<div class=\"wp-block-columns is-layout-flex wp-container-core-columns-is-layout-28f84493 wp-block-columns-is-layout-flex\">\n<div class=\"wp-block-column is-layout-flow wp-block-column-is-layout-flow\" style=\"flex-basis:30%\">\n<div class=\"wp-block-group pin-block is-nowrap is-layout-flex wp-container-core-group-is-layout-f66f9956 wp-block-group-is-layout-flex\">\n<figure class=\"wp-block-image size-full is-resized\"><img decoding=\"async\" width=\"800\" height=\"800\" src=\"https:\/\/hausarztpraxis-worb.ch\/wp-content\/uploads\/2025\/07\/pin-icon.svg\" alt=\"\" class=\"wp-image-361\" style=\"width:50px\"\/><\/figure>\n\n\n\n<div class=\"wp-block-group is-vertical is-layout-flex wp-container-core-group-is-layout-fe9cc265 wp-block-group-is-layout-flex\">\n<h2 class=\"wp-block-heading\">Lieu<\/h2>\n\n\n\n<p>Richigenstrasse 4<br\/>3076 Worb<\/p>\n<\/div>\n<\/div>\n<\/div>\n\n\n\n<div class=\"wp-block-column is-layout-flow wp-block-column-is-layout-flow\" style=\"flex-basis:70%\">\n<figure class=\"wp-block-image size-full\"><img decoding=\"async\" width=\"1000\" height=\"664\" src=\"https:\/\/hausarztpraxis-worb.ch\/wp-content\/uploads\/2025\/07\/gebaeude.jpg\" alt=\"\" class=\"wp-image-369\" srcset=\"https:\/\/hausarztpraxis-worb.ch\/wp-content\/uploads\/2025\/07\/gebaeude.jpg 1000w, https:\/\/hausarztpraxis-worb.ch\/wp-content\/uploads\/2025\/07\/gebaeude-300x199.jpg 300w, https:\/\/hausarztpraxis-worb.ch\/wp-content\/uploads\/2025\/07\/gebaeude-768x510.jpg 768w\" sizes=\"(max-width: 1000px) 100vw, 1000px\" \/><\/figure>\n\n\n\n<iframe loading=\"lazy\" src=\"https:\/\/www.google.com\/maps\/embed?pb=!1m18!1m12!1m3!1d1362.3777218811795!2d7.562044958343036!3d46.92718977654045!2m3!1f0!2f0!3f0!3m2!1i1024!2i768!4f13.1!3m3!1m2!1s0x478e342d50848de7%3A0x22b6792c74f14f6e!2sDr.%20med.%20Doris%20von%20Muralt%20Portmann!5e0!3m2!1sde!2sch!4v1586336085834!5m2!1sde!2sch\" width=\"100%\" height=\"450\" frameborder=\"0\" style=\"border:0;\" allowfullscreen=\"\" aria-hidden=\"false\" tabindex=\"0\"><\/iframe>\n<\/div>\n<\/div>\n<\/div>\n\n<div class=\"wp-block-group gray-box has-cyan-bluish-gray-background-color has-background has-global-padding is-layout-constrained wp-block-group-is-layout-constrained\" style=\"padding-top:30px;padding-bottom:30px\">\n<h1 class=\"wp-block-heading\">Envoyer un message<\/h1>\n\n\n\n<p>Vous souhaitez nous faire part de vos commentaires ? \u00cates-vous satisfait de notre travail ou souhaitez-vous \u00e9mettre une critique ? <br\/>Nous nous r\u00e9jouissons de vos suggestions.<\/p>\n\n\n\n<div class=\"wp-block-contact-form-7-contact-form-selector\">\n<div class=\"wpcf7 no-js\" id=\"wpcf7-f1060-o1\" lang=\"fr-FR\" dir=\"ltr\" data-wpcf7-id=\"1060\">\n<div class=\"screen-reader-response\"><p role=\"status\" aria-live=\"polite\" aria-atomic=\"true\"><\/p> <ul><\/ul><\/div>\n<form action=\"\/fr\/wp-json\/wp\/v2\/pages\/990#wpcf7-f1060-o1\" method=\"post\" class=\"wpcf7-form init\" aria-label=\"Formulaire de contact\" novalidate=\"novalidate\" data-status=\"init\">\n<fieldset class=\"hidden-fields-container\"><input type=\"hidden\" name=\"_wpcf7\" value=\"1060\" \/><input type=\"hidden\" name=\"_wpcf7_version\" value=\"6.1.5\" \/><input type=\"hidden\" name=\"_wpcf7_locale\" value=\"fr_FR\" \/><input type=\"hidden\" name=\"_wpcf7_unit_tag\" value=\"wpcf7-f1060-o1\" \/><input type=\"hidden\" name=\"_wpcf7_container_post\" value=\"0\" \/><input type=\"hidden\" name=\"_wpcf7_posted_data_hash\" value=\"\" \/>\n<\/fieldset>\n<div class=\"wpcf7-turnstile cf-turnstile\" data-sitekey=\"0x4AAAAAABqywcTZJ9PZTscU\" data-response-field-name=\"_wpcf7_turnstile_response\"><\/div>\n\n<div class=\"cform-wrapper\">\n\t<div class=\"two-col\">\n\t\t<div>\n\t\t\t<p><label>Pr\u00e9nom<br \/>\n<span class=\"wpcf7-form-control-wrap\" data-name=\"your-vorname\"><input size=\"40\" maxlength=\"400\" class=\"wpcf7-form-control wpcf7-text wpcf7-validates-as-required\" autocomplete=\"name\" aria-required=\"true\" aria-invalid=\"false\" value=\"\" type=\"text\" name=\"your-vorname\" \/><\/span><\/label>\n\t\t\t<\/p>\n\t\t<\/div>\n\t\t<div>\n\t\t\t<p><label>Nom de famille<br \/>\n<span class=\"wpcf7-form-control-wrap\" data-name=\"your-nachname\"><input size=\"40\" maxlength=\"400\" class=\"wpcf7-form-control wpcf7-text wpcf7-validates-as-required\" autocomplete=\"name\" aria-required=\"true\" aria-invalid=\"false\" value=\"\" type=\"text\" name=\"your-nachname\" \/><\/span><\/label>\n\t\t\t<\/p>\n\t\t<\/div>\n\t<\/div>\n\t<div class=\"two-col\">\n\t\t<div>\n\t\t\t<p><label>E-Mail<br \/>\n<span class=\"wpcf7-form-control-wrap\" data-name=\"your-email\"><input size=\"40\" maxlength=\"400\" class=\"wpcf7-form-control wpcf7-email wpcf7-validates-as-required wpcf7-text wpcf7-validates-as-email\" autocomplete=\"email\" aria-required=\"true\" aria-invalid=\"false\" value=\"\" type=\"email\" name=\"your-email\" \/><\/span><\/label>\n\t\t\t<\/p>\n\t\t<\/div>\n\t\t<div>\n\t\t\t<p><label>T\u00e9l\u00e9phone\/mobile (facultatif)<br \/>\n<span class=\"wpcf7-form-control-wrap\" data-name=\"phone\"><input size=\"40\" maxlength=\"400\" class=\"wpcf7-form-control wpcf7-tel wpcf7-text wpcf7-validates-as-tel\" aria-invalid=\"false\" value=\"\" type=\"tel\" name=\"phone\" \/><\/span><\/label>\n\t\t\t<\/p>\n\t\t<\/div>\n\t<\/div>\n\t<div class=\"one-col\">\n\t\t<p><label>Message<br \/>\n<span class=\"wpcf7-form-control-wrap\" data-name=\"your-message\"><textarea cols=\"40\" rows=\"10\" maxlength=\"2000\" class=\"wpcf7-form-control wpcf7-textarea\" aria-invalid=\"false\" name=\"your-message\"><\/textarea><\/span><\/label>\n\t\t<\/p>\n\t<\/div>\n\t<div class=\"one-col\">\n\t\t<p><span class=\"wpcf7-form-control-wrap\" data-name=\"datenschutz\"><span class=\"wpcf7-form-control wpcf7-acceptance\"><span class=\"wpcf7-list-item\"><label><input type=\"checkbox\" name=\"datenschutz\" value=\"1\" aria-invalid=\"false\" \/><span class=\"wpcf7-list-item-label\">J'ai lu la <a href=\"https:\/\/hausarztpraxis-worb.ch\/fr\/protection-des-donnees\/\" target=\"_blank\">politique de protection des donn\u00e9es<\/a> et je l'accepte.<\/span><\/label><\/span><\/span><\/span><br \/>\n<input class=\"wpcf7-form-control wpcf7-submit has-spinner\" type=\"submit\" value=\"Envoyer le message\" \/>\n\t\t<\/p>\n\t<\/div>\n<\/div><div class=\"wpcf7-response-output\" aria-hidden=\"true\"><\/div>\n<\/form>\n<\/div>\n<\/div>\n<\/div>\n\n<div class=\"wp-block-group partners has-global-padding is-layout-constrained wp-block-group-is-layout-constrained\" style=\"padding-top:30px;padding-bottom:30px\">\n<h1 class=\"wp-block-heading\" style=\"margin-bottom:25px\">Partenaires<\/h1>\n\n\n\n<div class=\"wp-block-columns are-vertically-aligned-center partners-block is-layout-flex wp-container-core-columns-is-layout-2709eace wp-block-columns-is-layout-flex\">\n<div class=\"wp-block-column is-vertically-aligned-center is-layout-flow wp-block-column-is-layout-flow\">\n<figure class=\"wp-block-image size-full\"><a href=\"https:\/\/www.medicom-pharma.ch\/\" target=\"_blank\" rel=\" noreferrer noopener\"><img decoding=\"async\" width=\"502\" height=\"227\" src=\"https:\/\/hausarztpraxis-worb.ch\/wp-content\/uploads\/2025\/07\/Logo_Medicom.jpg\" alt=\"\" class=\"wp-image-800\" srcset=\"https:\/\/hausarztpraxis-worb.ch\/wp-content\/uploads\/2025\/07\/Logo_Medicom.jpg 502w, https:\/\/hausarztpraxis-worb.ch\/wp-content\/uploads\/2025\/07\/Logo_Medicom-300x136.jpg 300w\" sizes=\"(max-width: 502px) 100vw, 502px\" \/><\/a><\/figure>\n<\/div>\n\n\n\n<div class=\"wp-block-column is-vertically-aligned-center is-layout-flow wp-block-column-is-layout-flow\">\n<figure class=\"wp-block-image size-full\"><a href=\"https:\/\/www.apotheke-drogerie-spiez.ch\/\" target=\"_blank\" rel=\" noreferrer noopener\"><img decoding=\"async\" width=\"378\" height=\"213\" src=\"https:\/\/hausarztpraxis-worb.ch\/wp-content\/uploads\/2025\/07\/Logo_apotheke_drogerie_spiez-e1647806215879.png\" alt=\"\" class=\"wp-image-805\" srcset=\"https:\/\/hausarztpraxis-worb.ch\/wp-content\/uploads\/2025\/07\/Logo_apotheke_drogerie_spiez-e1647806215879.png 378w, https:\/\/hausarztpraxis-worb.ch\/wp-content\/uploads\/2025\/07\/Logo_apotheke_drogerie_spiez-e1647806215879-300x169.png 300w\" sizes=\"(max-width: 378px) 100vw, 378px\" \/><\/a><\/figure>\n<\/div>\n\n\n\n<div class=\"wp-block-column is-vertically-aligned-center is-layout-flow wp-block-column-is-layout-flow\">\n<figure class=\"wp-block-image size-full\"><a href=\"https:\/\/www.team-w.ch\/de\" target=\"_blank\" rel=\" noreferrer noopener\"><img decoding=\"async\" width=\"315\" height=\"284\" src=\"https:\/\/hausarztpraxis-worb.ch\/wp-content\/uploads\/2025\/07\/laborteam_logo_rgb.png\" alt=\"\" class=\"wp-image-810\" srcset=\"https:\/\/hausarztpraxis-worb.ch\/wp-content\/uploads\/2025\/07\/laborteam_logo_rgb.png 315w, https:\/\/hausarztpraxis-worb.ch\/wp-content\/uploads\/2025\/07\/laborteam_logo_rgb-300x270.png 300w\" sizes=\"(max-width: 315px) 100vw, 315px\" \/><\/a><\/figure>\n<\/div>\n\n\n\n<div class=\"wp-block-column is-vertically-aligned-center is-layout-flow wp-block-column-is-layout-flow\">\n<figure class=\"wp-block-image size-full\"><a href=\"https:\/\/www.medics.ch\/\" target=\"_blank\" rel=\" noreferrer noopener\"><img decoding=\"async\" width=\"799\" height=\"233\" src=\"https:\/\/hausarztpraxis-worb.ch\/wp-content\/uploads\/2025\/07\/Logo_medics.jpeg\" alt=\"\" class=\"wp-image-815\" srcset=\"https:\/\/hausarztpraxis-worb.ch\/wp-content\/uploads\/2025\/07\/Logo_medics.jpeg 799w, https:\/\/hausarztpraxis-worb.ch\/wp-content\/uploads\/2025\/07\/Logo_medics-300x87.jpeg 300w, https:\/\/hausarztpraxis-worb.ch\/wp-content\/uploads\/2025\/07\/Logo_medics-768x224.jpeg 768w\" sizes=\"(max-width: 799px) 100vw, 799px\" \/><\/a><\/figure>\n<\/div>\n<\/div>\n<\/div>\n\n<p><\/p>\n","protected":false},"excerpt":{"rendered":"<p>N\u2019h\u00e9sitez pas \u00e0 nous rendre visite pour toute questions ou pr\u00e9occupations d\u2019ordre m\u00e9dicale. Vous nous trouverez au centre de Worb, en face de la Migros Nous nous r\u00e9jouissons de faire votre connaissance. T\u00e9l 031 839 25 03 Fax 031 839 73 35 hausarztpraxis-worb@hin.ch Lieu Richigenstrasse 43076 Worb Envoyer un message Vous souhaitez nous faire part [&hellip;]<\/p>\n","protected":false},"author":1,"featured_media":601,"parent":0,"menu_order":45,"comment_status":"closed","ping_status":"closed","template":"","meta":{"_acf_changed":false,"inline_featured_image":false,"footnotes":""},"class_list":["post-990","page","type-page","status-publish","has-post-thumbnail","hentry"],"acf":[],"_links":{"self":[{"href":"https:\/\/hausarztpraxis-worb.ch\/fr\/wp-json\/wp\/v2\/pages\/990","targetHints":{"allow":["GET"]}}],"collection":[{"href":"https:\/\/hausarztpraxis-worb.ch\/fr\/wp-json\/wp\/v2\/pages"}],"about":[{"href":"https:\/\/hausarztpraxis-worb.ch\/fr\/wp-json\/wp\/v2\/types\/page"}],"author":[{"embeddable":true,"href":"https:\/\/hausarztpraxis-worb.ch\/fr\/wp-json\/wp\/v2\/users\/1"}],"replies":[{"embeddable":true,"href":"https:\/\/hausarztpraxis-worb.ch\/fr\/wp-json\/wp\/v2\/comments?post=990"}],"version-history":[{"count":1,"href":"https:\/\/hausarztpraxis-worb.ch\/fr\/wp-json\/wp\/v2\/pages\/990\/revisions"}],"predecessor-version":[{"id":991,"href":"https:\/\/hausarztpraxis-worb.ch\/fr\/wp-json\/wp\/v2\/pages\/990\/revisions\/991"}],"wp:featuredmedia":[{"embeddable":true,"href":"https:\/\/hausarztpraxis-worb.ch\/fr\/wp-json\/wp\/v2\/media\/601"}],"wp:attachment":[{"href":"https:\/\/hausarztpraxis-worb.ch\/fr\/wp-json\/wp\/v2\/media?parent=990"}],"curies":[{"name":"wp","href":"https:\/\/api.w.org\/{rel}","templated":true}]}}