{"id":987,"date":"2025-07-23T20:01:49","date_gmt":"2025-07-23T18:01:49","guid":{"rendered":"https:\/\/hausarztpraxis-worb.ch.olympius.sui-inter.net\/team\/"},"modified":"2026-02-13T19:58:54","modified_gmt":"2026-02-13T18:58:54","slug":"team","status":"publish","type":"page","link":"https:\/\/hausarztpraxis-worb.ch\/fr\/team\/","title":{"rendered":"Team"},"content":{"rendered":"\n<div class=\"wp-block-group has-global-padding is-layout-constrained wp-block-group-is-layout-constrained\" style=\"padding-bottom:60px\">\n<blockquote class=\"wp-block-quote is-layout-flow wp-block-quote-is-layout-flow\">\n<p>Toute notre \u00e9quipe est heureuse d\u2019\u00eatre l\u00e0 pour vous.<\/p>\n<\/blockquote>\n\n\n\n<p>Nous nous r\u00e9jouissons de vous accueillir dans notre cabinet.<\/p>\n<\/div>\n\n\n\n<div class=\"wp-block-group gray-box has-cyan-bluish-gray-background-color has-background has-global-padding is-layout-constrained wp-block-group-is-layout-constrained\" style=\"padding-top:30px;padding-bottom:30px\">\n    <div class=\"team-members\">\n        <h1>\u00c4rzte<\/h1>\n        \n                    <div class=\"team-members-list\">\n                                    <div class=\"team-member\">\n                                                    <img decoding=\"async\" src=\"https:\/\/hausarztpraxis-worb.ch\/wp-content\/uploads\/2025\/07\/Marc.jpg\" alt=\"Dr. m\u00e9d. Marc-Alain Portmann\" class=\"team-member-photo\">\n                                                \n                        <p class=\"team-member-title\">Dr. m\u00e9d. Marc-Alain Portmann<\/p>\n                        \n                                                    <p class=\"team-member-position\"> Docteur en m\u00e9decine interne g\u00e9n\u00e9rale<\/p>\n                                                \n                                                \n                                                    <div class=\"wp-block-buttons is-layout-flex wp-block-buttons-is-layout-flex\">\n                                <div class=\"wp-block-button\">\n                                    <a class=\"wp-block-button__link wp-element-button team-member-link\" href=\"https:\/\/hausarztpraxis-worb.ch\/fr\/team\/dr-med-marc-alain-portmann\/\">\n                                        Profil                                    <\/a>\n                                <\/div>\n                            <\/div>                            \n                                            <\/div>\n                                    <div class=\"team-member\">\n                                                    <img decoding=\"async\" src=\"https:\/\/hausarztpraxis-worb.ch\/wp-content\/uploads\/2025\/07\/Doris.jpg\" alt=\"Dr. m\u00e9d. Doris von Muralt\" class=\"team-member-photo\">\n                                                \n                        <p class=\"team-member-title\">Dr. m\u00e9d. Doris von Muralt<\/p>\n                        \n                                                    <p class=\"team-member-position\"> Docteur en m\u00e9decine interne g\u00e9n\u00e9rale<\/p>\n                                                \n                                                \n                                                    <div class=\"wp-block-buttons is-layout-flex wp-block-buttons-is-layout-flex\">\n                                <div class=\"wp-block-button\">\n                                    <a class=\"wp-block-button__link wp-element-button team-member-link\" href=\"https:\/\/hausarztpraxis-worb.ch\/fr\/team\/dr-med-doris-von-muralt\/\">\n                                        Profil                                    <\/a>\n                                <\/div>\n                            <\/div>                            \n                                            <\/div>\n                                    <div class=\"team-member\">\n                                                    <img decoding=\"async\" src=\"https:\/\/hausarztpraxis-worb.ch\/wp-content\/uploads\/2025\/07\/David.jpg\" alt=\"David Harder\" class=\"team-member-photo\">\n                                                \n                        <p class=\"team-member-title\">David Harder<\/p>\n                        \n                                                    <p class=\"team-member-position\"> M\u00e9decin<\/p>\n                                                \n                                                \n                                                    <div class=\"wp-block-buttons is-layout-flex wp-block-buttons-is-layout-flex\">\n                                <div class=\"wp-block-button\">\n                                    <a class=\"wp-block-button__link wp-element-button team-member-link\" href=\"https:\/\/hausarztpraxis-worb.ch\/fr\/team\/david-harder\/\">\n                                        Profil                                    <\/a>\n                                <\/div>\n                            <\/div>                            \n                                            <\/div>\n                                    <div class=\"team-member\">\n                                                    <img decoding=\"async\" src=\"https:\/\/hausarztpraxis-worb.ch\/wp-content\/uploads\/2025\/09\/Dominik.jpg\" alt=\"Dominik Pytlik\" class=\"team-member-photo\">\n                                                \n                        <p class=\"team-member-title\">Dominik Pytlik<\/p>\n                        \n                                                    <p class=\"team-member-position\">Sp\u00e9cialiste FMH en m\u00e9decine interne g\u00e9n\u00e9rale<\/p>\n                                                \n                                                \n                                                    <div class=\"wp-block-buttons is-layout-flex wp-block-buttons-is-layout-flex\">\n                                <div class=\"wp-block-button\">\n                                    <a class=\"wp-block-button__link wp-element-button team-member-link\" href=\"https:\/\/hausarztpraxis-worb.ch\/fr\/team\/dominik-pytlik\/\">\n                                        Profil                                    <\/a>\n                                <\/div>\n                            <\/div>                            \n                                            <\/div>\n                                    <div class=\"team-member\">\n                                                    <img decoding=\"async\" src=\"https:\/\/hausarztpraxis-worb.ch\/wp-content\/uploads\/2025\/07\/Anna.jpg\" alt=\"Dr. med. Anna Hirschi\" class=\"team-member-photo\">\n                                                \n                        <p class=\"team-member-title\">Dr. med. Anna Hirschi<\/p>\n                        \n                                                    <p class=\"team-member-position\"> Docteur en m\u00e9decine interne g\u00e9n\u00e9rale<\/p>\n                                                \n                                                \n                                            <\/div>\n                                    <div class=\"team-member\">\n                                                    <img decoding=\"async\" src=\"https:\/\/hausarztpraxis-worb.ch\/wp-content\/uploads\/2025\/07\/Alex.jpg\" alt=\"Alexander Wegenast\" class=\"team-member-photo\">\n                                                \n                        <p class=\"team-member-title\">Alexander Wegenast<\/p>\n                        \n                                                    <p class=\"team-member-position\"> M\u00e9decin assistant<\/p>\n                                                \n                                                \n                                            <\/div>\n                            <\/div>\n            <\/div>\n\n    \n<\/div>\n\n\n\n<div class=\"wp-block-group has-global-padding is-layout-constrained wp-block-group-is-layout-constrained\" style=\"padding-top:30px;padding-bottom:30px\">\n    <div class=\"team-members\">\n        <h1>Medizinische PraxisassistentInnen<\/h1>\n        \n                    <div class=\"team-members-list\">\n                                    <div class=\"team-member\">\n                                                    <img decoding=\"async\" src=\"https:\/\/hausarztpraxis-worb.ch\/wp-content\/uploads\/2025\/07\/Andrea.jpg\" alt=\"Andrea Rolli\" class=\"team-member-photo\">\n                                                \n                        <p class=\"team-member-title\">Andrea Rolli<\/p>\n                        \n                                                    <p class=\"team-member-position\">Assistante m\u00e9dicale<\/p>\n                                                \n                                                    <p class=\"team-member-description\">Andrea est passionn\u00e9e par le Carnaval de B\u00e2le et aime passer du temps avec ses amis.<\/p>\n                                                \n                                            <\/div>\n                                    <div class=\"team-member\">\n                                                    <img decoding=\"async\" src=\"https:\/\/hausarztpraxis-worb.ch\/wp-content\/uploads\/2025\/07\/Yvonne.jpg\" alt=\"Yvonne M\u00fcller\" class=\"team-member-photo\">\n                                                \n                        <p class=\"team-member-title\">Yvonne M\u00fcller<\/p>\n                        \n                                                    <p class=\"team-member-position\">Assistante m\u00e9dicale<\/p>\n                                                \n                                                    <p class=\"team-member-description\">Yvonne M\u00fcller aime les gens en g\u00e9n\u00e9ral et elle aime \u00e9voluer dans un environnement joyeux.<\/p>\n                                                \n                                            <\/div>\n                                    <div class=\"team-member\">\n                                                    <img decoding=\"async\" src=\"https:\/\/hausarztpraxis-worb.ch\/wp-content\/uploads\/2025\/07\/Liselotte.jpg\" alt=\"Liselotte Freiburghaus\" class=\"team-member-photo\">\n                                                \n                        <p class=\"team-member-title\">Liselotte Freiburghaus<\/p>\n                        \n                                                    <p class=\"team-member-position\">Assistante m\u00e9dicale<\/p>\n                                                \n                                                    <p class=\"team-member-description\">Liselotte Freiburghaus travaille dans notre cabinet depuis plus de 20 ans et elle conna\u00eet la r\u00e9ponse \u00e0 presque toutes les questions.<\/p>\n                                                \n                                            <\/div>\n                                    <div class=\"team-member\">\n                                                    <img decoding=\"async\" src=\"https:\/\/hausarztpraxis-worb.ch\/wp-content\/uploads\/2025\/07\/Vivi.jpg\" alt=\"Vivien Bencivinni\" class=\"team-member-photo\">\n                                                \n                        <p class=\"team-member-title\">Vivien Bencivinni<\/p>\n                        \n                                                    <p class=\"team-member-position\">Assistante m\u00e9dicale<\/p>\n                                                \n                                                    <p class=\"team-member-description\">Vivien Bencivinni est notre talent linguistique. Elle parle non seulement l\u2019allemand, mais \u00e9galement l\u2019italien, le fran\u00e7ais et l\u2019anglais.<\/p>\n                                                \n                                            <\/div>\n                                    <div class=\"team-member\">\n                                                    <img decoding=\"async\" src=\"https:\/\/hausarztpraxis-worb.ch\/wp-content\/uploads\/2025\/07\/Ale.jpg\" alt=\"Alesandra Puente\" class=\"team-member-photo\">\n                                                \n                        <p class=\"team-member-title\">Alesandra Puente<\/p>\n                        \n                                                    <p class=\"team-member-position\">Assistante m\u00e9dicale<\/p>\n                                                \n                                                    <p class=\"team-member-description\">Alesandra Puentes est originaire de Colombie, elle parle donc parfaitement l\u2019espagnol. Elle adore faire du shopping avec ses amis.<\/p>\n                                                \n                                            <\/div>\n                                    <div class=\"team-member\">\n                                                    <img decoding=\"async\" src=\"https:\/\/hausarztpraxis-worb.ch\/wp-content\/uploads\/2025\/09\/Micaela.jpg\" alt=\"Tina Wahlen\" class=\"team-member-photo\">\n                                                \n                        <p class=\"team-member-title\">Tina Wahlen<\/p>\n                        \n                                                    <p class=\"team-member-position\">Assistante m\u00e9dicale<\/p>\n                                                \n                                                    <p class=\"team-member-description\">Tina Wahlen souhaite obtenir une maturit\u00e9 professionnelle et travaille deux jours par semaine dans notre cabinet \u00e0 c\u00f4t\u00e9 de l\u2019\u00e9cole.<\/p>\n                                                \n                                            <\/div>\n                                    <div class=\"team-member\">\n                                                    <img decoding=\"async\" src=\"https:\/\/hausarztpraxis-worb.ch\/wp-content\/uploads\/2025\/07\/Medina.jpg\" alt=\"Medina Hasani\" class=\"team-member-photo\">\n                                                \n                        <p class=\"team-member-title\">Medina Hasani<\/p>\n                        \n                                                    <p class=\"team-member-position\">Assistante m\u00e9dicale<\/p>\n                                                \n                                                    <p class=\"team-member-description\">Medina Hasani est une coll\u00e8gue engag\u00e9e et attentionn\u00e9e, qui est \u00e9galement toujours \u00e0 l\u2019\u00e9coute de sa famille.<\/p>\n                                                \n                                            <\/div>\n                                    <div class=\"team-member\">\n                                                    <img decoding=\"async\" src=\"https:\/\/hausarztpraxis-worb.ch\/wp-content\/uploads\/2025\/09\/Blessi.jpg\" alt=\"Blessi Sator\" class=\"team-member-photo\">\n                                                \n                        <p class=\"team-member-title\">Blessi Sator<\/p>\n                        \n                                                    <p class=\"team-member-position\">Assistante m\u00e9dicale<\/p>\n                                                \n                                                    <p class=\"team-member-description\">Blessi Sator est motiv\u00e9e et curieuse. Elle accueille les patients avec un grand sourire et est ouverte \u00e0 la nouveaut\u00e9.<\/p>\n                                                \n                                            <\/div>\n                                    <div class=\"team-member\">\n                                                    <img decoding=\"async\" src=\"https:\/\/hausarztpraxis-worb.ch\/wp-content\/uploads\/2025\/07\/Katarina.jpg\" alt=\"Katarina Peric\" class=\"team-member-photo\">\n                                                \n                        <p class=\"team-member-title\">Katarina Peric<\/p>\n                        \n                                                    <p class=\"team-member-position\">Assistante m\u00e9dicale<\/p>\n                                                \n                                                    <p class=\"team-member-description\">(en formation)<\/p>\n                                                \n                                            <\/div>\n                                    <div class=\"team-member\">\n                                                    <img decoding=\"async\" src=\"https:\/\/hausarztpraxis-worb.ch\/wp-content\/uploads\/2025\/07\/Ken.jpg\" alt=\"Ken Portmann\" class=\"team-member-photo\">\n                                                \n                        <p class=\"team-member-title\">Ken Portmann<\/p>\n                        \n                                                    <p class=\"team-member-position\">Assistante m\u00e9dicale<\/p>\n                                                \n                                                    <p class=\"team-member-description\">Ken Portmann aime travailler avec les gens, c\u2019est pourquoi il a d\u00e9cid\u00e9 de se former dans le domaine m\u00e9dical.<\/p>\n                                                \n                                            <\/div>\n                                    <div class=\"team-member\">\n                                                    <img decoding=\"async\" src=\"https:\/\/hausarztpraxis-worb.ch\/wp-content\/uploads\/2025\/07\/Valentina.jpg\" alt=\"Valentina Anesi\" class=\"team-member-photo\">\n                                                \n                        <p class=\"team-member-title\">Valentina Anesi<\/p>\n                        \n                                                    <p class=\"team-member-position\">Assistante m\u00e9dicale<\/p>\n                                                \n                                                    <p class=\"team-member-description\">(en formation)<\/p>\n                                                \n                                            <\/div>\n                                    <div class=\"team-member\">\n                                                    <img decoding=\"async\" src=\"https:\/\/hausarztpraxis-worb.ch\/wp-content\/uploads\/2025\/07\/Leonie.jpg\" alt=\"Leonie L\u00fcthi\" class=\"team-member-photo\">\n                                                \n                        <p class=\"team-member-title\">Leonie L\u00fcthi<\/p>\n                        \n                                                    <p class=\"team-member-position\">Assistante m\u00e9dicale<\/p>\n                                                \n                                                    <p class=\"team-member-description\">(en formation)<\/p>\n                                                \n                                            <\/div>\n                                    <div class=\"team-member\">\n                                                    <img decoding=\"async\" src=\"https:\/\/hausarztpraxis-worb.ch\/wp-content\/uploads\/2025\/09\/Mia.jpg\" alt=\"Mia Thiede\" class=\"team-member-photo\">\n                                                \n                        <p class=\"team-member-title\">Mia Thiede<\/p>\n                        \n                                                    <p class=\"team-member-position\">Assistante m\u00e9dicale<\/p>\n                                                \n                                                    <p class=\"team-member-description\">(en formation)<\/p>\n                                                \n                                            <\/div>\n                            <\/div>\n            <\/div>\n\n    \n<\/div>\n\n\n\n<div class=\"wp-block-group gray-box has-cyan-bluish-gray-background-color has-background has-global-padding is-layout-constrained wp-block-group-is-layout-constrained\" style=\"padding-top:30px;padding-bottom:60px\">\n    <div class=\"team-members\">\n        <h1>Fachspezialisten<\/h1>\n        \n                    <div class=\"team-members-list\">\n                                    <div class=\"team-member\">\n                                                    <img decoding=\"async\" src=\"https:\/\/hausarztpraxis-worb.ch\/wp-content\/uploads\/2025\/07\/gerald_leist.jpg\" alt=\"Dr. m\u00e9d. G\u00e9rald Leist\" class=\"team-member-photo\">\n                                                \n                        <p class=\"team-member-title\">Dr. m\u00e9d. G\u00e9rald Leist<\/p>\n                        \n                                                    <p class=\"team-member-position\">Sp\u00e9cialiste FMH pour la chirurgie<\/p>\n                                                \n                                                \n                                            <\/div>\n                                    <div class=\"team-member\">\n                                                    <img decoding=\"async\" src=\"https:\/\/hausarztpraxis-worb.ch\/wp-content\/uploads\/2025\/07\/heidi_schaffer_wuest.jpg\" alt=\"Heidi Schaffer W\u00fcst\" class=\"team-member-photo\">\n                                                \n                        <p class=\"team-member-title\">Heidi Schaffer W\u00fcst<\/p>\n                        \n                                                    <p class=\"team-member-position\">Nutritionniste dipl\u00f4m\u00e9 FH <\/p>\n                                                \n                                                \n                                            <\/div>\n                                    <div class=\"team-member\">\n                                                    <img decoding=\"async\" src=\"https:\/\/hausarztpraxis-worb.ch\/wp-content\/uploads\/2025\/07\/Jasna_Rudez.jpg\" alt=\"Dr. m\u00e9d. Jasna Rudez\" class=\"team-member-photo\">\n                                                \n                        <p class=\"team-member-title\">Dr. m\u00e9d. Jasna Rudez<\/p>\n                        \n                                                    <p class=\"team-member-position\">Sp\u00e9cialiste en chirurgie orthop\u00e9dique et traumatologie de l\u2019appareil locomoteur<\/p>\n                                                \n                                                \n                                            <\/div>\n                                    <div class=\"team-member\">\n                                                    <img decoding=\"async\" src=\"https:\/\/hausarztpraxis-worb.ch\/wp-content\/uploads\/2025\/12\/beat_muggli.webp\" alt=\"Dr. Beat Muggli\" class=\"team-member-photo\">\n                                                \n                        <p class=\"team-member-title\">Dr. Beat Muggli<\/p>\n                        \n                                                    <p class=\"team-member-position\">Sp\u00e9cialiste en chirurgie visc\u00e9rale FMH<\/p>\n                                                \n                                                \n                                            <\/div>\n                            <\/div>\n            <\/div>\n\n    \n\n\n\n    <div class=\"team-members\">\n        <h1>Raumpflege<\/h1>\n        \n                    <div class=\"team-members-list\">\n                                    <div class=\"team-member\">\n                                                    <img decoding=\"async\" src=\"https:\/\/hausarztpraxis-worb.ch\/wp-content\/uploads\/2025\/07\/Luisa_Maria_Sanchez.jpg\" alt=\"Luisa Maria Sanchez\" class=\"team-member-photo\">\n                                                \n                        <p class=\"team-member-title\">Luisa Maria Sanchez<\/p>\n                        \n                                                \n                                                \n                                            <\/div>\n                                    <div class=\"team-member\">\n                                                    <img decoding=\"async\" src=\"https:\/\/hausarztpraxis-worb.ch\/wp-content\/uploads\/2025\/07\/Putzfrau.jpg\" alt=\"Bukurije Koka\" class=\"team-member-photo\">\n                                                \n                        <p class=\"team-member-title\">Bukurije Koka<\/p>\n                        \n                                                \n                                                \n                                            <\/div>\n                            <\/div>\n            <\/div>\n\n    \n<\/div>\n","protected":false},"excerpt":{"rendered":"<p>Toute notre \u00e9quipe est heureuse d\u2019\u00eatre l\u00e0 pour vous. Nous nous r\u00e9jouissons de vous accueillir dans notre cabinet.<\/p>\n","protected":false},"author":1,"featured_media":585,"parent":0,"menu_order":62,"comment_status":"closed","ping_status":"closed","template":"","meta":{"_acf_changed":false,"inline_featured_image":false,"footnotes":""},"class_list":["post-987","page","type-page","status-publish","has-post-thumbnail","hentry"],"acf":[],"_links":{"self":[{"href":"https:\/\/hausarztpraxis-worb.ch\/fr\/wp-json\/wp\/v2\/pages\/987","targetHints":{"allow":["GET"]}}],"collection":[{"href":"https:\/\/hausarztpraxis-worb.ch\/fr\/wp-json\/wp\/v2\/pages"}],"about":[{"href":"https:\/\/hausarztpraxis-worb.ch\/fr\/wp-json\/wp\/v2\/types\/page"}],"author":[{"embeddable":true,"href":"https:\/\/hausarztpraxis-worb.ch\/fr\/wp-json\/wp\/v2\/users\/1"}],"replies":[{"embeddable":true,"href":"https:\/\/hausarztpraxis-worb.ch\/fr\/wp-json\/wp\/v2\/comments?post=987"}],"version-history":[{"count":3,"href":"https:\/\/hausarztpraxis-worb.ch\/fr\/wp-json\/wp\/v2\/pages\/987\/revisions"}],"predecessor-version":[{"id":1535,"href":"https:\/\/hausarztpraxis-worb.ch\/fr\/wp-json\/wp\/v2\/pages\/987\/revisions\/1535"}],"wp:featuredmedia":[{"embeddable":true,"href":"https:\/\/hausarztpraxis-worb.ch\/fr\/wp-json\/wp\/v2\/media\/585"}],"wp:attachment":[{"href":"https:\/\/hausarztpraxis-worb.ch\/fr\/wp-json\/wp\/v2\/media?parent=987"}],"curies":[{"name":"wp","href":"https:\/\/api.w.org\/{rel}","templated":true}]}}