{"id":984,"date":"2025-07-23T19:43:49","date_gmt":"2025-07-23T17:43:49","guid":{"rendered":"https:\/\/hausarztpraxis-worb.ch.olympius.sui-inter.net\/vision-et-mission\/"},"modified":"2025-08-11T19:44:41","modified_gmt":"2025-08-11T17:44:41","slug":"vision-et-mission","status":"publish","type":"page","link":"https:\/\/hausarztpraxis-worb.ch\/fr\/vision-et-mission\/","title":{"rendered":"Vision et Mission"},"content":{"rendered":"\n<div class=\"wp-block-group has-global-padding is-layout-constrained wp-block-group-is-layout-constrained\" style=\"padding-bottom:60px\">\n<blockquote class=\"wp-block-quote is-layout-flow wp-block-quote-is-layout-flow\">\n<p>Notre vision : \u00ab Un plus pour les gens et la r\u00e9gion \u00bb.<br>Nous posons de nouveaux jalons dans les soins m\u00e9dicaux de base et la m\u00e9decine d\u2019urgence \u2013 avec des comp\u00e9tences professionnelles, de l\u2019empathie et des m\u00e9thodes de traitement modernes.<br>Notre plus : une m\u00e9decine qui a du c\u0153ur, de l\u2019esprit et de l\u2019avenir<\/p>\n<\/blockquote>\n\n\n\n<p><strong><strong>Notre Mission<\/strong><\/strong><\/p>\n\n\n\n<p>Nous nous engageons avec passion et enthousiasme pour les soins m\u00e9dicaux de base. Nos patientes et patients sont au centre de notre travail \u2013 nous les traitons avec amabilit\u00e9, respect et estime. C\u2019est pour nous un privil\u00e8ge d\u2019\u00eatre l\u00e0 pour les personnes qui nous accordent leur confiance.<\/p>\n\n\n\n<p>En tant que cabinet familial, nous accordons une grande importance \u00e0 un climat chaleureux et positif, tant dans nos relations avec nos patients qu\u2019au sein de notre \u00e9quipe. Le respect, la confiance et l\u2019estime sont \u00e0 la base de notre collaboration. M\u00eame dans les moments difficiles, nous nous serrons les coudes et nous nous soutenons mutuellement.<\/p>\n\n\n\n<p>Nos collaborateurs sont notre capital le plus pr\u00e9cieux. Nous encourageons leur d\u00e9veloppement individuel, soutenons les formations continues et cr\u00e9ons un environnement dans lequel les talents et les forces peuvent \u00eatre d\u00e9velopp\u00e9s de mani\u00e8re cibl\u00e9e.<\/p>\n\n\n\n<p>Nous misons sur le plus grand professionnalisme et la comp\u00e9tence professionnelle. Gr\u00e2ce \u00e0 une formation continue, nous int\u00e9grons les derni\u00e8res connaissances m\u00e9dicales dans notre travail quotidien.<\/p>\n\n\n\n<p>L\u2019ouverture \u00e0 l\u2019innovation et au progr\u00e8s est importante pour nous. Nous appr\u00e9cions les bonnes id\u00e9es et les renouvellements judicieux afin de rendre notre cabinet moderne et orient\u00e9 vers l\u2019avenir.<\/p>\n\n\n\n<p>Notre objectif est d\u2019apporter une contribution essentielle aux soins m\u00e9dicaux de base dans la r\u00e9gion. En d\u00e9veloppant constamment notre offre, nous garantissons des soins complets et de qualit\u00e9 aux habitants de Worb.<\/p>\n<\/div>\n","protected":false},"excerpt":{"rendered":"<p>Notre vision : \u00ab Un plus pour les gens et la r\u00e9gion \u00bb.Nous posons de nouveaux jalons dans les soins m\u00e9dicaux de base et la m\u00e9decine d\u2019urgence \u2013 avec des comp\u00e9tences professionnelles, de l\u2019empathie et des m\u00e9thodes de traitement modernes.Notre plus : une m\u00e9decine qui a du c\u0153ur, de l\u2019esprit et de l\u2019avenir Notre Mission [&hellip;]<\/p>\n","protected":false},"author":1,"featured_media":581,"parent":0,"menu_order":70,"comment_status":"closed","ping_status":"closed","template":"","meta":{"_acf_changed":false,"inline_featured_image":false,"footnotes":""},"class_list":["post-984","page","type-page","status-publish","has-post-thumbnail","hentry"],"acf":[],"_links":{"self":[{"href":"https:\/\/hausarztpraxis-worb.ch\/fr\/wp-json\/wp\/v2\/pages\/984","targetHints":{"allow":["GET"]}}],"collection":[{"href":"https:\/\/hausarztpraxis-worb.ch\/fr\/wp-json\/wp\/v2\/pages"}],"about":[{"href":"https:\/\/hausarztpraxis-worb.ch\/fr\/wp-json\/wp\/v2\/types\/page"}],"author":[{"embeddable":true,"href":"https:\/\/hausarztpraxis-worb.ch\/fr\/wp-json\/wp\/v2\/users\/1"}],"replies":[{"embeddable":true,"href":"https:\/\/hausarztpraxis-worb.ch\/fr\/wp-json\/wp\/v2\/comments?post=984"}],"version-history":[{"count":2,"href":"https:\/\/hausarztpraxis-worb.ch\/fr\/wp-json\/wp\/v2\/pages\/984\/revisions"}],"predecessor-version":[{"id":986,"href":"https:\/\/hausarztpraxis-worb.ch\/fr\/wp-json\/wp\/v2\/pages\/984\/revisions\/986"}],"wp:featuredmedia":[{"embeddable":true,"href":"https:\/\/hausarztpraxis-worb.ch\/fr\/wp-json\/wp\/v2\/media\/581"}],"wp:attachment":[{"href":"https:\/\/hausarztpraxis-worb.ch\/fr\/wp-json\/wp\/v2\/media?parent=984"}],"curies":[{"name":"wp","href":"https:\/\/api.w.org\/{rel}","templated":true}]}}