{"id":970,"date":"2025-07-23T15:20:21","date_gmt":"2025-07-23T13:20:21","guid":{"rendered":"https:\/\/hausarztpraxis-worb.ch.olympius.sui-inter.net\/?page_id=970"},"modified":"2025-08-11T23:40:13","modified_gmt":"2025-08-11T21:40:13","slug":"gynecologie","status":"publish","type":"page","link":"https:\/\/hausarztpraxis-worb.ch\/fr\/offres\/gynecologie\/","title":{"rendered":"M\u00e9decin pour femmes \u2013 votre sant\u00e9 en de bonnes mains"},"content":{"rendered":"\n<div class=\"wp-block-group has-global-padding is-layout-constrained wp-block-group-is-layout-constrained\" style=\"padding-bottom:60px\">\n<blockquote class=\"wp-block-quote is-layout-flow wp-block-quote-is-layout-flow\">\n<p>Bienvenue dans notre cabinet de gyn\u00e9cologie \u00e0 Worb, o\u00f9 nous nous occupons de votre sant\u00e9 avec c\u0153ur et savoir-faire. Votre bien-\u00eatre est notre priorit\u00e9 et notre objectif est de vous accompagner individuellement et globalement dans chaque phase de votre vie.<br>Notre large gamme d\u2019examens et de conseils ambulatoires est con\u00e7ue pour r\u00e9pondre \u00e0 vos besoins individuels avec empathie et comp\u00e9tence.<\/p>\n<\/blockquote>\n\n\n\n<figure class=\"wp-block-image size-full is-resized\" style=\"margin-top:60px;margin-bottom:60px\"><img decoding=\"async\" width=\"1614\" height=\"294\" src=\"https:\/\/hausarztpraxis-worb.ch\/wp-content\/uploads\/2025\/07\/vonMuralt_Logo_Gyni.png\" alt=\"\" class=\"wp-image-237\" style=\"width:300px\" srcset=\"https:\/\/hausarztpraxis-worb.ch\/wp-content\/uploads\/2025\/07\/vonMuralt_Logo_Gyni.png 1614w, https:\/\/hausarztpraxis-worb.ch\/wp-content\/uploads\/2025\/07\/vonMuralt_Logo_Gyni-300x55.png 300w, https:\/\/hausarztpraxis-worb.ch\/wp-content\/uploads\/2025\/07\/vonMuralt_Logo_Gyni-1024x187.png 1024w, https:\/\/hausarztpraxis-worb.ch\/wp-content\/uploads\/2025\/07\/vonMuralt_Logo_Gyni-768x140.png 768w, https:\/\/hausarztpraxis-worb.ch\/wp-content\/uploads\/2025\/07\/vonMuralt_Logo_Gyni-1536x280.png 1536w\" sizes=\"(max-width: 1614px) 100vw, 1614px\" \/><\/figure>\n\n\n\n<div class=\"wp-block-columns is-layout-flex wp-container-core-columns-is-layout-28f84493 wp-block-columns-is-layout-flex\">\n<div class=\"wp-block-column is-layout-flow wp-block-column-is-layout-flow\">\n<h2 class=\"wp-block-heading\">Votre \u00e9quipe comp\u00e9tente au cabine<\/h2>\n\n\n\n<ul class=\"wp-block-list\">\n<li>Dans notre cabinet certifi\u00e9 et dot\u00e9 d\u2019un \u00e9quipement moderne, une \u00e9quipe engag\u00e9e vous attend, qui s\u2019occupe de votre bien-\u00eatre avec exp\u00e9rience et c\u0153ur.<\/li>\n\n\n\n<li>En tant que m\u00e9decin g\u00e9n\u00e9raliste sp\u00e9cialis\u00e9e dans les soins gyn\u00e9cologiques, le Dr von Muralt apporte une longue expertise et beaucoup d\u2019empathie pour vous servir au mieux. Elle est assist\u00e9e par notre \u00e9quipe d\u2019assistantes m\u00e9dicales qualifi\u00e9es, qui sont toujours pr\u00eates \u00e0 vous conseiller et \u00e0 vous aider.<\/li>\n\n\n\n<li>De plus, vous b\u00e9n\u00e9ficiez dans notre cabinet d\u2019un suivi m\u00e9dical sp\u00e9cialis\u00e9 en m\u00e9decine interne par le Dr Marc-Alain Portmann et son \u00e9quipe. Cette collaboration interdisciplinaire nous permet de vous proposer un concept de prise en charge global d\u2019un seul tenant.<\/li>\n<\/ul>\n<\/div>\n\n\n\n<div class=\"wp-block-column is-layout-flow wp-block-column-is-layout-flow\">    <div class=\"swiper hausarztpraxis-slideshow\">\n        <div class=\"swiper-wrapper\">\n                            <div class=\"swiper-slide\">\n                    <img decoding=\"async\" src=\"https:\/\/hausarztpraxis-worb.ch\/wp-content\/uploads\/2025\/07\/Betreuung_Schwanger.jpg\" alt=\"\">\n                <\/div>\n                            <div class=\"swiper-slide\">\n                    <img decoding=\"async\" src=\"https:\/\/hausarztpraxis-worb.ch\/wp-content\/uploads\/2025\/07\/Behandlung_Frau.jpg\" alt=\"\">\n                <\/div>\n                            <div class=\"swiper-slide\">\n                    <img decoding=\"async\" src=\"https:\/\/hausarztpraxis-worb.ch\/wp-content\/uploads\/2025\/07\/Gyni.jpg\" alt=\"\">\n                <\/div>\n                            <div class=\"swiper-slide\">\n                    <img decoding=\"async\" src=\"https:\/\/hausarztpraxis-worb.ch\/wp-content\/uploads\/2025\/07\/Schwangerschaftsbetreuung.jpg\" alt=\"\">\n                <\/div>\n                    <\/div>\n        <!-- Add Pagination -->\n        <div class=\"swiper-pagination\"><\/div>\n    <\/div>\n    \n<\/div>\n<\/div>\n\n\n\n<h2 class=\"wp-block-heading\">Notre offre de soins gyn\u00e9cologiques L\u2019\u00e9ventail des prestations comprend :<\/h2>\n\n\n\n<div class=\"wp-block-esab-accordion esab-6ldi8a1j\" data-mode=\"global\" data-close=\"true\"><div class=\"esab__container\">\n<div class=\"wp-block-esab-accordion-child\"><div class=\"esab__head\" role=\"button\" aria-expanded=\"false\"><div class=\"esab__heading_txt\"><p class=\"esab__heading_tag\">Examens gyn\u00e9cologiques et pr\u00e9vention<\/p><\/div><div class=\"esab__icon\"><div class=\"esab__collapse\"> <svg xmlns=\"http:\/\/www.w3.org\/2000\/svg\" width=\"24\" height=\"24\" fill=\"currentColor\" viewBox=\"0 0 16 16\"><path fill-rule=\"evenodd\" d=\"M1.646 4.646a.5.5 0 0 1 .708 0L8 10.293l5.646-5.647a.5.5 0 0 1 .708.708l-6 6a.5.5 0 0 1-.708 0l-6-6a.5.5 0 0 1 0-.708\"><\/path><\/svg> <\/div><div class=\"esab__expand\"> <svg xmlns=\"http:\/\/www.w3.org\/2000\/svg\" width=\"24\" height=\"24\" fill=\"currentColor\" viewBox=\"0 0 16 16\"><path fill-rule=\"evenodd\" d=\"M7.646 4.646a.5.5 0 0 1 .708 0l6 6a.5.5 0 0 1-.708.708L8 5.707l-5.646 5.647a.5.5 0 0 1-.708-.708z\"><\/path><\/svg> <\/div><\/div><\/div><div class=\"esab__body\">\n<p>Qu\u2019il s\u2019agisse de troubles tels que des pertes blanches, des douleurs dans le bas-ventre, des troubles du cycle menstruel ou du souhait d\u2019effectuer r\u00e9guli\u00e8rement un frottis de d\u00e9pistage du cancer, nous prenons le temps de proc\u00e9der \u00e0 un examen minutieux et de vous conseiller individuellement. Nos mesures pr\u00e9ventives contribuent \u00e0 pr\u00e9server votre sant\u00e9 \u00e0 long terme.<\/p>\n<\/div><\/div>\n\n\n\n<div class=\"wp-block-esab-accordion-child\"><div class=\"esab__head\" role=\"button\" aria-expanded=\"false\"><div class=\"esab__heading_txt\"><p class=\"esab__heading_tag\">Conseil en contraception<\/p><\/div><div class=\"esab__icon\"><div class=\"esab__collapse\"> <svg xmlns=\"http:\/\/www.w3.org\/2000\/svg\" width=\"24\" height=\"24\" fill=\"currentColor\" viewBox=\"0 0 16 16\"><path fill-rule=\"evenodd\" d=\"M1.646 4.646a.5.5 0 0 1 .708 0L8 10.293l5.646-5.647a.5.5 0 0 1 .708.708l-6 6a.5.5 0 0 1-.708 0l-6-6a.5.5 0 0 1 0-.708\"><\/path><\/svg> <\/div><div class=\"esab__expand\"> <svg xmlns=\"http:\/\/www.w3.org\/2000\/svg\" width=\"24\" height=\"24\" fill=\"currentColor\" viewBox=\"0 0 16 16\"><path fill-rule=\"evenodd\" d=\"M7.646 4.646a.5.5 0 0 1 .708 0l6 6a.5.5 0 0 1-.708.708L8 5.707l-5.646 5.647a.5.5 0 0 1-.708-.708z\"><\/path><\/svg> <\/div><\/div><\/div><div class=\"esab__body\">\n<p>Ensemble, nous trouvons la m\u00e9thode de contraception qui vous convient le mieux. Pour ce faire, nous tenons compte de vos souhaits personnels, de votre mode de vie et de votre \u00e9tat de sant\u00e9.<\/p>\n<\/div><\/div>\n\n\n\n<div class=\"wp-block-esab-accordion-child\"><div class=\"esab__head\" role=\"button\" aria-expanded=\"false\"><div class=\"esab__heading_txt\"><p class=\"esab__heading_tag\">Conseil pendant la m\u00e9nopause<\/p><\/div><div class=\"esab__icon\"><div class=\"esab__collapse\"> <svg xmlns=\"http:\/\/www.w3.org\/2000\/svg\" width=\"24\" height=\"24\" fill=\"currentColor\" viewBox=\"0 0 16 16\"><path fill-rule=\"evenodd\" d=\"M1.646 4.646a.5.5 0 0 1 .708 0L8 10.293l5.646-5.647a.5.5 0 0 1 .708.708l-6 6a.5.5 0 0 1-.708 0l-6-6a.5.5 0 0 1 0-.708\"><\/path><\/svg> <\/div><div class=\"esab__expand\"> <svg xmlns=\"http:\/\/www.w3.org\/2000\/svg\" width=\"24\" height=\"24\" fill=\"currentColor\" viewBox=\"0 0 16 16\"><path fill-rule=\"evenodd\" d=\"M7.646 4.646a.5.5 0 0 1 .708 0l6 6a.5.5 0 0 1-.708.708L8 5.707l-5.646 5.647a.5.5 0 0 1-.708-.708z\"><\/path><\/svg> <\/div><\/div><\/div><div class=\"esab__body\">\n<p>La sant\u00e9 ne se r\u00e9sume pas \u00e0 l\u2019absence de maladie. Nous vous offrons un soutien global et traitons toutes les demandes gyn\u00e9cologiques et internes selon les normes m\u00e9dicales les plus \u00e9lev\u00e9es.<\/p>\n<\/div><\/div>\n\n\n\n<div class=\"wp-block-esab-accordion-child\"><div class=\"esab__head\" role=\"button\" aria-expanded=\"false\"><div class=\"esab__heading_txt\"><p class=\"esab__heading_tag\">Conseil et th\u00e9rapie holistiques<\/p><\/div><div class=\"esab__icon\"><div class=\"esab__collapse\"> <svg xmlns=\"http:\/\/www.w3.org\/2000\/svg\" width=\"24\" height=\"24\" fill=\"currentColor\" viewBox=\"0 0 16 16\"><path fill-rule=\"evenodd\" d=\"M1.646 4.646a.5.5 0 0 1 .708 0L8 10.293l5.646-5.647a.5.5 0 0 1 .708.708l-6 6a.5.5 0 0 1-.708 0l-6-6a.5.5 0 0 1 0-.708\"><\/path><\/svg> <\/div><div class=\"esab__expand\"> <svg xmlns=\"http:\/\/www.w3.org\/2000\/svg\" width=\"24\" height=\"24\" fill=\"currentColor\" viewBox=\"0 0 16 16\"><path fill-rule=\"evenodd\" d=\"M7.646 4.646a.5.5 0 0 1 .708 0l6 6a.5.5 0 0 1-.708.708L8 5.707l-5.646 5.647a.5.5 0 0 1-.708-.708z\"><\/path><\/svg> <\/div><\/div><\/div><div class=\"esab__body\">\n<p>La sant\u00e9 ne se r\u00e9sume pas \u00e0 l\u2019absence de maladie. Nous vous offrons un soutien global et traitons toutes les demandes gyn\u00e9cologiques et internes selon les normes m\u00e9dicales les plus \u00e9lev\u00e9es.<\/p>\n<\/div><\/div>\n\n\n\n<div class=\"wp-block-esab-accordion-child\"><div class=\"esab__head\" role=\"button\" aria-expanded=\"false\"><div class=\"esab__heading_txt\"><p class=\"esab__heading_tag\">Analyses de laboratoire directement sur place<\/p><\/div><div class=\"esab__icon\"><div class=\"esab__collapse\"> <svg xmlns=\"http:\/\/www.w3.org\/2000\/svg\" width=\"24\" height=\"24\" fill=\"currentColor\" viewBox=\"0 0 16 16\"><path fill-rule=\"evenodd\" d=\"M1.646 4.646a.5.5 0 0 1 .708 0L8 10.293l5.646-5.647a.5.5 0 0 1 .708.708l-6 6a.5.5 0 0 1-.708 0l-6-6a.5.5 0 0 1 0-.708\"><\/path><\/svg> <\/div><div class=\"esab__expand\"> <svg xmlns=\"http:\/\/www.w3.org\/2000\/svg\" width=\"24\" height=\"24\" fill=\"currentColor\" viewBox=\"0 0 16 16\"><path fill-rule=\"evenodd\" d=\"M7.646 4.646a.5.5 0 0 1 .708 0l6 6a.5.5 0 0 1-.708.708L8 5.707l-5.646 5.647a.5.5 0 0 1-.708-.708z\"><\/path><\/svg> <\/div><\/div><\/div><div class=\"esab__body\">\n<p>Nous accordons une grande importance aux diagnostics effectu\u00e9s dans les meilleurs d\u00e9lais. C\u2019est pourquoi nous pouvons faire effectuer les analyses de laboratoire n\u00e9cessaires directement dans notre cabinet. Cela permet d\u2019obtenir des r\u00e9sultats rapides et de vous \u00e9clairer rapidement.<\/p>\n<\/div><\/div>\n\n\n\n<div class=\"wp-block-esab-accordion-child\"><div class=\"esab__head\" role=\"button\" aria-expanded=\"false\"><div class=\"esab__heading_txt\"><p class=\"esab__heading_tag\">Th\u00e9rapie en cas de carence en fer et d&rsquo;an\u00e9mie<\/p><\/div><div class=\"esab__icon\"><div class=\"esab__collapse\"> <svg xmlns=\"http:\/\/www.w3.org\/2000\/svg\" width=\"24\" height=\"24\" fill=\"currentColor\" viewBox=\"0 0 16 16\"><path fill-rule=\"evenodd\" d=\"M1.646 4.646a.5.5 0 0 1 .708 0L8 10.293l5.646-5.647a.5.5 0 0 1 .708.708l-6 6a.5.5 0 0 1-.708 0l-6-6a.5.5 0 0 1 0-.708\"><\/path><\/svg> <\/div><div class=\"esab__expand\"> <svg xmlns=\"http:\/\/www.w3.org\/2000\/svg\" width=\"24\" height=\"24\" fill=\"currentColor\" viewBox=\"0 0 16 16\"><path fill-rule=\"evenodd\" d=\"M7.646 4.646a.5.5 0 0 1 .708 0l6 6a.5.5 0 0 1-.708.708L8 5.707l-5.646 5.647a.5.5 0 0 1-.708-.708z\"><\/path><\/svg> <\/div><\/div><\/div><div class=\"esab__body\">\n<p>\u00c9puisement, fatigue ou probl\u00e8mes de concentration ? La carence en fer est une cause fr\u00e9quente que nous pouvons traiter de mani\u00e8re cibl\u00e9e. Nous vous proposons des perfusions de fer adapt\u00e9es \u00e0 vos besoins individuels, afin que vous puissiez \u00e0 nouveau faire le plein d\u2019\u00e9nergie au quotidien.<\/p>\n<\/div><\/div>\n\n\n\n<div class=\"wp-block-esab-accordion-child\"><div class=\"esab__head\" role=\"button\" aria-expanded=\"false\"><div class=\"esab__heading_txt\"><p class=\"esab__heading_tag\">Traitement des infections<\/p><\/div><div class=\"esab__icon\"><div class=\"esab__collapse\"> <svg xmlns=\"http:\/\/www.w3.org\/2000\/svg\" width=\"24\" height=\"24\" fill=\"currentColor\" viewBox=\"0 0 16 16\"><path fill-rule=\"evenodd\" d=\"M1.646 4.646a.5.5 0 0 1 .708 0L8 10.293l5.646-5.647a.5.5 0 0 1 .708.708l-6 6a.5.5 0 0 1-.708 0l-6-6a.5.5 0 0 1 0-.708\"><\/path><\/svg> <\/div><div class=\"esab__expand\"> <svg xmlns=\"http:\/\/www.w3.org\/2000\/svg\" width=\"24\" height=\"24\" fill=\"currentColor\" viewBox=\"0 0 16 16\"><path fill-rule=\"evenodd\" d=\"M7.646 4.646a.5.5 0 0 1 .708 0l6 6a.5.5 0 0 1-.708.708L8 5.707l-5.646 5.647a.5.5 0 0 1-.708-.708z\"><\/path><\/svg> <\/div><\/div><\/div><div class=\"esab__body\">\n<p>Les infections peuvent \u00eatre p\u00e9nibles, mais nous veillons \u00e0 ce qu\u2019elles soient trait\u00e9es rapidement et efficacement. Notre diagnostic et notre th\u00e9rapie vous aident \u00e0 vous sentir rapidement \u00e0 nouveau bien.<\/p>\n<\/div><\/div>\n\n\n\n<div class=\"wp-block-esab-accordion-child\"><div class=\"esab__head\" role=\"button\" aria-expanded=\"false\"><div class=\"esab__heading_txt\"><p class=\"esab__heading_tag\">Accompagnement empathique de la grossesse<\/p><\/div><div class=\"esab__icon\"><div class=\"esab__collapse\"> <svg xmlns=\"http:\/\/www.w3.org\/2000\/svg\" width=\"24\" height=\"24\" fill=\"currentColor\" viewBox=\"0 0 16 16\"><path fill-rule=\"evenodd\" d=\"M1.646 4.646a.5.5 0 0 1 .708 0L8 10.293l5.646-5.647a.5.5 0 0 1 .708.708l-6 6a.5.5 0 0 1-.708 0l-6-6a.5.5 0 0 1 0-.708\"><\/path><\/svg> <\/div><div class=\"esab__expand\"> <svg xmlns=\"http:\/\/www.w3.org\/2000\/svg\" width=\"24\" height=\"24\" fill=\"currentColor\" viewBox=\"0 0 16 16\"><path fill-rule=\"evenodd\" d=\"M7.646 4.646a.5.5 0 0 1 .708 0l6 6a.5.5 0 0 1-.708.708L8 5.707l-5.646 5.647a.5.5 0 0 1-.708-.708z\"><\/path><\/svg> <\/div><\/div><\/div><div class=\"esab__body\">\n<p>Votre grossesse est un voyage particulier \u2013 et nous vous accompagnons d\u00e8s le d\u00e9but. Des premiers contr\u00f4les \u00e0 l\u2019accouchement, nous sommes \u00e0 vos c\u00f4t\u00e9s. Les \u00e9chographies et l\u2019accouchement ont lieu \u00e0 la Clinique gyn\u00e9cologique de Berne, o\u00f9 nous travaillons en \u00e9troite collaboration avec vous et le personnel sp\u00e9cialis\u00e9 de l\u2019\u00e9tablissement.<\/p>\n<\/div><\/div>\n<\/div><\/div>\n\n\n\n<h2 class=\"wp-block-heading\" style=\"margin-top:60px\">Nous sommes l\u00e0 pour vous \u2013 \u00e0 chaque \u00e9tape de votre vie.<\/h2>\n\n\n\n<p>Votre sant\u00e9 et votre bien-\u00eatre sont notre motivation. Contactez-nous pour convenir d\u2019un rendez-vous \u2013 nous nous r\u00e9jouissons de vous accueillir dans notre cabinet \u00e0 Worb!<\/p>\n<\/div>\n","protected":false},"excerpt":{"rendered":"<p>Bienvenue dans notre cabinet de gyn\u00e9cologie \u00e0 Worb, o\u00f9 nous nous occupons de votre sant\u00e9 avec c\u0153ur et savoir-faire. Votre bien-\u00eatre est notre priorit\u00e9 et notre objectif est de vous accompagner individuellement et globalement dans chaque phase de votre vie.Notre large gamme d\u2019examens et de conseils ambulatoires est con\u00e7ue pour r\u00e9pondre \u00e0 vos besoins individuels [&hellip;]<\/p>\n","protected":false},"author":1,"featured_media":541,"parent":870,"menu_order":28,"comment_status":"closed","ping_status":"closed","template":"","meta":{"_acf_changed":false,"inline_featured_image":false,"footnotes":""},"class_list":["post-970","page","type-page","status-publish","has-post-thumbnail","hentry"],"acf":[],"_links":{"self":[{"href":"https:\/\/hausarztpraxis-worb.ch\/fr\/wp-json\/wp\/v2\/pages\/970","targetHints":{"allow":["GET"]}}],"collection":[{"href":"https:\/\/hausarztpraxis-worb.ch\/fr\/wp-json\/wp\/v2\/pages"}],"about":[{"href":"https:\/\/hausarztpraxis-worb.ch\/fr\/wp-json\/wp\/v2\/types\/page"}],"author":[{"embeddable":true,"href":"https:\/\/hausarztpraxis-worb.ch\/fr\/wp-json\/wp\/v2\/users\/1"}],"replies":[{"embeddable":true,"href":"https:\/\/hausarztpraxis-worb.ch\/fr\/wp-json\/wp\/v2\/comments?post=970"}],"version-history":[{"count":3,"href":"https:\/\/hausarztpraxis-worb.ch\/fr\/wp-json\/wp\/v2\/pages\/970\/revisions"}],"predecessor-version":[{"id":999,"href":"https:\/\/hausarztpraxis-worb.ch\/fr\/wp-json\/wp\/v2\/pages\/970\/revisions\/999"}],"up":[{"embeddable":true,"href":"https:\/\/hausarztpraxis-worb.ch\/fr\/wp-json\/wp\/v2\/pages\/870"}],"wp:featuredmedia":[{"embeddable":true,"href":"https:\/\/hausarztpraxis-worb.ch\/fr\/wp-json\/wp\/v2\/media\/541"}],"wp:attachment":[{"href":"https:\/\/hausarztpraxis-worb.ch\/fr\/wp-json\/wp\/v2\/media?parent=970"}],"curies":[{"name":"wp","href":"https:\/\/api.w.org\/{rel}","templated":true}]}}