{"id":870,"date":"2025-07-23T14:32:56","date_gmt":"2025-07-23T12:32:56","guid":{"rendered":"https:\/\/hausarztpraxis-worb.ch.olympius.sui-inter.net\/offres\/"},"modified":"2026-01-25T21:43:04","modified_gmt":"2026-01-25T20:43:04","slug":"offres","status":"publish","type":"page","link":"https:\/\/hausarztpraxis-worb.ch\/fr\/offres\/","title":{"rendered":"Offres"},"content":{"rendered":"\n<div class=\"wp-block-group has-global-padding is-layout-constrained wp-block-group-is-layout-constrained\" style=\"padding-bottom:60px\">\n<blockquote class=\"wp-block-quote is-layout-flow wp-block-quote-is-layout-flow\">\n<p>La sant\u00e9 est synonyme de qualit\u00e9 de vie. Nous vous offrons des soins m\u00e9dicaux complets et de qualit\u00e9 dans toutes les situations et pour toute la famille. Une bonne relation, ouverte et confidentielle, avec nos patients est tr\u00e8s importante pour nous.  <\/p>\n<\/blockquote>\n\n\n\n<p>Notre expertise m\u00e9dicale est \u00e0 la pointe du progr\u00e8s et nous travaillons selon les derni\u00e8res directives. Si n\u00e9cessaire, nous collaborons avec des partenaires sp\u00e9cialis\u00e9s comp\u00e9tents de la r\u00e9gion qui sont les mieux adapt\u00e9s \u00e0 votre situation afin de vous garantir des soins de sant\u00e9 efficaces et optimaux. <\/p>\n\n\n\n<div class=\"wp-block-esab-accordion esab-6ldi8a1j\" data-mode=\"global\" data-close=\"true\"><div class=\"esab__container\">\n<div class=\"wp-block-esab-accordion-child\"><div class=\"esab__head\" role=\"button\" aria-expanded=\"false\"><div class=\"esab__heading_txt\"><p class=\"esab__heading_tag\">Hausarztmedizin<\/p><\/div><div class=\"esab__icon\"><div class=\"esab__collapse\"> <svg xmlns=\"http:\/\/www.w3.org\/2000\/svg\" width=\"24\" height=\"24\" fill=\"currentColor\" viewBox=\"0 0 16 16\"><path fill-rule=\"evenodd\" d=\"M1.646 4.646a.5.5 0 0 1 .708 0L8 10.293l5.646-5.647a.5.5 0 0 1 .708.708l-6 6a.5.5 0 0 1-.708 0l-6-6a.5.5 0 0 1 0-.708\"><\/path><\/svg> <\/div><div class=\"esab__expand\"> <svg xmlns=\"http:\/\/www.w3.org\/2000\/svg\" width=\"24\" height=\"24\" fill=\"currentColor\" viewBox=\"0 0 16 16\"><path fill-rule=\"evenodd\" d=\"M7.646 4.646a.5.5 0 0 1 .708 0l6 6a.5.5 0 0 1-.708.708L8 5.707l-5.646 5.647a.5.5 0 0 1-.708-.708z\"><\/path><\/svg> <\/div><\/div><\/div><div class=\"esab__body\">\n<ul class=\"wp-block-list\">\n<li>Soins m\u00e9dicaux g\u00e9n\u00e9raux<\/li>\n\n\n\n<li>Personne de contact pour tous les probl\u00e8mes m\u00e9dicaux<\/li>\n\n\n\n<li>Soutien et soins de longue dur\u00e9e pour les maladies chroniques<\/li>\n\n\n\n<li>Traitement d\u2019urgence<\/li>\n\n\n\n<li>Conseils de vaccination, vaccinations<\/li>\n\n\n\n<li>Conseils m\u00e9dicaux pour les voyages<\/li>\n\n\n\n<li>Conseils sp\u00e9cialis\u00e9s pour arr\u00eater de fumer<\/li>\n\n\n\n<li>Petites interventions chirurgicales, soins des plaies<\/li>\n\n\n\n<li>Conseils et soutien pour tous les probl\u00e8mes psychosomatiques et psychologiques en coop\u00e9ration avec des services sp\u00e9cialis\u00e9s<\/li>\n\n\n\n<li>Accompagnement de la mort, accompagnement dans les situations palliatives<\/li>\n\n\n\n<li>Evaluation de l\u2019aptitude \u00e0 la plong\u00e9e<\/li>\n\n\n\n<li>\u00c9valuation de l\u2019aptitude \u00e0 la conduite, niveaux 1 et 2<\/li>\n\n\n\n<li>Les enfants sont les bienvenus dans notre cabinet<\/li>\n\n\n\n<li>Soins m\u00e9dicaux \u00e0 l\u2019\u00e9cole<\/li>\n<\/ul>\n<\/div><\/div>\n\n\n\n<div class=\"wp-block-esab-accordion-child\"><div class=\"esab__head\" role=\"button\" aria-expanded=\"false\"><div class=\"esab__heading_txt\"><p class=\"esab__heading_tag\">Innere Medizin<\/p><\/div><div class=\"esab__icon\"><div class=\"esab__collapse\"> <svg xmlns=\"http:\/\/www.w3.org\/2000\/svg\" width=\"24\" height=\"24\" fill=\"currentColor\" viewBox=\"0 0 16 16\"><path fill-rule=\"evenodd\" d=\"M1.646 4.646a.5.5 0 0 1 .708 0L8 10.293l5.646-5.647a.5.5 0 0 1 .708.708l-6 6a.5.5 0 0 1-.708 0l-6-6a.5.5 0 0 1 0-.708\"><\/path><\/svg> <\/div><div class=\"esab__expand\"> <svg xmlns=\"http:\/\/www.w3.org\/2000\/svg\" width=\"24\" height=\"24\" fill=\"currentColor\" viewBox=\"0 0 16 16\"><path fill-rule=\"evenodd\" d=\"M7.646 4.646a.5.5 0 0 1 .708 0l6 6a.5.5 0 0 1-.708.708L8 5.707l-5.646 5.647a.5.5 0 0 1-.708-.708z\"><\/path><\/svg> <\/div><\/div><\/div><div class=\"esab__body\">\n<p>Notre vaste gamme de services dans le domaine de la m\u00e9decine interne comprend :<\/p>\n\n\n\n<ul class=\"wp-block-list\">\n<li>Evaluation, traitement et suivi r\u00e9gulier des maladies des organes internes<\/li>\n\n\n\n<li>Traitement optimis\u00e9 pour les situations de maladie complexes \u00e0 diagnostics multiples<\/li>\n\n\n\n<li>Th\u00e9rapies par perfusion (fer, anticorps et autres)<\/li>\n\n\n\n<li>Evaluation et traitement des troubles gastro-intestinaux et des intol\u00e9rances alimentaires<\/li>\n\n\n\n<li>Pr\u00e9cisions sur les allergies et les traitements de d\u00e9sensibilisation<\/li>\n\n\n\n<li>Evaluation des troubles respiratoires nocturnes et de l\u2019apn\u00e9e du sommeil<\/li>\n\n\n\n<li>Recherche des causes et diagnostic \u00e9tendu de l\u2019hypertension art\u00e9rielle s\u00e9v\u00e8re<\/li>\n\n\n\n<li>Evaluation et conseils sp\u00e9cialis\u00e9s pour lors de fatigue (\u00e9puisement chronique)<\/li>\n\n\n\n<li>Avis scientifiques sur les maladies transmises par les tiques et les sympt\u00f4mes de la maladie de Lyme<\/li>\n<\/ul>\n<\/div><\/div>\n\n\n\n<div class=\"wp-block-esab-accordion-child\"><div class=\"esab__head\" role=\"button\" aria-expanded=\"false\"><div class=\"esab__heading_txt\"><p class=\"esab__heading_tag\">Check-Up-Untersuchungen \/ Vorsorge f\u00fcr Jung und Alt<\/p><\/div><div class=\"esab__icon\"><div class=\"esab__collapse\"> <svg xmlns=\"http:\/\/www.w3.org\/2000\/svg\" width=\"24\" height=\"24\" fill=\"currentColor\" viewBox=\"0 0 16 16\"><path fill-rule=\"evenodd\" d=\"M1.646 4.646a.5.5 0 0 1 .708 0L8 10.293l5.646-5.647a.5.5 0 0 1 .708.708l-6 6a.5.5 0 0 1-.708 0l-6-6a.5.5 0 0 1 0-.708\"><\/path><\/svg> <\/div><div class=\"esab__expand\"> <svg xmlns=\"http:\/\/www.w3.org\/2000\/svg\" width=\"24\" height=\"24\" fill=\"currentColor\" viewBox=\"0 0 16 16\"><path fill-rule=\"evenodd\" d=\"M7.646 4.646a.5.5 0 0 1 .708 0l6 6a.5.5 0 0 1-.708.708L8 5.707l-5.646 5.647a.5.5 0 0 1-.708-.708z\"><\/path><\/svg> <\/div><\/div><\/div><div class=\"esab__body\">\n<p>Des examens m\u00e9dicaux r\u00e9guliers sont importants pour la pr\u00e9vention et la d\u00e9tection pr\u00e9coce des maladies, tant pour les personnes \u00e2g\u00e9es que pour les jeunes. Les examens pr\u00e9ventifs qui vous sont recommand\u00e9s et leur fr\u00e9quence d\u00e9pendent de votre \u00e2ge, de vos ant\u00e9c\u00e9dents m\u00e9dicaux et des \u00e9v\u00e9nements familiaux importants sur le plan m\u00e9dical. Nous vous conseillerons volontiers personnellement pendant nos heures de consultation.  <\/p>\n<\/div><\/div>\n\n\n\n<div class=\"wp-block-esab-accordion-child\"><div class=\"esab__head\" role=\"button\" aria-expanded=\"false\"><div class=\"esab__heading_txt\"><p class=\"esab__heading_tag\">Gyn\u00e4kologie\/ Frauenheilkunde<\/p><\/div><div class=\"esab__icon\"><div class=\"esab__collapse\"> <svg xmlns=\"http:\/\/www.w3.org\/2000\/svg\" width=\"24\" height=\"24\" fill=\"currentColor\" viewBox=\"0 0 16 16\"><path fill-rule=\"evenodd\" d=\"M1.646 4.646a.5.5 0 0 1 .708 0L8 10.293l5.646-5.647a.5.5 0 0 1 .708.708l-6 6a.5.5 0 0 1-.708 0l-6-6a.5.5 0 0 1 0-.708\"><\/path><\/svg> <\/div><div class=\"esab__expand\"> <svg xmlns=\"http:\/\/www.w3.org\/2000\/svg\" width=\"24\" height=\"24\" fill=\"currentColor\" viewBox=\"0 0 16 16\"><path fill-rule=\"evenodd\" d=\"M7.646 4.646a.5.5 0 0 1 .708 0l6 6a.5.5 0 0 1-.708.708L8 5.707l-5.646 5.647a.5.5 0 0 1-.708-.708z\"><\/path><\/svg> <\/div><\/div><\/div><div class=\"esab__body\">\n<p><\/p>\n\n\n\n<div class=\"wp-block-columns is-layout-flex wp-container-core-columns-is-layout-28f84493 wp-block-columns-is-layout-flex\">\n<div class=\"wp-block-column is-layout-flow wp-block-column-is-layout-flow\" style=\"flex-basis:33.33%\">\n<figure class=\"wp-block-image size-full\"><img decoding=\"async\" width=\"1614\" height=\"294\" src=\"https:\/\/hausarztpraxis-worb.ch\/wp-content\/uploads\/2025\/07\/vonMuralt_Logo_Gyni.png\" alt=\"\" class=\"wp-image-237\" srcset=\"https:\/\/hausarztpraxis-worb.ch\/wp-content\/uploads\/2025\/07\/vonMuralt_Logo_Gyni.png 1614w, https:\/\/hausarztpraxis-worb.ch\/wp-content\/uploads\/2025\/07\/vonMuralt_Logo_Gyni-300x55.png 300w, https:\/\/hausarztpraxis-worb.ch\/wp-content\/uploads\/2025\/07\/vonMuralt_Logo_Gyni-1024x187.png 1024w, https:\/\/hausarztpraxis-worb.ch\/wp-content\/uploads\/2025\/07\/vonMuralt_Logo_Gyni-768x140.png 768w, https:\/\/hausarztpraxis-worb.ch\/wp-content\/uploads\/2025\/07\/vonMuralt_Logo_Gyni-1536x280.png 1536w\" sizes=\"(max-width: 1614px) 100vw, 1614px\" \/><\/figure>\n<\/div>\n\n\n\n<div class=\"wp-block-column is-layout-flow wp-block-column-is-layout-flow\" style=\"flex-basis:66.66%\">\n<ul class=\"wp-block-list\">\n<li>Contr\u00f4les m\u00e9dicaux pr\u00e9ventifs gyn\u00e9cologiques<\/li>\n\n\n\n<li>Conseils sur les moyens contraceptifs<\/li>\n\n\n\n<li>Insertion de b\u00e2tonnets (implant) et de serpentins contraceptifs<\/li>\n\n\n\n<li>Soins pendant la grossesse<br>L\u2019accouchement a lieu \u00e0 la Clinique universitaire de gyn\u00e9cologie de Berne.<\/li>\n<\/ul>\n\n\n\n<div class=\"wp-block-buttons is-layout-flex wp-block-buttons-is-layout-flex\">\n<div class=\"wp-block-button\"><a class=\"wp-block-button__link wp-element-button\" href=\"https:\/\/hausarztpraxis-worb.ch\/fr\/offres\/gynecologie\/\">En savoir plus<\/a><\/div>\n<\/div>\n<\/div>\n<\/div>\n<\/div><\/div>\n\n\n\n<div class=\"wp-block-esab-accordion-child\"><div class=\"esab__head\" role=\"button\" aria-expanded=\"false\"><div class=\"esab__heading_txt\"><p class=\"esab__heading_tag\">Bewegungsapparat und Manuelle Medizin<\/p><\/div><div class=\"esab__icon\"><div class=\"esab__collapse\"> <svg xmlns=\"http:\/\/www.w3.org\/2000\/svg\" width=\"24\" height=\"24\" fill=\"currentColor\" viewBox=\"0 0 16 16\"><path fill-rule=\"evenodd\" d=\"M1.646 4.646a.5.5 0 0 1 .708 0L8 10.293l5.646-5.647a.5.5 0 0 1 .708.708l-6 6a.5.5 0 0 1-.708 0l-6-6a.5.5 0 0 1 0-.708\"><\/path><\/svg> <\/div><div class=\"esab__expand\"> <svg xmlns=\"http:\/\/www.w3.org\/2000\/svg\" width=\"24\" height=\"24\" fill=\"currentColor\" viewBox=\"0 0 16 16\"><path fill-rule=\"evenodd\" d=\"M7.646 4.646a.5.5 0 0 1 .708 0l6 6a.5.5 0 0 1-.708.708L8 5.707l-5.646 5.647a.5.5 0 0 1-.708-.708z\"><\/path><\/svg> <\/div><\/div><\/div><div class=\"esab__body\">\n<ul class=\"wp-block-list\">\n<li>Nous nous occupons du traitement des maladies de l\u2019appareil locomoteur, c\u2019est-\u00e0-dire de la colonne vert\u00e9brale, des articulations et des muscles. Dans la mesure du possible, nous nous concentrons toujours sur les traitements non chirurgicaux.  <\/li>\n\n\n\n<li>Dans certains cas, la m\u00e9decine manuelle offre la possibilit\u00e9 de soulager des douleurs en utilisant des techniques sp\u00e9ciales et des mouvements de la main. Elles sont en partie tr\u00e8s similaires \u00e0 la chiropratique. <\/li>\n\n\n\n<li><a href=\"https:\/\/www.samm.ch\/fr\/manuelle-medizin\/manuelle-medizin.html\" target=\"_blank\" rel=\"noreferrer noopener\">Vous pouvez trouver plus d\u2019informations sur la m\u00e9decine manuelle ici: https:\/\/www.samm.ch\/fr\/manuelle-medizin\/manuelle-medizin.html<\/a><\/li>\n<\/ul>\n<\/div><\/div>\n\n\n\n<div class=\"wp-block-esab-accordion-child\"><div class=\"esab__head\" role=\"button\" aria-expanded=\"false\"><div class=\"esab__heading_txt\"><p class=\"esab__heading_tag\">Adipositas-Sprechstunde \u2013 Erfolgreich abnehmen<\/p><\/div><div class=\"esab__icon\"><div class=\"esab__collapse\"> <svg xmlns=\"http:\/\/www.w3.org\/2000\/svg\" width=\"24\" height=\"24\" fill=\"currentColor\" viewBox=\"0 0 16 16\"><path fill-rule=\"evenodd\" d=\"M1.646 4.646a.5.5 0 0 1 .708 0L8 10.293l5.646-5.647a.5.5 0 0 1 .708.708l-6 6a.5.5 0 0 1-.708 0l-6-6a.5.5 0 0 1 0-.708\"><\/path><\/svg> <\/div><div class=\"esab__expand\"> <svg xmlns=\"http:\/\/www.w3.org\/2000\/svg\" width=\"24\" height=\"24\" fill=\"currentColor\" viewBox=\"0 0 16 16\"><path fill-rule=\"evenodd\" d=\"M7.646 4.646a.5.5 0 0 1 .708 0l6 6a.5.5 0 0 1-.708.708L8 5.707l-5.646 5.647a.5.5 0 0 1-.708-.708z\"><\/path><\/svg> <\/div><\/div><\/div><div class=\"esab__body\">\n<p>Dans notre cabinet, nous proposons une consultation sp\u00e9cialis\u00e9e dans l&rsquo;ob\u00e9sit\u00e9 afin d&rsquo;accompagner de mani\u00e8re professionnelle et individuelle les personnes en surpoids. Notre objectif est de vous soutenir pleinement dans votre d\u00e9marche de perte de poids durable. Nous sommes un centre interdisciplinaire sp\u00e9cialis\u00e9 dans l&rsquo;ob\u00e9sit\u00e9 et reconnu par les caisses d&rsquo;assurance maladie dans ce domaine. Gr\u00e2ce \u00e0 nos conseils nutritionnels, \u00e0 notre consultation en chirurgie visc\u00e9rale et \u00e0 notre \u00e9troite collaboration avec les centres de physioth\u00e9rapie, de chirurgie bariatrique et de psychoth\u00e9rapie internes, nous pouvons vous offrir un accompagnement complet pour perdre du poids.<\/p>\n\n\n\n<p>Selon les indications m\u00e9dicales, la perte de poids peut \u00eatre accompagn\u00e9e d&rsquo;un traitement m\u00e9dicamenteux, par exemple avec les m\u00e9dicaments Wegovy et Mounjaro. Nous vous conseillons volontiers sur les diff\u00e9rentes possibilit\u00e9s et vous accompagnons tout au long de la th\u00e9rapie.<\/p>\n\n\n\n<p>En compl\u00e9ment de la consultation sur l&rsquo;ob\u00e9sit\u00e9, nous proposons le programme di\u00e9t\u00e9tique Precon. Ce programme peut constituer un compl\u00e9ment utile \u00e0 la prise en charge m\u00e9dicale. Bien entendu, vous trouverez \u00e9galement tous les produits di\u00e9t\u00e9tiques Precon dans notre cabinet.<\/p>\n\n\n\n<p>Il est \u00e9galement possible de d\u00e9terminer la composition corporelle \u00e0 l&rsquo;aide de mesures BIA (analyse d&rsquo;imp\u00e9dance bio\u00e9lectrique). Cela comprend la masse extracellulaire, la masse musculaire et organique, le taux de graisse et la teneur en eau.<\/p>\n\n\n\n<p>Notre \u00e9quipe est \u00e0 vos c\u00f4t\u00e9s pour vous fournir des conseils avis\u00e9s et un accompagnement personnalis\u00e9, pour une perte de poids saine et durable.<\/p>\n<\/div><\/div>\n\n\n\n<div class=\"wp-block-esab-accordion-child\"><div class=\"esab__head\" role=\"button\" aria-expanded=\"false\"><div class=\"esab__heading_txt\"><p class=\"esab__heading_tag\">Laserbehandlungen<\/p><\/div><div class=\"esab__icon\"><div class=\"esab__collapse\"> <svg xmlns=\"http:\/\/www.w3.org\/2000\/svg\" width=\"24\" height=\"24\" fill=\"currentColor\" viewBox=\"0 0 16 16\"><path fill-rule=\"evenodd\" d=\"M1.646 4.646a.5.5 0 0 1 .708 0L8 10.293l5.646-5.647a.5.5 0 0 1 .708.708l-6 6a.5.5 0 0 1-.708 0l-6-6a.5.5 0 0 1 0-.708\"><\/path><\/svg> <\/div><div class=\"esab__expand\"> <svg xmlns=\"http:\/\/www.w3.org\/2000\/svg\" width=\"24\" height=\"24\" fill=\"currentColor\" viewBox=\"0 0 16 16\"><path fill-rule=\"evenodd\" d=\"M7.646 4.646a.5.5 0 0 1 .708 0l6 6a.5.5 0 0 1-.708.708L8 5.707l-5.646 5.647a.5.5 0 0 1-.708-.708z\"><\/path><\/svg> <\/div><\/div><\/div><div class=\"esab__body\">\n<p>Nous vous proposons d\u00e8s \u00e0 pr\u00e9sent la th\u00e9rapie moderne au laser CO\u2082 pour un traitement doux et efficace des alt\u00e9rations cutan\u00e9es. Cette m\u00e9thode est parfaitement adapt\u00e9e \u00e0 l\u2019\u00e9limination des modifications et des irr\u00e9gularit\u00e9s cutan\u00e9es m\u00e9dicalement pertinentes mais b\u00e9nignes. Profitez de r\u00e9sultats pr\u00e9cis et d\u2019un temps de gu\u00e9rison rapide.  <\/p>\n<\/div><\/div>\n\n\n\n<div class=\"wp-block-esab-accordion-child\"><div class=\"esab__head\" role=\"button\" aria-expanded=\"false\"><div class=\"esab__heading_txt\"><p class=\"esab__heading_tag\">Telemedizin \u2013 Ihre flexible M\u00f6glichkeit zur \u00e4rztlichen Beratung<\/p><\/div><div class=\"esab__icon\"><div class=\"esab__collapse\"> <svg xmlns=\"http:\/\/www.w3.org\/2000\/svg\" width=\"24\" height=\"24\" fill=\"currentColor\" viewBox=\"0 0 16 16\"><path fill-rule=\"evenodd\" d=\"M1.646 4.646a.5.5 0 0 1 .708 0L8 10.293l5.646-5.647a.5.5 0 0 1 .708.708l-6 6a.5.5 0 0 1-.708 0l-6-6a.5.5 0 0 1 0-.708\"><\/path><\/svg> <\/div><div class=\"esab__expand\"> <svg xmlns=\"http:\/\/www.w3.org\/2000\/svg\" width=\"24\" height=\"24\" fill=\"currentColor\" viewBox=\"0 0 16 16\"><path fill-rule=\"evenodd\" d=\"M7.646 4.646a.5.5 0 0 1 .708 0l6 6a.5.5 0 0 1-.708.708L8 5.707l-5.646 5.647a.5.5 0 0 1-.708-.708z\"><\/path><\/svg> <\/div><\/div><\/div><div class=\"esab__body\">\n<p>Dans certaines situations, une consultation t\u00e9l\u00e9phonique avec le m\u00e9decin peut \u00eatre \u00e0 la fois plus rapide et plus pratique qu\u2019une visite personnelle au cabinet. Afin de vous offrir des soins m\u00e9dicaux compl\u00e9mentaires et flexibles, nous vous permettons de b\u00e9n\u00e9ficier de diff\u00e9rents services de t\u00e9l\u00e9m\u00e9decine. <\/p>\n\n\n\n<p><strong>Nos offres de t\u00e9l\u00e9m\u00e9decine :<\/strong><\/p>\n\n\n\n<ul class=\"wp-block-list\">\n<li>Les consultations t\u00e9l\u00e9phoniques : Elles sont id\u00e9ales pour r\u00e9pondre \u00e0 de br\u00e8ves questions ou pour discuter de questions m\u00e9dicales simples. Pendant la conversation, il est possible de d\u00e9cider ensemble si une pr\u00e9sentation au cabinet est n\u00e9cessaire. Les consultations t\u00e9l\u00e9phoniques offrent l\u2019avantage de pouvoir demander un conseil m\u00e9dical rapidement et confortablement depuis chez soi.  <\/li>\n\n\n\n<li>Communication par e-mail : si vous avez des photos, des r\u00e9sultats ou d\u2019autres documents pertinents pour votre question m\u00e9dicale, vous pouvez simplement nous les envoyer par e-mail. De cette mani\u00e8re, nous pouvons traiter vos demandes avec pr\u00e9cision et sans d\u00e9lai d\u2019attente. <\/li>\n\n\n\n<li>Des consultations vid\u00e9o : Pour une consultation encore plus personnalis\u00e9e, nous proposons \u00e9galement des consultations vid\u00e9o via WhatsApp ou Microsoft Teams. Celles-ci sont particuli\u00e8rement utiles lorsqu\u2019un examen visuel est n\u00e9cessaire mais qu\u2019il n\u2019est pas possible de se rendre au cabinet. <\/li>\n<\/ul>\n\n\n\n<p><strong>Remarques importantes :<\/strong><\/p>\n\n\n\n<ul class=\"wp-block-list\">\n<li>Pour b\u00e9n\u00e9ficier d\u2019une consultation t\u00e9l\u00e9phonique ou d\u2019un entretien par e-mail, vous devez \u00eatre enregistr\u00e9 chez nous en tant que patient et nous devons conna\u00eetre vos ant\u00e9c\u00e9dents m\u00e9dicaux.<\/li>\n\n\n\n<li>Une premi\u00e8re pr\u00e9sentation au cabinet est g\u00e9n\u00e9ralement n\u00e9cessaire avant de pouvoir effectuer un traitement par t\u00e9l\u00e9phone ou une autre forme de traitement \u00e0 distance.<\/li>\n\n\n\n<li>Pour des raisons juridiques, un rendez-vous personnel au cabinet est le plus souvent n\u00e9cessaire pour l\u2019\u00e9tablissement de certificats m\u00e9dicaux.<\/li>\n<\/ul>\n\n\n\n<p>Nos services de t\u00e9l\u00e9m\u00e9decine offrent une solution moderne et pratique pour r\u00e9pondre rapidement et facilement \u00e0 vos questions de sant\u00e9. Contactez-nous pour en savoir plus sur l\u2019option qui vous convient le mieux ! <\/p>\n<\/div><\/div>\n\n\n\n<div class=\"wp-block-esab-accordion-child\"><div class=\"esab__head\" role=\"button\" aria-expanded=\"false\"><div class=\"esab__heading_txt\"><p class=\"esab__heading_tag\">Zus\u00e4tzliche erg\u00e4nzende Untersuchungen und Behandlungen<\/p><\/div><div class=\"esab__icon\"><div class=\"esab__collapse\"> <svg xmlns=\"http:\/\/www.w3.org\/2000\/svg\" width=\"24\" height=\"24\" fill=\"currentColor\" viewBox=\"0 0 16 16\"><path fill-rule=\"evenodd\" d=\"M1.646 4.646a.5.5 0 0 1 .708 0L8 10.293l5.646-5.647a.5.5 0 0 1 .708.708l-6 6a.5.5 0 0 1-.708 0l-6-6a.5.5 0 0 1 0-.708\"><\/path><\/svg> <\/div><div class=\"esab__expand\"> <svg xmlns=\"http:\/\/www.w3.org\/2000\/svg\" width=\"24\" height=\"24\" fill=\"currentColor\" viewBox=\"0 0 16 16\"><path fill-rule=\"evenodd\" d=\"M7.646 4.646a.5.5 0 0 1 .708 0l6 6a.5.5 0 0 1-.708.708L8 5.707l-5.646 5.647a.5.5 0 0 1-.708-.708z\"><\/path><\/svg> <\/div><\/div><\/div><div class=\"esab__body\">\n<p>Afin de r\u00e9duire au maximum vos d\u00e9placements, nous proposons des explications d\u00e9taill\u00e9es et des options th\u00e9rapeutiques directement dans notre cabinet. Ainsi, nous pouvons g\u00e9n\u00e9ralement \u00e9tablir rapidement un diagnostic et prendre des mesures th\u00e9rapeutiques appropri\u00e9es. <\/p>\n\n\n\n<p><strong>Dans notre cabinet, nous effectuons les examens et les traitements suivants :<\/strong><\/p>\n\n\n\n<ul class=\"wp-block-list\">\n<li>\u00c9chographies au point de soins<\/li>\n\n\n\n<li>Vaste laboratoire de cabinet m\u00e9dical<\/li>\n\n\n\n<li>Radiographie num\u00e9rique<\/li>\n\n\n\n<li>\u00c9lectrocardiogramme (ECG)<\/li>\n\n\n\n<li>ECG \u00e0 long terme (en coop\u00e9ration avec Viollier)<\/li>\n\n\n\n<li>Mesures de la saturation en oxyg\u00e8ne dans le sang (oxym\u00e9trie de pouls et oxym\u00e9trie de pouls \u00e0 long terme)<\/li>\n\n\n\n<li>Polygraphie nocturne (troubles respiratoires pendant la nuit)<\/li>\n\n\n\n<li>Mesures de la pression art\u00e9rielle sur 24 heures<\/li>\n\n\n\n<li>Diagnostic de la fonction pulmonaire<\/li>\n\n\n\n<li>Mesures de l\u2019indice cheville-brachial pour d\u00e9terminer les troubles circulatoires dans les jambes<\/li>\n\n\n\n<li>Th\u00e9rapie par ultrasons pour les affections musculaires et articulaires<\/li>\n\n\n\n<li>Traitement des alt\u00e9rations cutan\u00e9es \u00e0 l\u2019aide d\u2019azote<\/li>\n\n\n\n<li>Audiom\u00e9trie (test auditif) et examen de la vue<\/li>\n\n\n\n<li>Tests respiratoires pour d\u00e9tecter les intol\u00e9rances alimentaires (lactose, fructose)<\/li>\n\n\n\n<li>Tests d\u2019allergie<\/li>\n<\/ul>\n<\/div><\/div>\n\n\n\n<div class=\"wp-block-esab-accordion-child\"><div class=\"esab__head\" role=\"button\" aria-expanded=\"false\"><div class=\"esab__heading_txt\"><p class=\"esab__heading_tag\">Spezial-Sprechstunden durch selbstst\u00e4ndige Partner<\/p><\/div><div class=\"esab__icon\"><div class=\"esab__collapse\"> <svg xmlns=\"http:\/\/www.w3.org\/2000\/svg\" width=\"24\" height=\"24\" fill=\"currentColor\" viewBox=\"0 0 16 16\"><path fill-rule=\"evenodd\" d=\"M1.646 4.646a.5.5 0 0 1 .708 0L8 10.293l5.646-5.647a.5.5 0 0 1 .708.708l-6 6a.5.5 0 0 1-.708 0l-6-6a.5.5 0 0 1 0-.708\"><\/path><\/svg> <\/div><div class=\"esab__expand\"> <svg xmlns=\"http:\/\/www.w3.org\/2000\/svg\" width=\"24\" height=\"24\" fill=\"currentColor\" viewBox=\"0 0 16 16\"><path fill-rule=\"evenodd\" d=\"M7.646 4.646a.5.5 0 0 1 .708 0l6 6a.5.5 0 0 1-.708.708L8 5.707l-5.646 5.647a.5.5 0 0 1-.708-.708z\"><\/path><\/svg> <\/div><\/div><\/div><div class=\"esab__body\">\n<p>Afin d\u2019optimiser les soins m\u00e9dicaux dans la r\u00e9gion de Worb, nous travaillons avec des partenaires sp\u00e9cialis\u00e9s fiables, qui proposent des heures de consultation dans nos locaux :<\/p>\n\n\n\n<ul class=\"wp-block-list\">\n<li><strong>Mme le Dr Jasna Rudez, m\u00e9decin sp\u00e9cialiste en orthop\u00e9die et en m\u00e9decine du sport<\/strong><\/li>\n\n\n\n<li><strong>M. le Dr G\u00e9rald Leist, sp\u00e9cialiste en chirurgie<\/strong>, il travaille comme m\u00e9decin agr\u00e9\u00e9 dans les h\u00f4pitaux de Burgdorf et Langnau<\/li>\n\n\n\n<li><strong>Mme Heidi Schaffer, di\u00e9t\u00e9ticienne HES<\/strong><\/li>\n<\/ul>\n<\/div><\/div>\n\n\n\n<div class=\"wp-block-esab-accordion-child\"><div class=\"esab__head\" role=\"button\" aria-expanded=\"false\"><div class=\"esab__heading_txt\"><p class=\"esab__heading_tag\">Physiotherapie<\/p><\/div><div class=\"esab__icon\"><div class=\"esab__collapse\"> <svg xmlns=\"http:\/\/www.w3.org\/2000\/svg\" width=\"24\" height=\"24\" fill=\"currentColor\" viewBox=\"0 0 16 16\"><path fill-rule=\"evenodd\" d=\"M1.646 4.646a.5.5 0 0 1 .708 0L8 10.293l5.646-5.647a.5.5 0 0 1 .708.708l-6 6a.5.5 0 0 1-.708 0l-6-6a.5.5 0 0 1 0-.708\"><\/path><\/svg> <\/div><div class=\"esab__expand\"> <svg xmlns=\"http:\/\/www.w3.org\/2000\/svg\" width=\"24\" height=\"24\" fill=\"currentColor\" viewBox=\"0 0 16 16\"><path fill-rule=\"evenodd\" d=\"M7.646 4.646a.5.5 0 0 1 .708 0l6 6a.5.5 0 0 1-.708.708L8 5.707l-5.646 5.647a.5.5 0 0 1-.708-.708z\"><\/path><\/svg> <\/div><\/div><\/div><div class=\"esab__body\">\n<p><a href=\"https:\/\/www.physio5.ch\/de\/?oid=1&amp;lang=fr\" target=\"_blank\" rel=\"noreferrer noopener\">Physio5<\/a> propose \u00e0 nos patients, mais aussi \u00e0 des patients externes souffrant de troubles orthop\u00e9diques, traumatologiques ou rhumatologiques, des traitements de physioth\u00e9rapie individuels adapt\u00e9s \u00e0 leurs besoins. Un autre point fort de la physioth\u00e9rapie est le suivi des sportifs de haut niveau et des sportifs amateurs apr\u00e8s des blessures. Le cabinet se trouve au 2\u00e8me \u00e9tage.<\/p>\n<\/div><\/div>\n<\/div><\/div>\n<\/div>\n","protected":false},"excerpt":{"rendered":"<p>La sant\u00e9 est synonyme de qualit\u00e9 de vie. Nous vous offrons des soins m\u00e9dicaux complets et de qualit\u00e9 dans toutes les situations et pour toute la famille. Une bonne relation, ouverte et confidentielle, avec nos patients est tr\u00e8s importante pour nous. Notre expertise m\u00e9dicale est \u00e0 la pointe du progr\u00e8s et nous travaillons selon les [&hellip;]<\/p>\n","protected":false},"author":3,"featured_media":529,"parent":0,"menu_order":23,"comment_status":"closed","ping_status":"closed","template":"","meta":{"_acf_changed":false,"inline_featured_image":false,"footnotes":""},"class_list":["post-870","page","type-page","status-publish","has-post-thumbnail","hentry"],"acf":[],"_links":{"self":[{"href":"https:\/\/hausarztpraxis-worb.ch\/fr\/wp-json\/wp\/v2\/pages\/870","targetHints":{"allow":["GET"]}}],"collection":[{"href":"https:\/\/hausarztpraxis-worb.ch\/fr\/wp-json\/wp\/v2\/pages"}],"about":[{"href":"https:\/\/hausarztpraxis-worb.ch\/fr\/wp-json\/wp\/v2\/types\/page"}],"author":[{"embeddable":true,"href":"https:\/\/hausarztpraxis-worb.ch\/fr\/wp-json\/wp\/v2\/users\/3"}],"replies":[{"embeddable":true,"href":"https:\/\/hausarztpraxis-worb.ch\/fr\/wp-json\/wp\/v2\/comments?post=870"}],"version-history":[{"count":16,"href":"https:\/\/hausarztpraxis-worb.ch\/fr\/wp-json\/wp\/v2\/pages\/870\/revisions"}],"predecessor-version":[{"id":1485,"href":"https:\/\/hausarztpraxis-worb.ch\/fr\/wp-json\/wp\/v2\/pages\/870\/revisions\/1485"}],"wp:featuredmedia":[{"embeddable":true,"href":"https:\/\/hausarztpraxis-worb.ch\/fr\/wp-json\/wp\/v2\/media\/529"}],"wp:attachment":[{"href":"https:\/\/hausarztpraxis-worb.ch\/fr\/wp-json\/wp\/v2\/media?parent=870"}],"curies":[{"name":"wp","href":"https:\/\/api.w.org\/{rel}","templated":true}]}}