{"id":847,"date":"2025-07-22T22:59:55","date_gmt":"2025-07-22T20:59:55","guid":{"rendered":"https:\/\/hausarztpraxis-worb.ch.olympius.sui-inter.net\/accueil\/"},"modified":"2025-08-11T23:29:53","modified_gmt":"2025-08-11T21:29:53","slug":"accueil","status":"publish","type":"page","link":"https:\/\/hausarztpraxis-worb.ch\/fr\/","title":{"rendered":"Accueil"},"content":{"rendered":"\n<div class=\"wp-block-group has-global-padding is-layout-constrained wp-block-group-is-layout-constrained\" style=\"margin-bottom:30px\">\n<div class=\"wp-block-columns is-layout-flex wp-container-core-columns-is-layout-4236b724 wp-block-columns-is-layout-flex\" style=\"margin-bottom:30px\">\n<div class=\"wp-block-column has-white-color has-custom-light-blue-background-color has-text-color has-background has-link-color wp-elements-4f6b2e38a313c573ea7c9eb1e36fd160 is-layout-flow wp-block-column-is-layout-flow\" style=\"border-radius:35px;padding-top:40px;padding-right:60px;padding-bottom:40px;padding-left:60px\">\n<div class=\"wp-block-group is-vertical is-content-justification-stretch is-layout-flex wp-container-core-group-is-layout-be236df2 wp-block-group-is-layout-flex\">\n<div class=\"wp-block-group is-layout-flow wp-block-group-is-layout-flow\" style=\"margin-bottom:20px\">\n<figure class=\"wp-block-image aligncenter size-large is-resized\"><img decoding=\"async\" width=\"800\" height=\"800\" src=\"https:\/\/hausarztpraxis-worb.ch\/wp-content\/uploads\/2025\/07\/clock-icon.svg\" alt=\"\" class=\"wp-image-145\" style=\"width:60px\"\/><\/figure>\n<\/div>\n\n\n\n<h3 class=\"wp-block-heading has-text-align-left has-white-color has-text-color has-link-color wp-elements-ddbcc12b646c3d396da7a2bd2db2a11e\" style=\"margin-bottom:20px\">Heures d&rsquo;ouverture<\/h3>\n\n\n\n<div class=\"wp-block-group is-content-justification-space-between is-nowrap is-layout-flex wp-container-core-group-is-layout-cb46ffcb wp-block-group-is-layout-flex\">\n<p>Lundi<\/p>\n\n\n\n<p>08.00 &#8211; 18.00<\/p>\n<\/div>\n\n\n\n<div class=\"wp-block-group is-content-justification-space-between is-nowrap is-layout-flex wp-container-core-group-is-layout-cb46ffcb wp-block-group-is-layout-flex\">\n<p>Mardi<\/p>\n\n\n\n<p>08.00 &#8211; 20.00<\/p>\n<\/div>\n\n\n\n<div class=\"wp-block-group is-content-justification-space-between is-nowrap is-layout-flex wp-container-core-group-is-layout-cb46ffcb wp-block-group-is-layout-flex\">\n<p>Mercredi<\/p>\n\n\n\n<p>08.00 &#8211; 17.00<\/p>\n<\/div>\n\n\n\n<div class=\"wp-block-group is-content-justification-space-between is-nowrap is-layout-flex wp-container-core-group-is-layout-cb46ffcb wp-block-group-is-layout-flex\">\n<p>Jeudi<\/p>\n\n\n\n<p>08.00 &#8211; 19.00<\/p>\n<\/div>\n\n\n\n<div class=\"wp-block-group is-content-justification-space-between is-nowrap is-layout-flex wp-container-core-group-is-layout-cb46ffcb wp-block-group-is-layout-flex\">\n<p>Vendredi<\/p>\n\n\n\n<p>08.00 &#8211; 27.00<\/p>\n<\/div>\n<\/div>\n<\/div>\n\n\n\n<div class=\"wp-block-column has-white-color has-custom-light-blue-background-color has-text-color has-background has-link-color wp-elements-9581891df70a2ca1578b9f8c91264079 is-layout-flow wp-block-column-is-layout-flow\" style=\"border-radius:35px;padding-top:40px;padding-right:60px;padding-bottom:40px;padding-left:60px\">\n<div class=\"wp-block-group is-vertical is-content-justification-stretch is-layout-flex wp-container-core-group-is-layout-be236df2 wp-block-group-is-layout-flex\">\n<div class=\"wp-block-group is-layout-flow wp-block-group-is-layout-flow\" style=\"margin-bottom:20px\">\n<figure class=\"wp-block-image aligncenter size-large is-resized\"><img decoding=\"async\" width=\"800\" height=\"800\" src=\"https:\/\/hausarztpraxis-worb.ch\/wp-content\/uploads\/2025\/07\/calendar-icon.svg\" alt=\"\" class=\"wp-image-146\" style=\"width:50px\"\/><\/figure>\n<\/div>\n\n\n\n<h3 class=\"wp-block-heading has-text-align-left has-white-color has-text-color has-link-color wp-elements-fa208e0cbce14e1b23d86358fd9251a3\" style=\"margin-bottom:20px\">Prendre rendez-vous<\/h3>\n\n\n\n<div class=\"wp-block-group is-vertical is-layout-flex wp-container-core-group-is-layout-fe9cc265 wp-block-group-is-layout-flex\">\n<p>Les rendez-vous peuvent \u00eatre pris par t\u00e9l\u00e9phone, par mail ou par l\u2019interm\u00e9diaire du formulaire.<\/p>\n\n\n\n<p>031 839 25 03<br\/><a href=\"mailto:hausarztpraxis-worb@hin.ch\">hausarztpraxis-worb@hin.ch<\/a><br\/><a href=\"https:\/\/hausarztpraxis-worb.ch\/fr\/rendez-vous\/\" data-type=\"page\" data-id=\"263\">&gt; r\u00e9server un rendez-vous en ligne<\/a><\/p>\n<\/div>\n<\/div>\n<\/div>\n\n\n\n<div class=\"wp-block-column has-white-color has-custom-light-blue-background-color has-text-color has-background has-link-color wp-elements-12e616764d4e8a5c81f5567dc4af67bd is-layout-flow wp-block-column-is-layout-flow\" style=\"border-radius:35px;padding-top:40px;padding-right:60px;padding-bottom:40px;padding-left:60px\">\n<div class=\"wp-block-group is-vertical is-content-justification-stretch is-layout-flex wp-container-core-group-is-layout-be236df2 wp-block-group-is-layout-flex\">\n<div class=\"wp-block-group is-layout-flow wp-block-group-is-layout-flow\" style=\"margin-bottom:20px\">\n<figure class=\"wp-block-image aligncenter size-large is-resized\"><img decoding=\"async\" width=\"800\" height=\"800\" src=\"https:\/\/hausarztpraxis-worb.ch\/wp-content\/uploads\/2025\/07\/building-icon.svg\" alt=\"\" class=\"wp-image-147\" style=\"width:60px\"\/><\/figure>\n<\/div>\n\n\n\n<h3 class=\"wp-block-heading has-text-align-left has-white-color has-text-color has-link-color wp-elements-c31ed5a4eb67615b1c63c4a42725563c\" style=\"margin-bottom:20px\">Lieu<\/h3>\n\n\n\n<div class=\"wp-block-group is-vertical is-layout-flex wp-container-core-group-is-layout-fe9cc265 wp-block-group-is-layout-flex\">\n<p>Richigenstrasse 4<br\/>3076 Worb<\/p>\n\n\n\n<p><a href=\"https:\/\/hausarztpraxis-worb.ch\/fr\/contact\/\" data-type=\"page\" data-id=\"359\">&gt; \u00e0 la carte<\/a><\/p>\n<\/div>\n<\/div>\n<\/div>\n<\/div>\n\n\n\n<div style=\"height:50px\" aria-hidden=\"true\" class=\"wp-block-spacer\"><\/div>\n\n\n\n<h1 class=\"wp-block-heading\">Bienvenue<\/h1>\n\n\n\n<blockquote class=\"wp-block-quote is-layout-flow wp-block-quote-is-layout-flow\">\n<p>Notre \u00e9quipe engag\u00e9e et comp\u00e9tente vous accueille chaleureusement dans notre cabinet de m\u00e9decine familiale et d\u2019urgence.<\/p>\n<\/blockquote>\n\n\n\n<p>Nous offrons des soins m\u00e9dicaux complets pour toute la famille et nous sommes heureux d\u2019\u00eatre votre interlocuteur pour toutes les questions concernant votre sant\u00e9 et que vous nous consid\u00e9rez comme un compagnon actif dans les phases de la vie marqu\u00e9es par la maladie. Nous sommes \u00e9galement disponibles dans en cas d\u2019urgence et nos vastes possibilit\u00e9s d\u2019analyses et de diagnostic nous permettent de mettre en oeuvre imm\u00e9diatement des traitements appropri\u00e9s.<\/p>\n\n\n\n<p>Notre offre comprend \u00e9galement des soins gyn\u00e9cologiques ambulatoires.<\/p>\n\n\n\n<p>Nous nous r\u00e9jouissons de faire votre connaissance !<\/p>\n<\/div>\n\n<div class=\"wp-block-group alignfull has-cyan-bluish-gray-background-color has-background has-global-padding is-layout-constrained wp-block-group-is-layout-constrained\" style=\"padding-top:30px;padding-bottom:45px\">\n<h1 class=\"wp-block-heading\">Nouvelles<\/h1>\n\n\n\n<p>Lisez ici les derni\u00e8res nouvelles concernant notre cabinet m\u00e9dical en allemand<\/p>\n\n\n\n<div class=\"wp-block-buttons is-layout-flex wp-block-buttons-is-layout-flex\">\n<div class=\"wp-block-button\"><a class=\"wp-block-button__link wp-element-button\" href=\"https:\/\/hausarztpraxis-worb.ch\/fr\/nouvelles\/\">en savoir plus<\/a><\/div>\n<\/div>\n<\/div>\n","protected":false},"excerpt":{"rendered":"<p>Heures d&rsquo;ouverture Lundi 08.00 &#8211; 18.00 Mardi 08.00 &#8211; 20.00 Mercredi 08.00 &#8211; 17.00 Jeudi 08.00 &#8211; 19.00 Vendredi 08.00 &#8211; 27.00 Prendre rendez-vous Les rendez-vous peuvent \u00eatre pris par t\u00e9l\u00e9phone, par mail ou par l\u2019interm\u00e9diaire du formulaire. 031 839 25 03hausarztpraxis-worb@hin.ch&gt; r\u00e9server un rendez-vous en ligne Lieu Richigenstrasse 43076 Worb &gt; \u00e0 la carte [&hellip;]<\/p>\n","protected":false},"author":1,"featured_media":0,"parent":0,"menu_order":36,"comment_status":"closed","ping_status":"open","template":"","meta":{"_acf_changed":false,"inline_featured_image":false,"footnotes":""},"class_list":["post-847","page","type-page","status-publish","hentry"],"acf":[],"_links":{"self":[{"href":"https:\/\/hausarztpraxis-worb.ch\/fr\/wp-json\/wp\/v2\/pages\/847","targetHints":{"allow":["GET"]}}],"collection":[{"href":"https:\/\/hausarztpraxis-worb.ch\/fr\/wp-json\/wp\/v2\/pages"}],"about":[{"href":"https:\/\/hausarztpraxis-worb.ch\/fr\/wp-json\/wp\/v2\/types\/page"}],"author":[{"embeddable":true,"href":"https:\/\/hausarztpraxis-worb.ch\/fr\/wp-json\/wp\/v2\/users\/1"}],"replies":[{"embeddable":true,"href":"https:\/\/hausarztpraxis-worb.ch\/fr\/wp-json\/wp\/v2\/comments?post=847"}],"version-history":[{"count":3,"href":"https:\/\/hausarztpraxis-worb.ch\/fr\/wp-json\/wp\/v2\/pages\/847\/revisions"}],"predecessor-version":[{"id":992,"href":"https:\/\/hausarztpraxis-worb.ch\/fr\/wp-json\/wp\/v2\/pages\/847\/revisions\/992"}],"wp:attachment":[{"href":"https:\/\/hausarztpraxis-worb.ch\/fr\/wp-json\/wp\/v2\/media?parent=847"}],"curies":[{"name":"wp","href":"https:\/\/api.w.org\/{rel}","templated":true}]}}