{"id":1064,"date":"2025-07-23T21:33:31","date_gmt":"2025-07-23T19:33:31","guid":{"rendered":"https:\/\/hausarztpraxis-worb.ch\/notfall\/"},"modified":"2026-02-03T17:31:45","modified_gmt":"2026-02-03T16:31:45","slug":"urgence","status":"publish","type":"page","link":"https:\/\/hausarztpraxis-worb.ch\/fr\/urgence\/","title":{"rendered":"Urgence"},"content":{"rendered":"\n<div class=\"wp-block-group has-global-padding is-layout-constrained wp-block-group-is-layout-constrained\" style=\"padding-bottom:60px\">\n<blockquote class=\"wp-block-quote is-layout-flow wp-block-quote-is-layout-flow\">\n<p>Bei medizinischen Notf\u00e4llen helfen wir Ihnen rasch und unkompliziert, wir bieten Ihnen eine kompetente und umfassende Behandlung.<\/p>\n<\/blockquote>\n\n\n\n<p>Alle relevanten Abkl\u00e4rungsm\u00f6glichkeiten befinden sich in unserer Praxis, um rasch exakte Diagnosen zu stellen und gef\u00e4hrliche Ursachen f\u00fcr Ihre Beschwerden auszuschliessen. Auch Wundversorgungen und kleinchirurgische Eingriffe werden von unseren erfahrenen \u00c4rzten durchgef\u00fchrt. Selbstverst\u00e4ndlich stehen wir auch bei Lebenskrisen und psychischen Problemen gerne als Ihr Ansprechpartner zur Verf\u00fcgung.  <\/p>\n\n\n\n<p>Um die Wartezeiten gering zu halten, bitten wir Sie um eine kurze telefonische Anmeldung.<\/p>\n<\/div>\n\n<div class=\"wp-block-group gray-box block-contacts has-cyan-bluish-gray-background-color has-background has-global-padding is-layout-constrained wp-container-core-group-is-layout-6370e935 wp-block-group-is-layout-constrained\" style=\"padding-top:60px;padding-bottom:60px\">\n<div class=\"wp-block-columns is-layout-flex wp-container-core-columns-is-layout-28f84493 wp-block-columns-is-layout-flex\">\n<div class=\"wp-block-column is-layout-flow wp-block-column-is-layout-flow\" style=\"flex-basis:70px\">\n<figure class=\"wp-block-image size-full is-resized\"><img decoding=\"async\" width=\"800\" height=\"800\" src=\"https:\/\/hausarztpraxis-worb.ch\/wp-content\/uploads\/2025\/07\/phone-icon.svg\" alt=\"\" class=\"wp-image-269\" style=\"width:60px\"\/><\/figure>\n<\/div>\n\n\n\n<div class=\"wp-block-column is-layout-flow wp-block-column-is-layout-flow\">\n<h2 class=\"wp-block-heading\">Notfall Telefonnummer w\u00e4hrend unseren \u00d6ffnungszeiten<br\/><strong>031 839 25 03<\/strong><\/h2>\n<\/div>\n<\/div>\n\n\n\n<div class=\"wp-block-columns is-layout-flex wp-container-core-columns-is-layout-28f84493 wp-block-columns-is-layout-flex\">\n<div class=\"wp-block-column is-layout-flow wp-block-column-is-layout-flow\" style=\"flex-basis:70px\">\n<figure class=\"wp-block-image size-full is-resized\"><img decoding=\"async\" width=\"696\" height=\"314\" src=\"https:\/\/hausarztpraxis-worb.ch\/wp-content\/uploads\/2025\/07\/phone-down-icon.svg\" alt=\"\" class=\"wp-image-385\" style=\"width:50px\"\/><\/figure>\n<\/div>\n\n\n\n<div class=\"wp-block-column is-layout-flow wp-block-column-is-layout-flow\">\n<h2 class=\"wp-block-heading\">Bei Notf\u00e4llen ausserhalb unserer \u00d6ffnungszeiten wenden Sie sich am besten an Medphone<br\/><strong>0900 57 67 47<\/strong> (CHF 3.23\/Minute)<\/h2>\n<\/div>\n<\/div>\n\n\n\n<div class=\"wp-block-columns is-layout-flex wp-container-core-columns-is-layout-28f84493 wp-block-columns-is-layout-flex\">\n<div class=\"wp-block-column is-layout-flow wp-block-column-is-layout-flow\" style=\"flex-basis:70px\">\n<figure class=\"wp-block-image size-full is-resized\"><img decoding=\"async\" width=\"800\" height=\"800\" src=\"https:\/\/hausarztpraxis-worb.ch\/wp-content\/uploads\/2025\/07\/hand-icon-1.svg\" alt=\"\" class=\"wp-image-392\" style=\"width:50px\"\/><\/figure>\n<\/div>\n\n\n\n<div class=\"wp-block-column is-layout-flow wp-block-column-is-layout-flow\">\n<h2 class=\"wp-block-heading\">Bei direkt lebensbedrohlichen Notf\u00e4llen w\u00e4hlen Sie immer umgehend<br\/><strong>144<\/strong><\/h2>\n<\/div>\n<\/div>\n<\/div>\n\n<div class=\"wp-block-group has-global-padding is-layout-constrained wp-block-group-is-layout-constrained\" style=\"padding-top:60px;padding-bottom:60px\">\n<h1 class=\"wp-block-heading\">Weitere wichtige Nummern<\/h1>\n\n\n\n<p>Info Tox Suisse (bei Fragen zu Vergiftungen und Chemikalien)<br\/><strong>145<\/strong><\/p>\n\n\n\n<p>Die Dargebotene Hand (bei pers\u00f6nlichen Krisen)<br\/><strong>143<\/strong><\/p>\n\n\n\n<p>Hotline Frauenh\u00e4user Schweiz (bei sexualisierter und h\u00e4uslicher Gewalt)<br\/><strong>031 533 03 03<\/strong><\/p>\n<\/div>\n","protected":false},"excerpt":{"rendered":"<p>Bei medizinischen Notf\u00e4llen helfen wir Ihnen rasch und unkompliziert, wir bieten Ihnen eine kompetente und umfassende Behandlung. Alle relevanten Abkl\u00e4rungsm\u00f6glichkeiten befinden sich in unserer Praxis, um rasch exakte Diagnosen zu stellen und gef\u00e4hrliche Ursachen f\u00fcr Ihre Beschwerden auszuschliessen. Auch Wundversorgungen und kleinchirurgische Eingriffe werden von unseren erfahrenen \u00c4rzten durchgef\u00fchrt. Selbstverst\u00e4ndlich stehen wir auch bei Lebenskrisen [&hellip;]<\/p>\n","protected":false},"author":3,"featured_media":613,"parent":0,"menu_order":57,"comment_status":"closed","ping_status":"closed","template":"","meta":{"_acf_changed":false,"inline_featured_image":false,"footnotes":""},"class_list":["post-1064","page","type-page","status-publish","has-post-thumbnail","hentry"],"acf":[],"_links":{"self":[{"href":"https:\/\/hausarztpraxis-worb.ch\/fr\/wp-json\/wp\/v2\/pages\/1064","targetHints":{"allow":["GET"]}}],"collection":[{"href":"https:\/\/hausarztpraxis-worb.ch\/fr\/wp-json\/wp\/v2\/pages"}],"about":[{"href":"https:\/\/hausarztpraxis-worb.ch\/fr\/wp-json\/wp\/v2\/types\/page"}],"author":[{"embeddable":true,"href":"https:\/\/hausarztpraxis-worb.ch\/fr\/wp-json\/wp\/v2\/users\/3"}],"replies":[{"embeddable":true,"href":"https:\/\/hausarztpraxis-worb.ch\/fr\/wp-json\/wp\/v2\/comments?post=1064"}],"version-history":[{"count":4,"href":"https:\/\/hausarztpraxis-worb.ch\/fr\/wp-json\/wp\/v2\/pages\/1064\/revisions"}],"predecessor-version":[{"id":1528,"href":"https:\/\/hausarztpraxis-worb.ch\/fr\/wp-json\/wp\/v2\/pages\/1064\/revisions\/1528"}],"wp:featuredmedia":[{"embeddable":true,"href":"https:\/\/hausarztpraxis-worb.ch\/fr\/wp-json\/wp\/v2\/media\/613"}],"wp:attachment":[{"href":"https:\/\/hausarztpraxis-worb.ch\/fr\/wp-json\/wp\/v2\/media?parent=1064"}],"curies":[{"name":"wp","href":"https:\/\/api.w.org\/{rel}","templated":true}]}}