{"id":1061,"date":"2025-07-23T11:04:18","date_gmt":"2025-07-23T09:04:18","guid":{"rendered":"https:\/\/hausarztpraxis-worb.ch\/impressum\/"},"modified":"2025-08-12T06:31:10","modified_gmt":"2025-08-12T04:31:10","slug":"impressum","status":"publish","type":"page","link":"https:\/\/hausarztpraxis-worb.ch\/fr\/impressum\/","title":{"rendered":"Impressum"},"content":{"rendered":"\n<div class=\"wp-block-group has-global-padding is-layout-constrained wp-block-group-is-layout-constrained\" style=\"padding-bottom:60px\">\n<p>\u00c9ditrice et responsable du contenu :<br\/>Cabinet de m\u00e9decine g\u00e9n\u00e9rale Worb<br\/>Richigenstrasse 4<br\/>3076 Worb<br\/>T\u00e9l\u00e9phone: 031 839 25 03<br\/>Website: hausarztpraxis-worb.ch<br\/>E-Mail: <a href=\"mailto:hausarztpraxis-worb@hin.ch\">hausarztpraxis-worb@hin.ch<\/a><\/p>\n\n\n\n<p>Utilisation des images:<br\/>Toutes les images sont prot\u00e9g\u00e9es par le droit d\u2019auteur. Il est interdit d\u2019utiliser, de reproduire ou de modifier les \u0153uvres sans l\u2019autorisation de leurs auteurs. Toute violation de la loi sur le droit d\u2019auteur fera l\u2019objet de poursuites civiles.<\/p>\n\n\n\n<p>D\u00e9veloppement:<br\/>Armin Oppliger<br\/>Webagentur<br\/>T 079 344 07 33<br\/>mail@arminoppliger.ch<br\/><a href=\"https:\/\/www.arminoppliger.ch\">arminoppliger.ch<\/a><\/p>\n<\/div>\n","protected":false},"excerpt":{"rendered":"<p>\u00c9ditrice et responsable du contenu :Cabinet de m\u00e9decine g\u00e9n\u00e9rale WorbRichigenstrasse 43076 WorbT\u00e9l\u00e9phone: 031 839 25 03Website: hausarztpraxis-worb.chE-Mail: hausarztpraxis-worb@hin.ch Utilisation des images:Toutes les images sont prot\u00e9g\u00e9es par le droit d\u2019auteur. Il est interdit d\u2019utiliser, de reproduire ou de modifier les \u0153uvres sans l\u2019autorisation de leurs auteurs. Toute violation de la loi sur le droit d\u2019auteur fera [&hellip;]<\/p>\n","protected":false},"author":1,"featured_media":617,"parent":0,"menu_order":42,"comment_status":"closed","ping_status":"closed","template":"","meta":{"_acf_changed":false,"inline_featured_image":false,"footnotes":""},"class_list":["post-1061","page","type-page","status-publish","has-post-thumbnail","hentry"],"acf":[],"_links":{"self":[{"href":"https:\/\/hausarztpraxis-worb.ch\/fr\/wp-json\/wp\/v2\/pages\/1061","targetHints":{"allow":["GET"]}}],"collection":[{"href":"https:\/\/hausarztpraxis-worb.ch\/fr\/wp-json\/wp\/v2\/pages"}],"about":[{"href":"https:\/\/hausarztpraxis-worb.ch\/fr\/wp-json\/wp\/v2\/types\/page"}],"author":[{"embeddable":true,"href":"https:\/\/hausarztpraxis-worb.ch\/fr\/wp-json\/wp\/v2\/users\/1"}],"replies":[{"embeddable":true,"href":"https:\/\/hausarztpraxis-worb.ch\/fr\/wp-json\/wp\/v2\/comments?post=1061"}],"version-history":[{"count":1,"href":"https:\/\/hausarztpraxis-worb.ch\/fr\/wp-json\/wp\/v2\/pages\/1061\/revisions"}],"predecessor-version":[{"id":1062,"href":"https:\/\/hausarztpraxis-worb.ch\/fr\/wp-json\/wp\/v2\/pages\/1061\/revisions\/1062"}],"wp:featuredmedia":[{"embeddable":true,"href":"https:\/\/hausarztpraxis-worb.ch\/fr\/wp-json\/wp\/v2\/media\/617"}],"wp:attachment":[{"href":"https:\/\/hausarztpraxis-worb.ch\/fr\/wp-json\/wp\/v2\/media?parent=1061"}],"curies":[{"name":"wp","href":"https:\/\/api.w.org\/{rel}","templated":true}]}}