{"id":1316,"date":"2025-07-22T22:59:55","date_gmt":"2025-07-22T20:59:55","guid":{"rendered":"https:\/\/hausarztpraxis-worb.ch\/home\/"},"modified":"2025-08-13T03:32:57","modified_gmt":"2025-08-13T01:32:57","slug":"home","status":"publish","type":"page","link":"https:\/\/hausarztpraxis-worb.ch\/es\/","title":{"rendered":"Inicio"},"content":{"rendered":"\n<div class=\"wp-block-group has-global-padding is-layout-constrained wp-block-group-is-layout-constrained\" style=\"margin-bottom:30px\">\n<div class=\"wp-block-columns is-layout-flex wp-container-core-columns-is-layout-4236b724 wp-block-columns-is-layout-flex\" style=\"margin-bottom:30px\">\n<div class=\"wp-block-column has-white-color has-custom-light-blue-background-color has-text-color has-background has-link-color wp-elements-4adcde5669ba1a1c7ef473da95c0c1f7 is-layout-flow wp-block-column-is-layout-flow\" style=\"border-radius:35px;padding-top:40px;padding-right:60px;padding-bottom:40px;padding-left:60px\">\n<div class=\"wp-block-group is-vertical is-content-justification-stretch is-layout-flex wp-container-core-group-is-layout-be236df2 wp-block-group-is-layout-flex\">\n<div class=\"wp-block-group is-layout-flow wp-block-group-is-layout-flow\" style=\"margin-bottom:20px\">\n<figure class=\"wp-block-image aligncenter size-large is-resized\"><img decoding=\"async\" width=\"800\" height=\"800\" src=\"https:\/\/hausarztpraxis-worb.ch\/wp-content\/uploads\/2025\/07\/clock-icon.svg\" alt=\"\" class=\"wp-image-145\" style=\"width:60px\"\/><\/figure>\n<\/div>\n\n\n\n<h3 class=\"wp-block-heading has-text-align-left has-white-color has-text-color has-link-color wp-elements-15d688b0ad11869c2414bf03366bda33\" style=\"margin-bottom:20px\">Horario de servicios<\/h3>\n\n\n\n<div class=\"wp-block-group is-content-justification-space-between is-nowrap is-layout-flex wp-container-core-group-is-layout-cb46ffcb wp-block-group-is-layout-flex\">\n<p>Lunes<\/p>\n\n\n\n<p>8 a.m. a 6 p.m.<\/p>\n<\/div>\n\n\n\n<div class=\"wp-block-group is-content-justification-space-between is-nowrap is-layout-flex wp-container-core-group-is-layout-cb46ffcb wp-block-group-is-layout-flex\">\n<p>Martes<\/p>\n\n\n\n<p>8 a.m. a 8 p.m.<\/p>\n<\/div>\n\n\n\n<div class=\"wp-block-group is-content-justification-space-between is-nowrap is-layout-flex wp-container-core-group-is-layout-cb46ffcb wp-block-group-is-layout-flex\">\n<p>Mi\u00e9rcoles<\/p>\n\n\n\n<p>8 a.m. a 5 p.m<\/p>\n<\/div>\n\n\n\n<div class=\"wp-block-group is-content-justification-space-between is-nowrap is-layout-flex wp-container-core-group-is-layout-cb46ffcb wp-block-group-is-layout-flex\">\n<p>Jueves<\/p>\n\n\n\n<p>8 a.m. a 7 p.m<\/p>\n<\/div>\n\n\n\n<div class=\"wp-block-group is-content-justification-space-between is-nowrap is-layout-flex wp-container-core-group-is-layout-cb46ffcb wp-block-group-is-layout-flex\">\n<p>Viernes<\/p>\n\n\n\n<p>8 a.m. a 5 p.m<\/p>\n<\/div>\n<\/div>\n<\/div>\n\n\n\n<div class=\"wp-block-column has-white-color has-custom-light-blue-background-color has-text-color has-background has-link-color wp-elements-c37af1fac2d72a0d6f0e9a23feb2a0ea is-layout-flow wp-block-column-is-layout-flow\" style=\"border-radius:35px;padding-top:40px;padding-right:60px;padding-bottom:40px;padding-left:60px\">\n<div class=\"wp-block-group is-vertical is-content-justification-stretch is-layout-flex wp-container-core-group-is-layout-be236df2 wp-block-group-is-layout-flex\">\n<div class=\"wp-block-group is-layout-flow wp-block-group-is-layout-flow\" style=\"margin-bottom:20px\">\n<figure class=\"wp-block-image aligncenter size-large is-resized\"><img decoding=\"async\" width=\"800\" height=\"800\" src=\"https:\/\/hausarztpraxis-worb.ch\/wp-content\/uploads\/2025\/07\/calendar-icon.svg\" alt=\"\" class=\"wp-image-146\" style=\"width:50px\"\/><\/figure>\n<\/div>\n\n\n\n<h3 class=\"wp-block-heading has-text-align-left has-white-color has-text-color has-link-color wp-elements-24110fb23f9f9ed52f3124b41a98fc0c\" style=\"margin-bottom:20px\">Hacer una cita<\/h3>\n\n\n\n<div class=\"wp-block-group is-vertical is-layout-flex wp-container-core-group-is-layout-fe9cc265 wp-block-group-is-layout-flex\">\n<p>Las citas se pueden hacer por tel\u00e9fono, correo electr\u00f3nico o mediante el formulario.<\/p>\n\n\n\n<p>031 839 25 03<br\/><a href=\"mailto:hausarztpraxis-worb@hin.ch\">hausarztpraxis-worb@hin.ch<\/a><br\/><a href=\"https:\/\/hausarztpraxis-worb.ch\/es\/concertar-una-cita\/\" data-type=\"page\" data-id=\"263\">&gt; al formulario<\/a><\/p>\n<\/div>\n<\/div>\n<\/div>\n\n\n\n<div class=\"wp-block-column has-white-color has-custom-light-blue-background-color has-text-color has-background has-link-color wp-elements-bcc04ae32025175d45dead55c664feba is-layout-flow wp-block-column-is-layout-flow\" style=\"border-radius:35px;padding-top:40px;padding-right:60px;padding-bottom:40px;padding-left:60px\">\n<div class=\"wp-block-group is-vertical is-content-justification-stretch is-layout-flex wp-container-core-group-is-layout-be236df2 wp-block-group-is-layout-flex\">\n<div class=\"wp-block-group is-layout-flow wp-block-group-is-layout-flow\" style=\"margin-bottom:20px\">\n<figure class=\"wp-block-image aligncenter size-large is-resized\"><img decoding=\"async\" width=\"800\" height=\"800\" src=\"https:\/\/hausarztpraxis-worb.ch\/wp-content\/uploads\/2025\/07\/building-icon.svg\" alt=\"\" class=\"wp-image-147\" style=\"width:60px\"\/><\/figure>\n<\/div>\n\n\n\n<h3 class=\"wp-block-heading has-text-align-left has-white-color has-text-color has-link-color wp-elements-68ec13ec4e2329aa5085461d47874521\" style=\"margin-bottom:20px\">Ubicaci\u00f3n<\/h3>\n\n\n\n<div class=\"wp-block-group is-vertical is-layout-flex wp-container-core-group-is-layout-fe9cc265 wp-block-group-is-layout-flex\">\n<p>Richigenstrasse 4<br\/>3076 Worb<\/p>\n\n\n\n<p><a href=\"https:\/\/hausarztpraxis-worb.ch\/es\/contacto\/\" data-type=\"page\" data-id=\"359\">&gt; al mapa<\/a><\/p>\n<\/div>\n<\/div>\n<\/div>\n<\/div>\n\n\n\n<div style=\"height:50px\" aria-hidden=\"true\" class=\"wp-block-spacer\"><\/div>\n\n\n\n<h1 class=\"wp-block-heading\">Bienvenidos<\/h1>\n\n\n\n<blockquote class=\"wp-block-quote is-layout-flow wp-block-quote-is-layout-flow\">\n<p>Le damos una c\u00e1lida bienvenida en un ambiente agradable en nuestro consultorio de medicina general y de emergencia, que cuenta con un equipo de trabajo muy dedicado y competente.<\/p>\n<\/blockquote>\n\n\n\n<p>Ofrecemos atenci\u00f3n m\u00e9dica amplia e integral para toda la familia, tambi\u00e9n en situaciones de emergencia. Estamos a su disposici\u00f3n para todo lo relacionado con su salud y brindarles un acompa\u00f1amiento activo durante las diferentes fases de su enfermedad. Con nuestras amplias opciones de aclaraci\u00f3n m\u00e9dica, podemos tomar de inmediato medidas de tratamiento adecuadas.<\/p>\n\n\n\n<p>Nuestra oferta tambi\u00e9n incluye atenci\u00f3n ginecol\u00f3gica ambulatoria.<\/p>\n\n\n\n<p>\u00a1Nos alegra mucho conocerle!<\/p>\n<\/div>\n\n<div class=\"wp-block-group alignfull has-cyan-bluish-gray-background-color has-background has-global-padding is-layout-constrained wp-block-group-is-layout-constrained\" style=\"padding-top:30px;padding-bottom:45px\">\n<h1 class=\"wp-block-heading\">Novedades<\/h1>\n\n\n\n<p>Lea aqu\u00ec las \u00faltimas noticias sobre nuestra consulta m\u00e9dica en alem\u00e1n<\/p>\n\n\n\n<div class=\"wp-block-buttons is-layout-flex wp-block-buttons-is-layout-flex\">\n<div class=\"wp-block-button\"><a class=\"wp-block-button__link wp-element-button\" href=\"https:\/\/hausarztpraxis-worb.ch\/es\/novedades\/\">aprende m\u00e1s&#8230;<\/a><\/div>\n<\/div>\n<\/div>\n","protected":false},"excerpt":{"rendered":"<p>Horario de servicios Lunes 8 a.m. a 6 p.m. Martes 8 a.m. a 8 p.m. Mi\u00e9rcoles 8 a.m. a 5 p.m Jueves 8 a.m. a 7 p.m Viernes 8 a.m. a 5 p.m Hacer una cita Las citas se pueden hacer por tel\u00e9fono, correo electr\u00f3nico o mediante el formulario. 031 839 25 03hausarztpraxis-worb@hin.ch&gt; al formulario [&hellip;]<\/p>\n","protected":false},"author":3,"featured_media":0,"parent":0,"menu_order":37,"comment_status":"closed","ping_status":"open","template":"","meta":{"_acf_changed":false,"inline_featured_image":false,"footnotes":""},"class_list":["post-1316","page","type-page","status-publish","hentry"],"acf":[],"_links":{"self":[{"href":"https:\/\/hausarztpraxis-worb.ch\/es\/wp-json\/wp\/v2\/pages\/1316","targetHints":{"allow":["GET"]}}],"collection":[{"href":"https:\/\/hausarztpraxis-worb.ch\/es\/wp-json\/wp\/v2\/pages"}],"about":[{"href":"https:\/\/hausarztpraxis-worb.ch\/es\/wp-json\/wp\/v2\/types\/page"}],"author":[{"embeddable":true,"href":"https:\/\/hausarztpraxis-worb.ch\/es\/wp-json\/wp\/v2\/users\/3"}],"replies":[{"embeddable":true,"href":"https:\/\/hausarztpraxis-worb.ch\/es\/wp-json\/wp\/v2\/comments?post=1316"}],"version-history":[{"count":5,"href":"https:\/\/hausarztpraxis-worb.ch\/es\/wp-json\/wp\/v2\/pages\/1316\/revisions"}],"predecessor-version":[{"id":1321,"href":"https:\/\/hausarztpraxis-worb.ch\/es\/wp-json\/wp\/v2\/pages\/1316\/revisions\/1321"}],"wp:attachment":[{"href":"https:\/\/hausarztpraxis-worb.ch\/es\/wp-json\/wp\/v2\/media?parent=1316"}],"curies":[{"name":"wp","href":"https:\/\/api.w.org\/{rel}","templated":true}]}}