{"id":1309,"date":"2025-07-24T10:40:21","date_gmt":"2025-07-24T08:40:21","guid":{"rendered":"https:\/\/hausarztpraxis-worb.ch\/novedades\/"},"modified":"2025-08-13T03:18:04","modified_gmt":"2025-08-13T01:18:04","slug":"novedades","status":"publish","type":"page","link":"https:\/\/hausarztpraxis-worb.ch\/es\/novedades\/","title":{"rendered":"Novedades"},"content":{"rendered":"\n<div class=\"wp-block-group has-global-padding is-layout-constrained wp-block-group-is-layout-constrained\" style=\"padding-bottom:60px\">\n<blockquote class=\"wp-block-quote is-layout-flow wp-block-quote-is-layout-flow\">\n<p>Aqu\u00ed encontrar\u00e1 hechos y noticias interesantes del campo de la medicina y la salud.<br\/>Adem\u00e1s, le informaremos sobre las novedades relativas a la pr\u00e1ctica familiar Worb si es necesario.<\/p>\n<\/blockquote>\n\n\n\n<div style=\"margin-top:0px;margin-bottom:0px;height:30px\" aria-hidden=\"true\" class=\"wp-block-spacer\"><\/div>\n\n\n\n<div class=\"wp-block-query is-layout-flow wp-block-query-is-layout-flow\"><ul class=\"wp-block-post-template is-layout-flow wp-block-post-template-is-layout-flow\"><li class=\"wp-block-post post-1428 aktuelles type-aktuelles status-publish hentry\">\n<h2 class=\"wp-block-post-title\">Nuestros pr\u00e1cticos servicios online: S\u00f3lo tienes que pedir medicamentos y recetas por Internet y concertar tus citas desde la comodidad de tu casa.<\/h2>\n\n<div style=\"padding-bottom:30px;\" class=\"entry-content wp-block-post-content is-layout-flow wp-block-post-content-is-layout-flow\">\n<p>Descubre los pr\u00e1cticos servicios online de nuestra consulta a trav\u00e9s de nuestra p\u00e1gina de inicio y disfruta de la m\u00e1xima comodidad:<br\/>&#8211; Con nuestro formulario de pedido online, puedes pedir medicamentos y recetas de forma f\u00e1cil y sencilla, exactamente cuando los necesites.<br\/>&#8211; Gracias a nuestro sistema de cita directa online, puedes pedir cita con nosotros c\u00f3modamente en cualquier momento y desde cualquier lugar, incluso fuera de nuestro horario habitual.<\/p>\n\n<p>Aprovecha estas modernas posibilidades y haz que tu experiencia en nuestra consulta sea a\u00fan m\u00e1s agradable.<\/p>\n<\/div>\n\n\n<hr class=\"wp-block-separator has-text-color has-custom-dark-blue-color has-alpha-channel-opacity has-custom-dark-blue-background-color has-background is-style-wide\"\/>\n\n<\/li><\/ul>\n\n\n\n<\/div>\n<\/div>\n","protected":false},"excerpt":{"rendered":"<p>Aqu\u00ed encontrar\u00e1 hechos y noticias interesantes del campo de la medicina y la salud.Adem\u00e1s, le informaremos sobre las novedades relativas a la pr\u00e1ctica familiar Worb si es necesario.<\/p>\n","protected":false},"author":3,"featured_media":575,"parent":0,"menu_order":14,"comment_status":"closed","ping_status":"closed","template":"","meta":{"_acf_changed":false,"inline_featured_image":false,"footnotes":""},"class_list":["post-1309","page","type-page","status-publish","has-post-thumbnail","hentry"],"acf":[],"_links":{"self":[{"href":"https:\/\/hausarztpraxis-worb.ch\/es\/wp-json\/wp\/v2\/pages\/1309","targetHints":{"allow":["GET"]}}],"collection":[{"href":"https:\/\/hausarztpraxis-worb.ch\/es\/wp-json\/wp\/v2\/pages"}],"about":[{"href":"https:\/\/hausarztpraxis-worb.ch\/es\/wp-json\/wp\/v2\/types\/page"}],"author":[{"embeddable":true,"href":"https:\/\/hausarztpraxis-worb.ch\/es\/wp-json\/wp\/v2\/users\/3"}],"replies":[{"embeddable":true,"href":"https:\/\/hausarztpraxis-worb.ch\/es\/wp-json\/wp\/v2\/comments?post=1309"}],"version-history":[{"count":1,"href":"https:\/\/hausarztpraxis-worb.ch\/es\/wp-json\/wp\/v2\/pages\/1309\/revisions"}],"predecessor-version":[{"id":1310,"href":"https:\/\/hausarztpraxis-worb.ch\/es\/wp-json\/wp\/v2\/pages\/1309\/revisions\/1310"}],"wp:featuredmedia":[{"embeddable":true,"href":"https:\/\/hausarztpraxis-worb.ch\/es\/wp-json\/wp\/v2\/media\/575"}],"wp:attachment":[{"href":"https:\/\/hausarztpraxis-worb.ch\/es\/wp-json\/wp\/v2\/media?parent=1309"}],"curies":[{"name":"wp","href":"https:\/\/api.w.org\/{rel}","templated":true}]}}