{"id":1307,"date":"2025-07-23T19:43:49","date_gmt":"2025-07-23T17:43:49","guid":{"rendered":"https:\/\/hausarztpraxis-worb.ch\/declaracion-de-vision-y-mision\/"},"modified":"2025-08-13T03:17:18","modified_gmt":"2025-08-13T01:17:18","slug":"declaracion-de-vision-y-mision","status":"publish","type":"page","link":"https:\/\/hausarztpraxis-worb.ch\/es\/declaracion-de-vision-y-mision\/","title":{"rendered":"Declaraci\u00f3n de visi\u00f3n y misi\u00f3n"},"content":{"rendered":"\n<div class=\"wp-block-group has-global-padding is-layout-constrained wp-block-group-is-layout-constrained\" style=\"padding-bottom:60px\">\n<blockquote class=\"wp-block-quote is-layout-flow wp-block-quote-is-layout-flow\">\n<p>Nuestra visi\u00f3n: <strong>\u00abUn plus para las personas y la regi\u00f3n<\/strong>\u00ab.<br\/>Establecemos nuevos est\u00e1ndares en atenci\u00f3n m\u00e9dica b\u00e1sica y medicina de urgencias: con experiencia, empat\u00eda y m\u00e9todos modernos de tratamiento.<br\/><strong>Nuestro plus: Medicina con coraz\u00f3n, mente y futuro<\/strong>.<\/p>\n<\/blockquote>\n\n\n\n<p><strong>Nuestra misi\u00f3n<\/strong><\/p>\n\n\n\n<p><strong>Nos apasiona<\/strong> y <strong>entusiasma<\/strong> prestar asistencia m\u00e9dica b\u00e1sica. Nuestros pacientes son el centro de nuestro trabajo: los tratamos con <strong>amabilidad<\/strong>, <strong>respeto<\/strong> y <strong>aprecio<\/strong>. Para nosotros es un privilegio estar al lado de las personas que <strong>conf\u00edan<\/strong> en nosotros.  <\/p>\n\n\n\n<p>Como consulta familiar, damos gran importancia a un <strong>ambiente<\/strong> <strong>c\u00e1lido<\/strong> y positivo, tanto en el trato con nuestros pacientes como dentro de nuestro equipo. <strong>El respeto<\/strong>, la <strong>confianza<\/strong> y el <strong>aprecio<\/strong> son la base de nuestra cooperaci\u00f3n. Incluso en tiempos dif\u00edciles, nos mantenemos unidos y nos <strong>apoyamos<\/strong> mutuamente. <\/p>\n\n\n\n<p>Nuestros <strong>empleados<\/strong> son nuestro <strong>activo m\u00e1s valioso<\/strong>. <strong>Promovemos<\/strong> su <strong>desarrollo<\/strong> individual, <strong>apoyamos<\/strong> la formaci\u00f3n continua y creamos un entorno en el que <strong>los talentos<\/strong> y los <strong>puntos fuertes<\/strong> puedan desarrollarse de forma espec\u00edfica. <\/p>\n\n\n\n<p>Nos centramos en el m\u00e1ximo nivel de <strong>profesionalidad<\/strong> y <strong>competencia<\/strong>. Integramos los \u00faltimos descubrimientos m\u00e9dicos en nuestro trabajo diario mediante una formaci\u00f3n continua. <\/p>\n\n\n\n<p>La apertura a la <strong>innovaci\u00f3n <\/strong>y el <strong>progreso<\/strong> es importante para nosotros. Valoramos las buenas ideas y las <strong>innovaciones<\/strong> sensatas para que nuestra pr\u00e1ctica sea moderna y est\u00e9 orientada al futuro. <\/p>\n\n\n\n<p>Nuestro objetivo es contribuir significativamente a la asistencia m\u00e9dica b\u00e1sica de la regi\u00f3n. Mediante el <strong>desarrollo<\/strong> continuo de nuestros servicios, garantizamos una atenci\u00f3n integral de alta calidad a los habitantes de Worb. <\/p>\n<\/div>\n","protected":false},"excerpt":{"rendered":"<p>Nuestra visi\u00f3n: \u00abUn plus para las personas y la regi\u00f3n\u00ab.Establecemos nuevos est\u00e1ndares en atenci\u00f3n m\u00e9dica b\u00e1sica y medicina de urgencias: con experiencia, empat\u00eda y m\u00e9todos modernos de tratamiento.Nuestro plus: Medicina con coraz\u00f3n, mente y futuro. Nuestra misi\u00f3n Nos apasiona y entusiasma prestar asistencia m\u00e9dica b\u00e1sica. Nuestros pacientes son el centro de nuestro trabajo: los tratamos [&hellip;]<\/p>\n","protected":false},"author":3,"featured_media":583,"parent":0,"menu_order":72,"comment_status":"closed","ping_status":"closed","template":"","meta":{"_acf_changed":false,"inline_featured_image":false,"footnotes":""},"class_list":["post-1307","page","type-page","status-publish","has-post-thumbnail","hentry"],"acf":[],"_links":{"self":[{"href":"https:\/\/hausarztpraxis-worb.ch\/es\/wp-json\/wp\/v2\/pages\/1307","targetHints":{"allow":["GET"]}}],"collection":[{"href":"https:\/\/hausarztpraxis-worb.ch\/es\/wp-json\/wp\/v2\/pages"}],"about":[{"href":"https:\/\/hausarztpraxis-worb.ch\/es\/wp-json\/wp\/v2\/types\/page"}],"author":[{"embeddable":true,"href":"https:\/\/hausarztpraxis-worb.ch\/es\/wp-json\/wp\/v2\/users\/3"}],"replies":[{"embeddable":true,"href":"https:\/\/hausarztpraxis-worb.ch\/es\/wp-json\/wp\/v2\/comments?post=1307"}],"version-history":[{"count":1,"href":"https:\/\/hausarztpraxis-worb.ch\/es\/wp-json\/wp\/v2\/pages\/1307\/revisions"}],"predecessor-version":[{"id":1308,"href":"https:\/\/hausarztpraxis-worb.ch\/es\/wp-json\/wp\/v2\/pages\/1307\/revisions\/1308"}],"wp:featuredmedia":[{"embeddable":true,"href":"https:\/\/hausarztpraxis-worb.ch\/es\/wp-json\/wp\/v2\/media\/583"}],"wp:attachment":[{"href":"https:\/\/hausarztpraxis-worb.ch\/es\/wp-json\/wp\/v2\/media?parent=1307"}],"curies":[{"name":"wp","href":"https:\/\/api.w.org\/{rel}","templated":true}]}}