{"id":1305,"date":"2025-07-23T11:04:18","date_gmt":"2025-07-23T09:04:18","guid":{"rendered":"https:\/\/hausarztpraxis-worb.ch\/imprimir\/"},"modified":"2025-08-13T03:15:55","modified_gmt":"2025-08-13T01:15:55","slug":"imprimir","status":"publish","type":"page","link":"https:\/\/hausarztpraxis-worb.ch\/es\/imprimir\/","title":{"rendered":"Imprimir"},"content":{"rendered":"\n<div class=\"wp-block-group has-global-padding is-layout-constrained wp-block-group-is-layout-constrained\" style=\"padding-bottom:60px\">\n<p>Editor y responsable del contenido:<br\/>Hausarztpraxis Worb<br\/>Richigenstrasse 4<br\/>3076 Worb<br\/>Tel\u00e9fono: 031 839 25 03<br\/>P\u00e1gina web: hausarztpraxis-worb.ch<br\/>Correo electr\u00f3nico: <a href=\"mailto:hausarztpraxis-worb@hin.ch\">hausarztpraxis-worb@hin.ch<\/a><\/p>\n\n\n\n<p>Uso de im\u00e1genes:<br\/>Todas las im\u00e1genes est\u00e1n protegidas por derechos de autor. No est\u00e1 permitido utilizarlas, reproducirlas o editarlas sin permiso del autor. Cualquier violaci\u00f3n de los derechos de autor ser\u00e1 perseguida por la v\u00eda civil.  <\/p>\n\n\n\n<p>Desarrollo:<br\/>Armin Oppliger<br\/>Agencia web<br\/>T 079 344 07 33<br\/>mail@arminoppliger.ch<br\/><a href=\"https:\/\/www.arminoppliger.ch\">arminoppliger.ch<\/a><\/p>\n<\/div>\n","protected":false},"excerpt":{"rendered":"<p>Editor y responsable del contenido:Hausarztpraxis WorbRichigenstrasse 43076 WorbTel\u00e9fono: 031 839 25 03P\u00e1gina web: hausarztpraxis-worb.chCorreo electr\u00f3nico: hausarztpraxis-worb@hin.ch Uso de im\u00e1genes:Todas las im\u00e1genes est\u00e1n protegidas por derechos de autor. No est\u00e1 permitido utilizarlas, reproducirlas o editarlas sin permiso del autor. Cualquier violaci\u00f3n de los derechos de autor ser\u00e1 perseguida por la v\u00eda civil. Desarrollo:Armin OppligerAgencia webT 079 [&hellip;]<\/p>\n","protected":false},"author":3,"featured_media":619,"parent":0,"menu_order":41,"comment_status":"closed","ping_status":"closed","template":"","meta":{"_acf_changed":false,"inline_featured_image":false,"footnotes":""},"class_list":["post-1305","page","type-page","status-publish","has-post-thumbnail","hentry"],"acf":[],"_links":{"self":[{"href":"https:\/\/hausarztpraxis-worb.ch\/es\/wp-json\/wp\/v2\/pages\/1305","targetHints":{"allow":["GET"]}}],"collection":[{"href":"https:\/\/hausarztpraxis-worb.ch\/es\/wp-json\/wp\/v2\/pages"}],"about":[{"href":"https:\/\/hausarztpraxis-worb.ch\/es\/wp-json\/wp\/v2\/types\/page"}],"author":[{"embeddable":true,"href":"https:\/\/hausarztpraxis-worb.ch\/es\/wp-json\/wp\/v2\/users\/3"}],"replies":[{"embeddable":true,"href":"https:\/\/hausarztpraxis-worb.ch\/es\/wp-json\/wp\/v2\/comments?post=1305"}],"version-history":[{"count":1,"href":"https:\/\/hausarztpraxis-worb.ch\/es\/wp-json\/wp\/v2\/pages\/1305\/revisions"}],"predecessor-version":[{"id":1306,"href":"https:\/\/hausarztpraxis-worb.ch\/es\/wp-json\/wp\/v2\/pages\/1305\/revisions\/1306"}],"wp:featuredmedia":[{"embeddable":true,"href":"https:\/\/hausarztpraxis-worb.ch\/es\/wp-json\/wp\/v2\/media\/619"}],"wp:attachment":[{"href":"https:\/\/hausarztpraxis-worb.ch\/es\/wp-json\/wp\/v2\/media?parent=1305"}],"curies":[{"name":"wp","href":"https:\/\/api.w.org\/{rel}","templated":true}]}}