{"id":1303,"date":"2025-07-23T16:31:39","date_gmt":"2025-07-23T14:31:39","guid":{"rendered":"https:\/\/hausarztpraxis-worb.ch\/concertar-una-cita\/"},"modified":"2025-09-16T16:15:34","modified_gmt":"2025-09-16T14:15:34","slug":"concertar-una-cita","status":"publish","type":"page","link":"https:\/\/hausarztpraxis-worb.ch\/es\/concertar-una-cita\/","title":{"rendered":"Concertar una cita"},"content":{"rendered":"\n<div class=\"wp-block-group has-global-padding is-layout-constrained wp-block-group-is-layout-constrained\">\n<blockquote class=\"wp-block-quote is-layout-flow wp-block-quote-is-layout-flow\">\n<p>Estaremos encantados de que nos contacte para concertar una cita.<\/p>\n<\/blockquote>\n\n\n\n<p>Nos gustar\u00eda ofrecer a todos los pacientes una cita en un plazo razonable. En casos urgentes, es decir, si necesitas ayuda en un plazo de 2 d\u00edas, lo mejor es que nos llames por tel\u00e9fono.<br\/>Si no, puedes reservar cita directamente por Internet. S\u00f3lo ser\u00e1 definitivo y vinculante cuando hayas recibido un correo electr\u00f3nico de confirmaci\u00f3n de Medicosearch.<\/p>\n\n\n\n<div class=\"wp-block-columns block-contacts is-layout-flex wp-container-core-columns-is-layout-edc8aeaa wp-block-columns-is-layout-flex\" style=\"margin-top:60px;margin-bottom:60px\">\n<div class=\"wp-block-column is-layout-flow wp-block-column-is-layout-flow\">\n<div class=\"wp-block-group is-nowrap is-layout-flex wp-container-core-group-is-layout-6c531013 wp-block-group-is-layout-flex\">\n<figure class=\"wp-block-image size-full is-resized\"><img decoding=\"async\" width=\"800\" height=\"800\" src=\"https:\/\/hausarztpraxis-worb.ch\/wp-content\/uploads\/2025\/07\/phone-icon.svg\" alt=\"\" class=\"wp-image-269\" style=\"width:60px\"\/><\/figure>\n\n\n\n<h2 class=\"wp-block-heading\">Tel. 031 839 25 03<\/h2>\n<\/div>\n<\/div>\n\n\n\n<div class=\"wp-block-column is-layout-flow wp-block-column-is-layout-flow\">\n<div class=\"wp-block-group is-nowrap is-layout-flex wp-container-core-group-is-layout-6c531013 wp-block-group-is-layout-flex\">\n<figure class=\"wp-block-image size-full is-resized\" style=\"margin-top:5px;margin-bottom:5px\"><img decoding=\"async\" width=\"800\" height=\"800\" src=\"https:\/\/hausarztpraxis-worb.ch\/wp-content\/uploads\/2025\/07\/email-icon.svg\" alt=\"\" class=\"wp-image-270\" style=\"width:50px\"\/><\/figure>\n\n\n\n<h2 class=\"wp-block-heading has-custom-dark-blue-color has-text-color has-link-color wp-elements-91b65b901bbb23eafddfbadbfa1e0d3a\"><a href=\"mailto:hausarztpraxis-worb@hin.ch\">hausarztpraxis-worb@hin.ch<\/a><\/h2>\n<\/div>\n<\/div>\n<\/div>\n<\/div>\n\n<div class=\"wp-block-group gray-box has-cyan-bluish-gray-background-color has-background has-global-padding is-layout-constrained wp-container-core-group-is-layout-31fcb526 wp-block-group-is-layout-constrained\" style=\"padding-top:30px;padding-right:20px;padding-bottom:30px;padding-left:20px\">\n<div class=\"wp-block-group has-global-padding is-layout-constrained wp-block-group-is-layout-constrained\">\n<iframe class=\"od-widget\" id=\"od-widget-cc81b15b444a65ca5f1b1cb59a9c9bfb2db507f9625026aa0b15085dd8f02d0c\" src=\"about:blank\" data-src=\"https:\/\/onedoc.ch\/de\/widget\/cc81b15b444a65ca5f1b1cb59a9c9bfb2db507f9625026aa0b15085dd8f02d0c\" frameborder=\"0\" style=\"width:100%;height:400px\"><\/iframe>\n<\/div>\n<\/div>\n","protected":false},"excerpt":{"rendered":"<p>Estaremos encantados de que nos contacte para concertar una cita. Nos gustar\u00eda ofrecer a todos los pacientes una cita en un plazo razonable. En casos urgentes, es decir, si necesitas ayuda en un plazo de 2 d\u00edas, lo mejor es que nos llames por tel\u00e9fono.Si no, puedes reservar cita directamente por Internet. S\u00f3lo ser\u00e1 definitivo [&hellip;]<\/p>\n","protected":false},"author":3,"featured_media":547,"parent":0,"menu_order":66,"comment_status":"closed","ping_status":"closed","template":"","meta":{"_acf_changed":false,"inline_featured_image":false,"footnotes":""},"class_list":["post-1303","page","type-page","status-publish","has-post-thumbnail","hentry"],"acf":[],"_links":{"self":[{"href":"https:\/\/hausarztpraxis-worb.ch\/es\/wp-json\/wp\/v2\/pages\/1303","targetHints":{"allow":["GET"]}}],"collection":[{"href":"https:\/\/hausarztpraxis-worb.ch\/es\/wp-json\/wp\/v2\/pages"}],"about":[{"href":"https:\/\/hausarztpraxis-worb.ch\/es\/wp-json\/wp\/v2\/types\/page"}],"author":[{"embeddable":true,"href":"https:\/\/hausarztpraxis-worb.ch\/es\/wp-json\/wp\/v2\/users\/3"}],"replies":[{"embeddable":true,"href":"https:\/\/hausarztpraxis-worb.ch\/es\/wp-json\/wp\/v2\/comments?post=1303"}],"version-history":[{"count":4,"href":"https:\/\/hausarztpraxis-worb.ch\/es\/wp-json\/wp\/v2\/pages\/1303\/revisions"}],"predecessor-version":[{"id":1417,"href":"https:\/\/hausarztpraxis-worb.ch\/es\/wp-json\/wp\/v2\/pages\/1303\/revisions\/1417"}],"wp:featuredmedia":[{"embeddable":true,"href":"https:\/\/hausarztpraxis-worb.ch\/es\/wp-json\/wp\/v2\/media\/547"}],"wp:attachment":[{"href":"https:\/\/hausarztpraxis-worb.ch\/es\/wp-json\/wp\/v2\/media?parent=1303"}],"curies":[{"name":"wp","href":"https:\/\/api.w.org\/{rel}","templated":true}]}}