{"id":1299,"date":"2025-07-23T21:33:31","date_gmt":"2025-07-23T19:33:31","guid":{"rendered":"https:\/\/hausarztpraxis-worb.ch\/notfall\/"},"modified":"2026-02-02T19:09:33","modified_gmt":"2026-02-02T18:09:33","slug":"emergencia","status":"publish","type":"page","link":"https:\/\/hausarztpraxis-worb.ch\/es\/emergencia\/","title":{"rendered":"Emergencia"},"content":{"rendered":"\n<div class=\"wp-block-group has-global-padding is-layout-constrained wp-block-group-is-layout-constrained\" style=\"padding-bottom:60px\">\n<blockquote class=\"wp-block-quote is-layout-flow wp-block-quote-is-layout-flow\">\n<p>En caso de urgencia m\u00e9dica, te ayudaremos r\u00e1pidamente y sin complicaciones, ofreci\u00e9ndote un tratamiento competente y completo.<\/p>\n<\/blockquote>\n\n\n\n<p>En nuestra consulta disponemos de todos los medios diagn\u00f3sticos pertinentes para poder hacer r\u00e1pidamente un diagn\u00f3stico preciso y descartar causas peligrosas de tus dolencias. Nuestros experimentados m\u00e9dicos tambi\u00e9n se encargan del cuidado de las heridas y de peque\u00f1as intervenciones quir\u00fargicas. Por supuesto, tambi\u00e9n estamos encantados de ayudarte con las crisis vitales y los problemas psicol\u00f3gicos.  <\/p>\n\n\n\n<p>Para minimizar los tiempos de espera, te rogamos que pidas cita por tel\u00e9fono.<\/p>\n<\/div>\n\n<div class=\"wp-block-group gray-box block-contacts has-cyan-bluish-gray-background-color has-background has-global-padding is-layout-constrained wp-container-core-group-is-layout-6370e935 wp-block-group-is-layout-constrained\" style=\"padding-top:60px;padding-bottom:60px\">\n<div class=\"wp-block-columns is-layout-flex wp-container-core-columns-is-layout-28f84493 wp-block-columns-is-layout-flex\">\n<div class=\"wp-block-column is-layout-flow wp-block-column-is-layout-flow\" style=\"flex-basis:70px\">\n<figure class=\"wp-block-image size-full is-resized\"><img decoding=\"async\" width=\"800\" height=\"800\" src=\"https:\/\/hausarztpraxis-worb.ch\/wp-content\/uploads\/2025\/07\/phone-icon.svg\" alt=\"\" class=\"wp-image-269\" style=\"width:60px\"\/><\/figure>\n<\/div>\n\n\n\n<div class=\"wp-block-column is-layout-flow wp-block-column-is-layout-flow\">\n<h2 class=\"wp-block-heading\">Tel\u00e9fono de urgencias durante nuestro horario de apertura<br\/><strong>031 839 25 03<\/strong><\/h2>\n<\/div>\n<\/div>\n\n\n\n<div class=\"wp-block-columns is-layout-flex wp-container-core-columns-is-layout-28f84493 wp-block-columns-is-layout-flex\">\n<div class=\"wp-block-column is-layout-flow wp-block-column-is-layout-flow\" style=\"flex-basis:70px\">\n<figure class=\"wp-block-image size-full is-resized\"><img decoding=\"async\" width=\"696\" height=\"314\" src=\"https:\/\/hausarztpraxis-worb.ch\/wp-content\/uploads\/2025\/07\/phone-down-icon.svg\" alt=\"\" class=\"wp-image-385\" style=\"width:50px\"\/><\/figure>\n<\/div>\n\n\n\n<div class=\"wp-block-column is-layout-flow wp-block-column-is-layout-flow\">\n<h2 class=\"wp-block-heading\">Para urgencias fuera de nuestro horario de apertura, lo mejor es ponerse en contacto con Medphone<br\/><strong>0900 57 67 47<\/strong> (3,23 CHF\/minuto)<\/h2>\n<\/div>\n<\/div>\n\n\n\n<div class=\"wp-block-columns is-layout-flex wp-container-core-columns-is-layout-28f84493 wp-block-columns-is-layout-flex\">\n<div class=\"wp-block-column is-layout-flow wp-block-column-is-layout-flow\" style=\"flex-basis:70px\">\n<figure class=\"wp-block-image size-full is-resized\"><img decoding=\"async\" width=\"800\" height=\"800\" src=\"https:\/\/hausarztpraxis-worb.ch\/wp-content\/uploads\/2025\/07\/hand-icon-1.svg\" alt=\"\" class=\"wp-image-392\" style=\"width:50px\"\/><\/figure>\n<\/div>\n\n\n\n<div class=\"wp-block-column is-layout-flow wp-block-column-is-layout-flow\">\n<h2 class=\"wp-block-heading\">En caso de emergencia directamente mortal, marca siempre<br\/><strong>144<\/strong> inmediatamente<\/h2>\n<\/div>\n<\/div>\n<\/div>\n\n<div class=\"wp-block-group has-global-padding is-layout-constrained wp-block-group-is-layout-constrained\" style=\"padding-top:60px;padding-bottom:60px\">\n<h1 class=\"wp-block-heading\">Otras cifras importantes<\/h1>\n\n\n\n<p>Info Tox Suisse (para preguntas sobre intoxicaciones y productos qu\u00edmicos)<br\/><strong>145<\/strong><\/p>\n\n\n\n<p>La Mano Dargebotene (para crisis personales)<br\/><strong>143<\/strong><\/p>\n\n\n\n<p>L\u00ednea directa para refugios de mujeres en Suiza (para violencia sexual y dom\u00e9stica)<br\/><strong>031 533 03 03<\/strong><\/p>\n<\/div>\n","protected":false},"excerpt":{"rendered":"<p>En caso de urgencia m\u00e9dica, te ayudaremos r\u00e1pidamente y sin complicaciones, ofreci\u00e9ndote un tratamiento competente y completo. En nuestra consulta disponemos de todos los medios diagn\u00f3sticos pertinentes para poder hacer r\u00e1pidamente un diagn\u00f3stico preciso y descartar causas peligrosas de tus dolencias. Nuestros experimentados m\u00e9dicos tambi\u00e9n se encargan del cuidado de las heridas y de peque\u00f1as [&hellip;]<\/p>\n","protected":false},"author":3,"featured_media":615,"parent":0,"menu_order":57,"comment_status":"closed","ping_status":"closed","template":"","meta":{"_acf_changed":false,"inline_featured_image":false,"footnotes":""},"class_list":["post-1299","page","type-page","status-publish","has-post-thumbnail","hentry"],"acf":[],"_links":{"self":[{"href":"https:\/\/hausarztpraxis-worb.ch\/es\/wp-json\/wp\/v2\/pages\/1299","targetHints":{"allow":["GET"]}}],"collection":[{"href":"https:\/\/hausarztpraxis-worb.ch\/es\/wp-json\/wp\/v2\/pages"}],"about":[{"href":"https:\/\/hausarztpraxis-worb.ch\/es\/wp-json\/wp\/v2\/types\/page"}],"author":[{"embeddable":true,"href":"https:\/\/hausarztpraxis-worb.ch\/es\/wp-json\/wp\/v2\/users\/3"}],"replies":[{"embeddable":true,"href":"https:\/\/hausarztpraxis-worb.ch\/es\/wp-json\/wp\/v2\/comments?post=1299"}],"version-history":[{"count":4,"href":"https:\/\/hausarztpraxis-worb.ch\/es\/wp-json\/wp\/v2\/pages\/1299\/revisions"}],"predecessor-version":[{"id":1491,"href":"https:\/\/hausarztpraxis-worb.ch\/es\/wp-json\/wp\/v2\/pages\/1299\/revisions\/1491"}],"wp:featuredmedia":[{"embeddable":true,"href":"https:\/\/hausarztpraxis-worb.ch\/es\/wp-json\/wp\/v2\/media\/615"}],"wp:attachment":[{"href":"https:\/\/hausarztpraxis-worb.ch\/es\/wp-json\/wp\/v2\/media?parent=1299"}],"curies":[{"name":"wp","href":"https:\/\/api.w.org\/{rel}","templated":true}]}}