{"id":1295,"date":"2025-07-23T16:59:02","date_gmt":"2025-07-23T14:59:02","guid":{"rendered":"https:\/\/hausarztpraxis-worb.ch\/medicamentos-recetas\/"},"modified":"2025-08-13T03:12:18","modified_gmt":"2025-08-13T01:12:18","slug":"medicamentos-recetas","status":"publish","type":"page","link":"https:\/\/hausarztpraxis-worb.ch\/es\/medicamentos-recetas\/","title":{"rendered":"Medicamentos\/recetas"},"content":{"rendered":"\n<div class=\"wp-block-group has-global-padding is-layout-constrained wp-block-group-is-layout-constrained\" style=\"padding-bottom:30px\">\n<blockquote class=\"wp-block-quote is-layout-flow wp-block-quote-is-layout-flow\">\n<p>Puede usar este formulario para ordenar recetas y medicamentos a largo plazo de manera f\u00e1cil y conveniente desde su hogar en l\u00ednea. Luego le proporcionaremos lo que desea. Antes de hacer la recogida, espere hasta que haya recibido nuestra confirmaci\u00f3n.  <\/p>\n<\/blockquote>\n\n\n\n<p>Para un pedido en l\u00ednea, requerimos que usted ya sea conocido y est\u00e9 registrado con nosotros como paciente.<\/p>\n<\/div>\n\n<div class=\"wp-block-group gray-box has-cyan-bluish-gray-background-color has-background has-global-padding is-layout-constrained wp-block-group-is-layout-constrained\" style=\"padding-top:15px;padding-bottom:30px\">\n<div class=\"wp-block-contact-form-7-contact-form-selector\">\n<div class=\"wpcf7 no-js\" id=\"wpcf7-f1071-o1\" lang=\"es-ES\" dir=\"ltr\" data-wpcf7-id=\"1071\">\n<div class=\"screen-reader-response\"><p role=\"status\" aria-live=\"polite\" aria-atomic=\"true\"><\/p> <ul><\/ul><\/div>\n<form action=\"\/es\/wp-json\/wp\/v2\/pages\/1295#wpcf7-f1071-o1\" method=\"post\" class=\"wpcf7-form init\" aria-label=\"Formulario de contacto\" novalidate=\"novalidate\" data-status=\"init\">\n<fieldset class=\"hidden-fields-container\"><input type=\"hidden\" name=\"_wpcf7\" value=\"1071\" \/><input type=\"hidden\" name=\"_wpcf7_version\" value=\"6.1.5\" \/><input type=\"hidden\" name=\"_wpcf7_locale\" value=\"es_ES\" \/><input type=\"hidden\" name=\"_wpcf7_unit_tag\" value=\"wpcf7-f1071-o1\" \/><input type=\"hidden\" name=\"_wpcf7_container_post\" value=\"0\" \/><input type=\"hidden\" name=\"_wpcf7_posted_data_hash\" value=\"\" \/>\n<\/fieldset>\n<div class=\"wpcf7-turnstile cf-turnstile\" data-sitekey=\"0x4AAAAAABqywcTZJ9PZTscU\" data-response-field-name=\"_wpcf7_turnstile_response\"><\/div>\n\n<div class=\"cform-wrapper\">\n\t<div class=\"two-col\">\n\t\t<div>\n\t\t\t<p><label>Nombre<br \/>\n<span class=\"wpcf7-form-control-wrap\" data-name=\"your-vorname\"><input size=\"40\" maxlength=\"400\" class=\"wpcf7-form-control wpcf7-text wpcf7-validates-as-required\" autocomplete=\"name\" aria-required=\"true\" aria-invalid=\"false\" value=\"\" type=\"text\" name=\"your-vorname\" \/><\/span><\/label>\n\t\t\t<\/p>\n\t\t<\/div>\n\t\t<div>\n\t\t\t<p><label>Apellido<br \/>\n<span class=\"wpcf7-form-control-wrap\" data-name=\"your-nachname\"><input size=\"40\" maxlength=\"400\" class=\"wpcf7-form-control wpcf7-text wpcf7-validates-as-required\" autocomplete=\"name\" aria-required=\"true\" aria-invalid=\"false\" value=\"\" type=\"text\" name=\"your-nachname\" \/><\/span><\/label>\n\t\t\t<\/p>\n\t\t<\/div>\n\t<\/div>\n\t<div class=\"two-col\">\n\t\t<div>\n\t\t\t<p><label>Fecha de nacimiento<br \/>\n<span class=\"wpcf7-form-control-wrap\" data-name=\"geburtsdatum\"><input class=\"wpcf7-form-control wpcf7-date wpcf7-validates-as-required wpcf7-validates-as-date\" aria-required=\"true\" aria-invalid=\"false\" value=\"\" type=\"date\" name=\"geburtsdatum\" \/><\/span><\/label>\n\t\t\t<\/p>\n\t\t<\/div>\n\t\t<div>\n\t\t\t<p><label>E-Mail (opcional)<br \/>\n<span class=\"wpcf7-form-control-wrap\" data-name=\"your-email\"><input size=\"40\" maxlength=\"400\" class=\"wpcf7-form-control wpcf7-email wpcf7-text wpcf7-validates-as-email\" autocomplete=\"email\" aria-invalid=\"false\" value=\"\" type=\"email\" name=\"your-email\" \/><\/span><\/label>\n\t\t\t<\/p>\n\t\t<\/div>\n\t<\/div>\n\t<div class=\"one-col\">\n\t\t<p><span class=\"radio-title\">Desear\u00eda...<\/span><br \/>\n<span class=\"wpcf7-form-control-wrap\" data-name=\"wunsche\"><span class=\"wpcf7-form-control wpcf7-radio\"><span class=\"wpcf7-list-item first\"><input type=\"radio\" name=\"wunsche\" value=\"medicamentos\" \/><span class=\"wpcf7-list-item-label\">medicamentos<\/span><\/span><span class=\"wpcf7-list-item last\"><input type=\"radio\" name=\"wunsche\" value=\"Receta\" \/><span class=\"wpcf7-list-item-label\">Receta<\/span><\/span><\/span><\/span>\n\t\t<\/p>\n\t<\/div>\n\t<div class=\"medikament-wrapper\">\n\t\t<div id=\"medikament-fields-container\">\n\t\t<\/div>\n\t\t<div class=\"btn-plus\">\n\t\t\t<p><button type=\"button\" id=\"add-medikament-block\">A\u00f1adir medicaci\u00f3n \/ receta<\/button>\n\t\t\t<\/p>\n\t\t<\/div>\n\t<\/div>\n\t<div class=\"one-col\">\n\t\t<p><label>Observaciones (opcional)<br \/>\n<span class=\"wpcf7-form-control-wrap\" data-name=\"your-message\"><textarea cols=\"40\" rows=\"10\" maxlength=\"2000\" class=\"wpcf7-form-control wpcf7-textarea\" aria-invalid=\"false\" name=\"your-message\"><\/textarea><\/span><\/label>\n\t\t<\/p>\n\t<\/div>\n\t<div class=\"one-col\">\n\t\t<p><span class=\"wpcf7-form-control-wrap\" data-name=\"datenschutz\"><span class=\"wpcf7-form-control wpcf7-acceptance\"><span class=\"wpcf7-list-item\"><label><input type=\"checkbox\" name=\"datenschutz\" value=\"1\" aria-invalid=\"false\" \/><span class=\"wpcf7-list-item-label\">He le\u00eddo y acepto la<a href=\"https:\/\/hausarztpraxis-worb.ch\/es\/proteccion-de-datos\/\" target=\"_blank\"> protecci\u00f3n de datos<\/a>.<\/span><\/label><\/span><\/span><\/span><br \/>\n<input class=\"wpcf7-form-control wpcf7-submit has-spinner\" type=\"submit\" value=\"Enviar pedido\" \/>\n\t\t<\/p>\n\t<\/div>\n<\/div><div class=\"wpcf7-response-output\" aria-hidden=\"true\"><\/div>\n<\/form>\n<\/div>\n<\/div>\n<\/div>\n","protected":false},"excerpt":{"rendered":"<p>Puede usar este formulario para ordenar recetas y medicamentos a largo plazo de manera f\u00e1cil y conveniente desde su hogar en l\u00ednea. Luego le proporcionaremos lo que desea. Antes de hacer la recogida, espere hasta que haya recibido nuestra confirmaci\u00f3n. Para un pedido en l\u00ednea, requerimos que usted ya sea conocido y est\u00e9 registrado con [&hellip;]<\/p>\n","protected":false},"author":3,"featured_media":559,"parent":0,"menu_order":51,"comment_status":"closed","ping_status":"closed","template":"","meta":{"_acf_changed":false,"inline_featured_image":false,"footnotes":""},"class_list":["post-1295","page","type-page","status-publish","has-post-thumbnail","hentry"],"acf":[],"_links":{"self":[{"href":"https:\/\/hausarztpraxis-worb.ch\/es\/wp-json\/wp\/v2\/pages\/1295","targetHints":{"allow":["GET"]}}],"collection":[{"href":"https:\/\/hausarztpraxis-worb.ch\/es\/wp-json\/wp\/v2\/pages"}],"about":[{"href":"https:\/\/hausarztpraxis-worb.ch\/es\/wp-json\/wp\/v2\/types\/page"}],"author":[{"embeddable":true,"href":"https:\/\/hausarztpraxis-worb.ch\/es\/wp-json\/wp\/v2\/users\/3"}],"replies":[{"embeddable":true,"href":"https:\/\/hausarztpraxis-worb.ch\/es\/wp-json\/wp\/v2\/comments?post=1295"}],"version-history":[{"count":1,"href":"https:\/\/hausarztpraxis-worb.ch\/es\/wp-json\/wp\/v2\/pages\/1295\/revisions"}],"predecessor-version":[{"id":1296,"href":"https:\/\/hausarztpraxis-worb.ch\/es\/wp-json\/wp\/v2\/pages\/1295\/revisions\/1296"}],"wp:featuredmedia":[{"embeddable":true,"href":"https:\/\/hausarztpraxis-worb.ch\/es\/wp-json\/wp\/v2\/media\/559"}],"wp:attachment":[{"href":"https:\/\/hausarztpraxis-worb.ch\/es\/wp-json\/wp\/v2\/media?parent=1295"}],"curies":[{"name":"wp","href":"https:\/\/api.w.org\/{rel}","templated":true}]}}