{"id":1293,"date":"2025-07-23T20:01:49","date_gmt":"2025-07-23T18:01:49","guid":{"rendered":"https:\/\/hausarztpraxis-worb.ch\/equipo\/"},"modified":"2026-02-13T19:56:28","modified_gmt":"2026-02-13T18:56:28","slug":"equipo","status":"publish","type":"page","link":"https:\/\/hausarztpraxis-worb.ch\/es\/equipo\/","title":{"rendered":"Equipo"},"content":{"rendered":"\n<div class=\"wp-block-group has-global-padding is-layout-constrained wp-block-group-is-layout-constrained\" style=\"padding-bottom:60px\">\n<blockquote class=\"wp-block-quote is-layout-flow wp-block-quote-is-layout-flow\">\n<p>Todo el equipo est\u00e1 encantado de ayudarle.<\/p>\n<\/blockquote>\n\n\n\n<p>Nos complace darle la bienvenida en nuestro consultorio.<\/p>\n<\/div>\n\n\n\n<div class=\"wp-block-group gray-box has-cyan-bluish-gray-background-color has-background has-global-padding is-layout-constrained wp-block-group-is-layout-constrained\" style=\"padding-top:30px;padding-bottom:30px\">\n    <div class=\"team-members\">\n        <h1>\u00c4rzte<\/h1>\n        \n                    <div class=\"team-members-list\">\n                                    <div class=\"team-member\">\n                                                    <img decoding=\"async\" src=\"https:\/\/hausarztpraxis-worb.ch\/wp-content\/uploads\/2025\/07\/Marc.jpg\" alt=\"Dr. med. Marc-Alain Portmann\" class=\"team-member-photo\">\n                                                \n                        <p class=\"team-member-title\">Dr. med. Marc-Alain Portmann<\/p>\n                        \n                                                    <p class=\"team-member-position\"> FMH especialista en medicina interna general, titular de la consulta<\/p>\n                                                \n                                                \n                                                    <div class=\"wp-block-buttons is-layout-flex wp-block-buttons-is-layout-flex\">\n                                <div class=\"wp-block-button\">\n                                    <a class=\"wp-block-button__link wp-element-button team-member-link\" href=\"https:\/\/hausarztpraxis-worb.ch\/es\/team\/dr-med-marc-alain-portmann\/\">\n                                        Perfil                                    <\/a>\n                                <\/div>\n                            <\/div>                            \n                                            <\/div>\n                                    <div class=\"team-member\">\n                                                    <img decoding=\"async\" src=\"https:\/\/hausarztpraxis-worb.ch\/wp-content\/uploads\/2025\/07\/Doris.jpg\" alt=\"Dra. Doris von Muralt\" class=\"team-member-photo\">\n                                                \n                        <p class=\"team-member-title\">Dra. Doris von Muralt<\/p>\n                        \n                                                    <p class=\"team-member-position\">  Especialista FMH en medicina interna general, copropietario de la consulta<\/p>\n                                                \n                                                \n                                                    <div class=\"wp-block-buttons is-layout-flex wp-block-buttons-is-layout-flex\">\n                                <div class=\"wp-block-button\">\n                                    <a class=\"wp-block-button__link wp-element-button team-member-link\" href=\"https:\/\/hausarztpraxis-worb.ch\/es\/team\/dra-doris-von-muralt\/\">\n                                        Perfil                                    <\/a>\n                                <\/div>\n                            <\/div>                            \n                                            <\/div>\n                                    <div class=\"team-member\">\n                                                    <img decoding=\"async\" src=\"https:\/\/hausarztpraxis-worb.ch\/wp-content\/uploads\/2025\/07\/David.jpg\" alt=\"David Harder\" class=\"team-member-photo\">\n                                                \n                        <p class=\"team-member-title\">David Harder<\/p>\n                        \n                                                    <p class=\"team-member-position\">  Especialista (jubilado)<\/p>\n                                                \n                                                \n                                                    <div class=\"wp-block-buttons is-layout-flex wp-block-buttons-is-layout-flex\">\n                                <div class=\"wp-block-button\">\n                                    <a class=\"wp-block-button__link wp-element-button team-member-link\" href=\"https:\/\/hausarztpraxis-worb.ch\/es\/team\/david-harder\/\">\n                                        Perfil                                    <\/a>\n                                <\/div>\n                            <\/div>                            \n                                            <\/div>\n                                    <div class=\"team-member\">\n                                                    <img decoding=\"async\" src=\"https:\/\/hausarztpraxis-worb.ch\/wp-content\/uploads\/2025\/09\/Dominik.jpg\" alt=\"Dominik Pytlik\" class=\"team-member-photo\">\n                                                \n                        <p class=\"team-member-title\">Dominik Pytlik<\/p>\n                        \n                                                    <p class=\"team-member-position\">Especialista FMH para medicina interna general<\/p>\n                                                \n                                                \n                                                    <div class=\"wp-block-buttons is-layout-flex wp-block-buttons-is-layout-flex\">\n                                <div class=\"wp-block-button\">\n                                    <a class=\"wp-block-button__link wp-element-button team-member-link\" href=\"https:\/\/hausarztpraxis-worb.ch\/es\/team\/dominik-pytlik\/\">\n                                        Perfil                                    <\/a>\n                                <\/div>\n                            <\/div>                            \n                                            <\/div>\n                                    <div class=\"team-member\">\n                                                    <img decoding=\"async\" src=\"https:\/\/hausarztpraxis-worb.ch\/wp-content\/uploads\/2025\/07\/Anna.jpg\" alt=\"Dra. Anna Hirschi\" class=\"team-member-photo\">\n                                                \n                        <p class=\"team-member-title\">Dra. Anna Hirschi<\/p>\n                        \n                                                    <p class=\"team-member-position\">  M\u00e9dico generalista<\/p>\n                                                \n                                                \n                                            <\/div>\n                                    <div class=\"team-member\">\n                                                    <img decoding=\"async\" src=\"https:\/\/hausarztpraxis-worb.ch\/wp-content\/uploads\/2025\/07\/Alex.jpg\" alt=\"Alexander Wegenast\" class=\"team-member-photo\">\n                                                \n                        <p class=\"team-member-title\">Alexander Wegenast<\/p>\n                        \n                                                    <p class=\"team-member-position\">  Especialista (jubilado)<\/p>\n                                                \n                                                \n                                            <\/div>\n                            <\/div>\n            <\/div>\n\n    \n<\/div>\n\n\n\n<div class=\"wp-block-group has-global-padding is-layout-constrained wp-block-group-is-layout-constrained\" style=\"padding-top:30px;padding-bottom:30px\">\n    <div class=\"team-members\">\n        <h1>Medizinische PraxisassistentInnen<\/h1>\n        \n                    <div class=\"team-members-list\">\n                                    <div class=\"team-member\">\n                                                    <img decoding=\"async\" src=\"https:\/\/hausarztpraxis-worb.ch\/wp-content\/uploads\/2025\/07\/Andrea.jpg\" alt=\"Andrea Rolli\" class=\"team-member-photo\">\n                                                \n                        <p class=\"team-member-title\">Andrea Rolli<\/p>\n                        \n                                                    <p class=\"team-member-position\">Auxiliar de consultas m\u00e9dicas<\/p>\n                                                \n                                                    <p class=\"team-member-description\">Andrea Rolli es una entusiasta carnavalera de Basilea a la que le encanta estar con sus amigos.<\/p>\n                                                \n                                            <\/div>\n                                    <div class=\"team-member\">\n                                                    <img decoding=\"async\" src=\"https:\/\/hausarztpraxis-worb.ch\/wp-content\/uploads\/2025\/07\/Yvonne.jpg\" alt=\"Yvonne M\u00fcller\" class=\"team-member-photo\">\n                                                \n                        <p class=\"team-member-title\">Yvonne M\u00fcller<\/p>\n                        \n                                                    <p class=\"team-member-position\">Auxiliar de consultas m\u00e9dicas<\/p>\n                                                \n                                                    <p class=\"team-member-description\">A Yvonne M\u00fcller le gusta estar rodeada de gente, le encantan los ambientes alegres y animados.<\/p>\n                                                \n                                            <\/div>\n                                    <div class=\"team-member\">\n                                                    <img decoding=\"async\" src=\"https:\/\/hausarztpraxis-worb.ch\/wp-content\/uploads\/2025\/07\/Liselotte.jpg\" alt=\"Liselotte Freiburghaus\" class=\"team-member-photo\">\n                                                \n                        <p class=\"team-member-title\">Liselotte Freiburghaus<\/p>\n                        \n                                                    <p class=\"team-member-position\">Auxiliar de consultas m\u00e9dicas<\/p>\n                                                \n                                                    <p class=\"team-member-description\">Liselotte Freiburghaus forma parte del equipo desde hace m\u00e1s de 20 a\u00f1os y conoce la respuesta a casi todas las preguntas que surgen.<\/p>\n                                                \n                                            <\/div>\n                                    <div class=\"team-member\">\n                                                    <img decoding=\"async\" src=\"https:\/\/hausarztpraxis-worb.ch\/wp-content\/uploads\/2025\/07\/Vivi.jpg\" alt=\"Vivien Bencivinni\" class=\"team-member-photo\">\n                                                \n                        <p class=\"team-member-title\">Vivien Bencivinni<\/p>\n                        \n                                                    <p class=\"team-member-position\">Auxiliar de consultas m\u00e9dicas<\/p>\n                                                \n                                                    <p class=\"team-member-description\">Vivien Bencivinni es nuestro talento ling\u00fc\u00edstico, habla alem\u00e1n, italiano y franc\u00e9s, adem\u00e1s de muy buen ingl\u00e9s.<\/p>\n                                                \n                                            <\/div>\n                                    <div class=\"team-member\">\n                                                    <img decoding=\"async\" src=\"https:\/\/hausarztpraxis-worb.ch\/wp-content\/uploads\/2025\/07\/Ale.jpg\" alt=\"Alesandra Puente\" class=\"team-member-photo\">\n                                                \n                        <p class=\"team-member-title\">Alesandra Puente<\/p>\n                        \n                                                    <p class=\"team-member-position\">Auxiliar de consultas m\u00e9dicas<\/p>\n                                                \n                                                    <p class=\"team-member-description\">El pa\u00eds de origen de Alesandra Puente es Colombia, por lo que habla perfectamente espa\u00f1ol. Le encanta ir de compras con sus amigas. <\/p>\n                                                \n                                            <\/div>\n                                    <div class=\"team-member\">\n                                                    <img decoding=\"async\" src=\"https:\/\/hausarztpraxis-worb.ch\/wp-content\/uploads\/2025\/07\/Medina.jpg\" alt=\"Medina Hasani\" class=\"team-member-photo\">\n                                                \n                        <p class=\"team-member-title\">Medina Hasani<\/p>\n                        \n                                                    <p class=\"team-member-position\">Auxiliar de consultas m\u00e9dicas<\/p>\n                                                \n                                                    <p class=\"team-member-description\">Medina Hasani es una compa\u00f1era comprometida y atenta que siempre est\u00e1 dispuesta a escuchar a su familia.<\/p>\n                                                \n                                            <\/div>\n                                    <div class=\"team-member\">\n                                                    <img decoding=\"async\" src=\"https:\/\/hausarztpraxis-worb.ch\/wp-content\/uploads\/2025\/09\/Blessi.jpg\" alt=\"Blessi Sator\" class=\"team-member-photo\">\n                                                \n                        <p class=\"team-member-title\">Blessi Sator<\/p>\n                        \n                                                    <p class=\"team-member-position\">Auxiliar de consultas m\u00e9dicas<\/p>\n                                                \n                                                    <p class=\"team-member-description\">Blessi Sator est\u00e1 motivada y es curiosa. Recibe a los pacientes con una gran sonrisa y est\u00e1 abierta a nuevas ideas.<\/p>\n                                                \n                                            <\/div>\n                                    <div class=\"team-member\">\n                                                    <img decoding=\"async\" src=\"https:\/\/hausarztpraxis-worb.ch\/wp-content\/uploads\/2025\/07\/Ken.jpg\" alt=\"Ken Portmann\" class=\"team-member-photo\">\n                                                \n                        <p class=\"team-member-title\">Ken Portmann<\/p>\n                        \n                                                    <p class=\"team-member-position\">Auxiliar de consultas m\u00e9dicas<\/p>\n                                                \n                                                    <p class=\"team-member-description\">A Ken Portmann le gusta trabajar con personas, por eso decidi\u00f3 formarse en el campo de la medicina.<\/p>\n                                                \n                                            <\/div>\n                                    <div class=\"team-member\">\n                                                    <img decoding=\"async\" src=\"https:\/\/hausarztpraxis-worb.ch\/wp-content\/uploads\/2025\/09\/Micaela.jpg\" alt=\"Mihaela Lehmann\" class=\"team-member-photo\">\n                                                \n                        <p class=\"team-member-title\">Mihaela Lehmann<\/p>\n                        \n                                                    <p class=\"team-member-position\">Especialista sanitario<\/p>\n                                                \n                                                \n                                            <\/div>\n                                    <div class=\"team-member\">\n                                                    <img decoding=\"async\" src=\"https:\/\/hausarztpraxis-worb.ch\/wp-content\/uploads\/2025\/07\/Katarina.jpg\" alt=\"Katarina Peric\" class=\"team-member-photo\">\n                                                \n                        <p class=\"team-member-title\">Katarina Peric<\/p>\n                        \n                                                    <p class=\"team-member-position\">Auxiliar de consultas m\u00e9dicas<\/p>\n                                                \n                                                    <p class=\"team-member-description\">(en formaci\u00f3n)<\/p>\n                                                \n                                            <\/div>\n                                    <div class=\"team-member\">\n                                                    <img decoding=\"async\" src=\"https:\/\/hausarztpraxis-worb.ch\/wp-content\/uploads\/2025\/07\/Valentina.jpg\" alt=\"Valentina Anesi\" class=\"team-member-photo\">\n                                                \n                        <p class=\"team-member-title\">Valentina Anesi<\/p>\n                        \n                                                    <p class=\"team-member-position\">Auxiliar de consultas m\u00e9dicas<\/p>\n                                                \n                                                    <p class=\"team-member-description\">(en formaci\u00f3n)<\/p>\n                                                \n                                            <\/div>\n                                    <div class=\"team-member\">\n                                                    <img decoding=\"async\" src=\"https:\/\/hausarztpraxis-worb.ch\/wp-content\/uploads\/2025\/07\/Leonie.jpg\" alt=\"Leonie L\u00fcthi\" class=\"team-member-photo\">\n                                                \n                        <p class=\"team-member-title\">Leonie L\u00fcthi<\/p>\n                        \n                                                    <p class=\"team-member-position\">Auxiliar de consultas m\u00e9dicas<\/p>\n                                                \n                                                    <p class=\"team-member-description\">(en formaci\u00f3n)<\/p>\n                                                \n                                            <\/div>\n                                    <div class=\"team-member\">\n                                                    <img decoding=\"async\" src=\"https:\/\/hausarztpraxis-worb.ch\/wp-content\/uploads\/2025\/09\/Mia.jpg\" alt=\"Mia Thiede\" class=\"team-member-photo\">\n                                                \n                        <p class=\"team-member-title\">Mia Thiede<\/p>\n                        \n                                                    <p class=\"team-member-position\">Auxiliar de consultas m\u00e9dicas<\/p>\n                                                \n                                                    <p class=\"team-member-description\">(en formaci\u00f3n)<\/p>\n                                                \n                                            <\/div>\n                            <\/div>\n            <\/div>\n\n    \n<\/div>\n\n\n\n<div class=\"wp-block-group gray-box has-cyan-bluish-gray-background-color has-background has-global-padding is-layout-constrained wp-block-group-is-layout-constrained\" style=\"padding-top:30px;padding-bottom:60px\">\n    <div class=\"team-members\">\n        <h1>Fachspezialisten<\/h1>\n        \n                    <div class=\"team-members-list\">\n                                    <div class=\"team-member\">\n                                                    <img decoding=\"async\" src=\"https:\/\/hausarztpraxis-worb.ch\/wp-content\/uploads\/2025\/07\/gerald_leist.jpg\" alt=\"Dr. G\u00e9rald Leist\" class=\"team-member-photo\">\n                                                \n                        <p class=\"team-member-title\">Dr. G\u00e9rald Leist<\/p>\n                        \n                                                    <p class=\"team-member-position\">Especialista FMH para cirug\u00eda<\/p>\n                                                \n                                                \n                                            <\/div>\n                                    <div class=\"team-member\">\n                                                    <img decoding=\"async\" src=\"https:\/\/hausarztpraxis-worb.ch\/wp-content\/uploads\/2025\/07\/heidi_schaffer_wuest.jpg\" alt=\"Heidi Schaffer W\u00fcst\" class=\"team-member-photo\">\n                                                \n                        <p class=\"team-member-title\">Heidi Schaffer W\u00fcst<\/p>\n                        \n                                                    <p class=\"team-member-position\">Dipl. Nutricionista FH<\/p>\n                                                \n                                                \n                                            <\/div>\n                                    <div class=\"team-member\">\n                                                    <img decoding=\"async\" src=\"https:\/\/hausarztpraxis-worb.ch\/wp-content\/uploads\/2025\/07\/Jasna_Rudez.jpg\" alt=\"Dra. Jasna Rudez\" class=\"team-member-photo\">\n                                                \n                        <p class=\"team-member-title\">Dra. Jasna Rudez<\/p>\n                        \n                                                    <p class=\"team-member-position\">Especialista en cirug\u00eda ortop\u00e9dica y traumatolog\u00eda del aparato locomotor<\/p>\n                                                \n                                                \n                                            <\/div>\n                                    <div class=\"team-member\">\n                                                    <img decoding=\"async\" src=\"https:\/\/hausarztpraxis-worb.ch\/wp-content\/uploads\/2025\/12\/beat_muggli.webp\" alt=\"Dr. Beat Muggli\" class=\"team-member-photo\">\n                                                \n                        <p class=\"team-member-title\">Dr. Beat Muggli<\/p>\n                        \n                                                    <p class=\"team-member-position\">Especialista en cirug\u00eda visceral FMH<\/p>\n                                                \n                                                \n                                            <\/div>\n                            <\/div>\n            <\/div>\n\n    \n\n\n\n    <div class=\"team-members\">\n        <h1>Raumpflege<\/h1>\n        \n                    <div class=\"team-members-list\">\n                                    <div class=\"team-member\">\n                                                    <img decoding=\"async\" src=\"https:\/\/hausarztpraxis-worb.ch\/wp-content\/uploads\/2025\/07\/Luisa_Maria_Sanchez.jpg\" alt=\"Luisa Mar\u00eda S\u00e1nchez\" class=\"team-member-photo\">\n                                                \n                        <p class=\"team-member-title\">Luisa Mar\u00eda S\u00e1nchez<\/p>\n                        \n                                                \n                                                \n                                            <\/div>\n                                    <div class=\"team-member\">\n                                                    <img decoding=\"async\" src=\"https:\/\/hausarztpraxis-worb.ch\/wp-content\/uploads\/2025\/07\/Putzfrau.jpg\" alt=\"Bukurije Koka\" class=\"team-member-photo\">\n                                                \n                        <p class=\"team-member-title\">Bukurije Koka<\/p>\n                        \n                                                \n                                                \n                                            <\/div>\n                            <\/div>\n            <\/div>\n\n    \n<\/div>\n","protected":false},"excerpt":{"rendered":"<p>Todo el equipo est\u00e1 encantado de ayudarle. Nos complace darle la bienvenida en nuestro consultorio.<\/p>\n","protected":false},"author":3,"featured_media":587,"parent":0,"menu_order":62,"comment_status":"closed","ping_status":"closed","template":"","meta":{"_acf_changed":false,"inline_featured_image":false,"footnotes":""},"class_list":["post-1293","page","type-page","status-publish","has-post-thumbnail","hentry"],"acf":[],"_links":{"self":[{"href":"https:\/\/hausarztpraxis-worb.ch\/es\/wp-json\/wp\/v2\/pages\/1293","targetHints":{"allow":["GET"]}}],"collection":[{"href":"https:\/\/hausarztpraxis-worb.ch\/es\/wp-json\/wp\/v2\/pages"}],"about":[{"href":"https:\/\/hausarztpraxis-worb.ch\/es\/wp-json\/wp\/v2\/types\/page"}],"author":[{"embeddable":true,"href":"https:\/\/hausarztpraxis-worb.ch\/es\/wp-json\/wp\/v2\/users\/3"}],"replies":[{"embeddable":true,"href":"https:\/\/hausarztpraxis-worb.ch\/es\/wp-json\/wp\/v2\/comments?post=1293"}],"version-history":[{"count":2,"href":"https:\/\/hausarztpraxis-worb.ch\/es\/wp-json\/wp\/v2\/pages\/1293\/revisions"}],"predecessor-version":[{"id":1534,"href":"https:\/\/hausarztpraxis-worb.ch\/es\/wp-json\/wp\/v2\/pages\/1293\/revisions\/1534"}],"wp:featuredmedia":[{"embeddable":true,"href":"https:\/\/hausarztpraxis-worb.ch\/es\/wp-json\/wp\/v2\/media\/587"}],"wp:attachment":[{"href":"https:\/\/hausarztpraxis-worb.ch\/es\/wp-json\/wp\/v2\/media?parent=1293"}],"curies":[{"name":"wp","href":"https:\/\/api.w.org\/{rel}","templated":true}]}}