{"id":1280,"date":"2025-07-23T14:32:56","date_gmt":"2025-07-23T12:32:56","guid":{"rendered":"https:\/\/hausarztpraxis-worb.ch\/angebote\/"},"modified":"2026-01-25T21:45:08","modified_gmt":"2026-01-25T20:45:08","slug":"oferta-de-servicios","status":"publish","type":"page","link":"https:\/\/hausarztpraxis-worb.ch\/es\/oferta-de-servicios\/","title":{"rendered":"Oferta de servicios"},"content":{"rendered":"\n<div class=\"wp-block-group has-global-padding is-layout-constrained wp-block-group-is-layout-constrained\" style=\"padding-bottom:60px\">\n<blockquote class=\"wp-block-quote is-layout-flow wp-block-quote-is-layout-flow\">\n<p>Salud significa calidad de vida. Le ofrecemos atenci\u00f3n m\u00e9dica integral y de alta calidad en todas las situaciones y para toda la familia. Es muy importante para nosotros mantener una buena relaci\u00f3n, abierta y confidencial con nuestros pacientes.<\/p>\n<\/blockquote>\n\n\n\n<p>Nuestra experiencia m\u00e9dica est\u00e1 acorde con todos los estudios y pautas actuales. Con el fin de garantizarle la mejor atenci\u00f3n m\u00e9dica posible y eficiente, trabajamos conjuntamente con m\u00e9dicos especialistas muy competentes establecidos en nuestra regi\u00f3n. En caso de ser necesario hacemos una remisi\u00f3n.<\/p>\n\n\n\n<div class=\"wp-block-esab-accordion esab-6ldi8a1j\" data-mode=\"global\" data-close=\"true\"><div class=\"esab__container\">\n<div class=\"wp-block-esab-accordion-child\"><div class=\"esab__head\" role=\"button\" aria-expanded=\"false\"><div class=\"esab__heading_txt\"><p class=\"esab__heading_tag\">Medicina Familiar<\/p><\/div><div class=\"esab__icon\"><div class=\"esab__collapse\"> <svg xmlns=\"http:\/\/www.w3.org\/2000\/svg\" width=\"24\" height=\"24\" fill=\"currentColor\" viewBox=\"0 0 16 16\"><path fill-rule=\"evenodd\" d=\"M1.646 4.646a.5.5 0 0 1 .708 0L8 10.293l5.646-5.647a.5.5 0 0 1 .708.708l-6 6a.5.5 0 0 1-.708 0l-6-6a.5.5 0 0 1 0-.708\"><\/path><\/svg> <\/div><div class=\"esab__expand\"> <svg xmlns=\"http:\/\/www.w3.org\/2000\/svg\" width=\"24\" height=\"24\" fill=\"currentColor\" viewBox=\"0 0 16 16\"><path fill-rule=\"evenodd\" d=\"M7.646 4.646a.5.5 0 0 1 .708 0l6 6a.5.5 0 0 1-.708.708L8 5.707l-5.646 5.647a.5.5 0 0 1-.708-.708z\"><\/path><\/svg> <\/div><\/div><\/div><div class=\"esab__body\">\n<ul class=\"wp-block-list\">\n<li>Atenci\u00f3n m\u00e9dica general.<\/li>\n\n\n\n<li>Persona de contacto para todos los problemas m\u00e9dicos.<\/li>\n\n\n\n<li>Apoyo y atenci\u00f3n a largo plazo para enfermedades cr\u00f3nicas.<\/li>\n\n\n\n<li>Tratamiento de emergencia<\/li>\n\n\n\n<li>Consejos de vacunaci\u00f3n, vacunas.<\/li>\n\n\n\n<li>Consejos m\u00e9dicos para viajes.<\/li>\n\n\n\n<li>Asesoramiento especializado para dejar de fumar.<\/li>\n\n\n\n<li>Cirug\u00eda peque\u00f1a, cuidado de heridas.<\/li>\n\n\n\n<li>Asesoramiento y apoyo en caso de problemas psicosom\u00e1ticos y psicol\u00f3gicos en cooperaci\u00f3n con servicios especializados.<\/li>\n\n\n\n<li>Atenci\u00f3n y seguimiento hasta el final de la vida, apoyo en situaciones paliativas.<\/li>\n\n\n\n<li>Aclaraciones para el buceo.<\/li>\n\n\n\n<li>Evaluaci\u00f3n de la aptitud para conducir niveles 1 y 2.<\/li>\n\n\n\n<li>Los ni\u00f1os tambi\u00e9n son bienvenidos en nuestro consultorio.<\/li>\n\n\n\n<li>Atenci\u00f3n m\u00e9dica escolar.<\/li>\n<\/ul>\n<\/div><\/div>\n\n\n\n<div class=\"wp-block-esab-accordion-child\"><div class=\"esab__head\" role=\"button\" aria-expanded=\"false\"><div class=\"esab__heading_txt\"><p class=\"esab__heading_tag\">Medicina Interna<\/p><\/div><div class=\"esab__icon\"><div class=\"esab__collapse\"> <svg xmlns=\"http:\/\/www.w3.org\/2000\/svg\" width=\"24\" height=\"24\" fill=\"currentColor\" viewBox=\"0 0 16 16\"><path fill-rule=\"evenodd\" d=\"M1.646 4.646a.5.5 0 0 1 .708 0L8 10.293l5.646-5.647a.5.5 0 0 1 .708.708l-6 6a.5.5 0 0 1-.708 0l-6-6a.5.5 0 0 1 0-.708\"><\/path><\/svg> <\/div><div class=\"esab__expand\"> <svg xmlns=\"http:\/\/www.w3.org\/2000\/svg\" width=\"24\" height=\"24\" fill=\"currentColor\" viewBox=\"0 0 16 16\"><path fill-rule=\"evenodd\" d=\"M7.646 4.646a.5.5 0 0 1 .708 0l6 6a.5.5 0 0 1-.708.708L8 5.707l-5.646 5.647a.5.5 0 0 1-.708-.708z\"><\/path><\/svg> <\/div><\/div><\/div><div class=\"esab__body\">\n<p>Nuestra amplia oferta en el campo de la medicina interna incluye:<\/p>\n\n\n\n<ul class=\"wp-block-list\">\n<li>Aclaraci\u00f3n, tratamiento y control regular de las enfermedades de los \u00f3rganos internos.<\/li>\n\n\n\n<li>Tratamiento optimizado en situaciones de enfermedades complejas con diagn\u00f3sticos m\u00faltiples.<\/li>\n\n\n\n<li>Terapias de infusi\u00f3n (hierro, anticuerpos y otros)<\/li>\n\n\n\n<li>Aclaraci\u00f3n y tratamiento de molestias gastrointestinales e intolerancias alimentarias.<\/li>\n\n\n\n<li>Aclaraciones de alergia y tratamientos de desensibilizaci\u00f3n.<\/li>\n\n\n\n<li>Aclaraci\u00f3n de los trastornos respiratorios nocturnos y la apnea del sue\u00f1o.<\/li>\n\n\n\n<li>B\u00fasqueda de causas e investigaciones avanzadas en caso de hipertensi\u00f3n arterial severa.<\/li>\n\n\n\n<li>Aclaraciones y consejos especializados en dolencias por fatiga (fatiga cr\u00f3nica).<\/li>\n\n\n\n<li>Asesoramiento cient\u00edficamente s\u00f3lido sobre enfermedades transmitidas por garrapatas y dolencias de la enfermedad de Lyme.<\/li>\n<\/ul>\n<\/div><\/div>\n\n\n\n<div class=\"wp-block-esab-accordion-child\"><div class=\"esab__head\" role=\"button\" aria-expanded=\"false\"><div class=\"esab__heading_txt\"><p class=\"esab__heading_tag\">Chequeos m\u00e9dicos \/ prevenci\u00f3n para j\u00f3venes y ancianos<\/p><\/div><div class=\"esab__icon\"><div class=\"esab__collapse\"> <svg xmlns=\"http:\/\/www.w3.org\/2000\/svg\" width=\"24\" height=\"24\" fill=\"currentColor\" viewBox=\"0 0 16 16\"><path fill-rule=\"evenodd\" d=\"M1.646 4.646a.5.5 0 0 1 .708 0L8 10.293l5.646-5.647a.5.5 0 0 1 .708.708l-6 6a.5.5 0 0 1-.708 0l-6-6a.5.5 0 0 1 0-.708\"><\/path><\/svg> <\/div><div class=\"esab__expand\"> <svg xmlns=\"http:\/\/www.w3.org\/2000\/svg\" width=\"24\" height=\"24\" fill=\"currentColor\" viewBox=\"0 0 16 16\"><path fill-rule=\"evenodd\" d=\"M7.646 4.646a.5.5 0 0 1 .708 0l6 6a.5.5 0 0 1-.708.708L8 5.707l-5.646 5.647a.5.5 0 0 1-.708-.708z\"><\/path><\/svg> <\/div><\/div><\/div><div class=\"esab__body\">\n<p>Los ex\u00e1menes m\u00e9dicos regulares son importantes para la prevenci\u00f3n y detecci\u00f3n temprana de enfermedades, tanto en las personas mayores como en los j\u00f3venes. Los controles que se recomiendan y la frecuencia con la que son necesarios dependen de su edad, su historial y las situaciones de salud en su familia. Estaremos encantados de asesorarle personalmente durante nuestro horario de servicios.<\/p>\n<\/div><\/div>\n\n\n\n<div class=\"wp-block-esab-accordion-child\"><div class=\"esab__head\" role=\"button\" aria-expanded=\"false\"><div class=\"esab__heading_txt\"><p class=\"esab__heading_tag\">Ginecolog\u00eda<\/p><\/div><div class=\"esab__icon\"><div class=\"esab__collapse\"> <svg xmlns=\"http:\/\/www.w3.org\/2000\/svg\" width=\"24\" height=\"24\" fill=\"currentColor\" viewBox=\"0 0 16 16\"><path fill-rule=\"evenodd\" d=\"M1.646 4.646a.5.5 0 0 1 .708 0L8 10.293l5.646-5.647a.5.5 0 0 1 .708.708l-6 6a.5.5 0 0 1-.708 0l-6-6a.5.5 0 0 1 0-.708\"><\/path><\/svg> <\/div><div class=\"esab__expand\"> <svg xmlns=\"http:\/\/www.w3.org\/2000\/svg\" width=\"24\" height=\"24\" fill=\"currentColor\" viewBox=\"0 0 16 16\"><path fill-rule=\"evenodd\" d=\"M7.646 4.646a.5.5 0 0 1 .708 0l6 6a.5.5 0 0 1-.708.708L8 5.707l-5.646 5.647a.5.5 0 0 1-.708-.708z\"><\/path><\/svg> <\/div><\/div><\/div><div class=\"esab__body\">\n<p><\/p>\n\n\n\n<div class=\"wp-block-columns is-layout-flex wp-container-core-columns-is-layout-28f84493 wp-block-columns-is-layout-flex\">\n<div class=\"wp-block-column is-layout-flow wp-block-column-is-layout-flow\" style=\"flex-basis:33.33%\">\n<figure class=\"wp-block-image size-full\"><img decoding=\"async\" width=\"1614\" height=\"294\" src=\"https:\/\/hausarztpraxis-worb.ch\/wp-content\/uploads\/2025\/07\/vonMuralt_Logo_Gyni.png\" alt=\"\" class=\"wp-image-237\" srcset=\"https:\/\/hausarztpraxis-worb.ch\/wp-content\/uploads\/2025\/07\/vonMuralt_Logo_Gyni.png 1614w, https:\/\/hausarztpraxis-worb.ch\/wp-content\/uploads\/2025\/07\/vonMuralt_Logo_Gyni-300x55.png 300w, https:\/\/hausarztpraxis-worb.ch\/wp-content\/uploads\/2025\/07\/vonMuralt_Logo_Gyni-1024x187.png 1024w, https:\/\/hausarztpraxis-worb.ch\/wp-content\/uploads\/2025\/07\/vonMuralt_Logo_Gyni-768x140.png 768w, https:\/\/hausarztpraxis-worb.ch\/wp-content\/uploads\/2025\/07\/vonMuralt_Logo_Gyni-1536x280.png 1536w\" sizes=\"(max-width: 1614px) 100vw, 1614px\" \/><\/figure>\n<\/div>\n\n\n\n<div class=\"wp-block-column is-layout-flow wp-block-column-is-layout-flow\" style=\"flex-basis:66.66%\">\n<ul class=\"wp-block-list\">\n<li>Ex\u00e1menes ginecol\u00f3gicos preventivos.<\/li>\n\n\n\n<li>Asesoramiento sobre medidas anticonceptivas.<\/li>\n\n\n\n<li>Insertar implantes anticonceptivos (Implanon) y espirales.<\/li>\n\n\n\n<li>Atenci\u00f3n del embarazo.<br>El parto suele realiza en la Cl\u00ednica Universitaria de Ginecolog\u00eda de Berna o como Ud. desee.<\/li>\n<\/ul>\n\n\n\n<div class=\"wp-block-buttons is-layout-flex wp-block-buttons-is-layout-flex\">\n<div class=\"wp-block-button\"><a class=\"wp-block-button__link wp-element-button\" href=\"https:\/\/hausarztpraxis-worb.ch\/es\/oferta-de-servicios\/ginecologia\/\">Saber m\u00e1s<\/a><\/div>\n<\/div>\n<\/div>\n<\/div>\n<\/div><\/div>\n\n\n\n<div class=\"wp-block-esab-accordion-child\"><div class=\"esab__head\" role=\"button\" aria-expanded=\"false\"><div class=\"esab__heading_txt\"><p class=\"esab__heading_tag\">Medicina musculoesquel\u00e9tica y manual<\/p><\/div><div class=\"esab__icon\"><div class=\"esab__collapse\"> <svg xmlns=\"http:\/\/www.w3.org\/2000\/svg\" width=\"24\" height=\"24\" fill=\"currentColor\" viewBox=\"0 0 16 16\"><path fill-rule=\"evenodd\" d=\"M1.646 4.646a.5.5 0 0 1 .708 0L8 10.293l5.646-5.647a.5.5 0 0 1 .708.708l-6 6a.5.5 0 0 1-.708 0l-6-6a.5.5 0 0 1 0-.708\"><\/path><\/svg> <\/div><div class=\"esab__expand\"> <svg xmlns=\"http:\/\/www.w3.org\/2000\/svg\" width=\"24\" height=\"24\" fill=\"currentColor\" viewBox=\"0 0 16 16\"><path fill-rule=\"evenodd\" d=\"M7.646 4.646a.5.5 0 0 1 .708 0l6 6a.5.5 0 0 1-.708.708L8 5.707l-5.646 5.647a.5.5 0 0 1-.708-.708z\"><\/path><\/svg> <\/div><\/div><\/div><div class=\"esab__body\">\n<ul class=\"wp-block-list\">\n<li>Nos ocupamos del tratamiento de enfermedades del sistema musculoesquel\u00e9tico, es decir, la columna vertebral, las articulaciones y los m\u00fasculos. Siempre que sea posible nos enfocaremos en tratamientos no quir\u00fargicos.<\/li>\n\n\n\n<li>En algunos casos, la medicina manual ofrece la oportunidad de aliviar dolencias utilizando t\u00e9cnicas especiales y movimientos de las manos. Algunos de estos son muy similares a la quiropr\u00e1ctica, pero tienen antecedentes m\u00e9dicos convencionales.<\/li>\n<\/ul>\n<\/div><\/div>\n\n\n\n<div class=\"wp-block-esab-accordion-child\"><div class=\"esab__head\" role=\"button\" aria-expanded=\"false\"><div class=\"esab__heading_txt\"><p class=\"esab__heading_tag\">Consulta de obesidad &#8211; Adelgazar con \u00e9xito<\/p><\/div><div class=\"esab__icon\"><div class=\"esab__collapse\"> <svg xmlns=\"http:\/\/www.w3.org\/2000\/svg\" width=\"24\" height=\"24\" fill=\"currentColor\" viewBox=\"0 0 16 16\"><path fill-rule=\"evenodd\" d=\"M1.646 4.646a.5.5 0 0 1 .708 0L8 10.293l5.646-5.647a.5.5 0 0 1 .708.708l-6 6a.5.5 0 0 1-.708 0l-6-6a.5.5 0 0 1 0-.708\"><\/path><\/svg> <\/div><div class=\"esab__expand\"> <svg xmlns=\"http:\/\/www.w3.org\/2000\/svg\" width=\"24\" height=\"24\" fill=\"currentColor\" viewBox=\"0 0 16 16\"><path fill-rule=\"evenodd\" d=\"M7.646 4.646a.5.5 0 0 1 .708 0l6 6a.5.5 0 0 1-.708.708L8 5.707l-5.646 5.647a.5.5 0 0 1-.708-.708z\"><\/path><\/svg> <\/div><\/div><\/div><div class=\"esab__body\">\n<p>En nuestra consulta ofrecemos una consulta especializada en obesidad para acompa\u00f1ar de forma profesional e individualizada a personas con sobrepeso. Nuestro objetivo es ayudarle de forma integral en su camino hacia una p\u00e9rdida de peso duradera. Somos un centro interdisciplinario especializado en obesidad y estamos reconocidos por las aseguradoras m\u00e9dicas en este \u00e1mbito. Gracias a nuestro asesoramiento nutricional, nuestra consulta de cirug\u00eda visceral y la estrecha colaboraci\u00f3n con los centros internos de fisioterapia, bari\u00e1trica y psicoterapia, podemos ofrecerle una atenci\u00f3n integral para la p\u00e9rdida de peso.<\/p>\n\n\n\n<p>Dependiendo de la indicaci\u00f3n m\u00e9dica, la p\u00e9rdida de peso puede ir acompa\u00f1ada de medicaci\u00f3n, por ejemplo, con los medicamentos Wegovy y Mounjaro. Estaremos encantados de asesorarle sobre las posibilidades y de apoyarle durante toda la terapia.<\/p>\n\n\n\n<p>Como complemento a la consulta sobre obesidad, ofrecemos el programa de dieta Precon. Este programa puede ser un complemento \u00fatil a la atenci\u00f3n m\u00e9dica. Por supuesto, en nuestra consulta tambi\u00e9n puede adquirir todos los productos de la dieta Precon.<\/p>\n\n\n\n<p>Adem\u00e1s, existe la posibilidad de determinar la composici\u00f3n corporal mediante mediciones BIA (an\u00e1lisis de impedancia bioel\u00e9ctrica). Esto incluye la masa extracelular, la masa muscular y celular de los \u00f3rganos, el porcentaje de grasa y el contenido de agua.<\/p>\n\n\n\n<p>Nuestro equipo est\u00e1 a su disposici\u00f3n con un asesoramiento fundado y una atenci\u00f3n personalizada para una p\u00e9rdida de peso saludable y duradera.<\/p>\n<\/div><\/div>\n\n\n\n<div class=\"wp-block-esab-accordion-child\"><div class=\"esab__head\" role=\"button\" aria-expanded=\"false\"><div class=\"esab__heading_txt\"><p class=\"esab__heading_tag\">Tratamientos con l\u00e1ser<\/p><\/div><div class=\"esab__icon\"><div class=\"esab__collapse\"> <svg xmlns=\"http:\/\/www.w3.org\/2000\/svg\" width=\"24\" height=\"24\" fill=\"currentColor\" viewBox=\"0 0 16 16\"><path fill-rule=\"evenodd\" d=\"M1.646 4.646a.5.5 0 0 1 .708 0L8 10.293l5.646-5.647a.5.5 0 0 1 .708.708l-6 6a.5.5 0 0 1-.708 0l-6-6a.5.5 0 0 1 0-.708\"><\/path><\/svg> <\/div><div class=\"esab__expand\"> <svg xmlns=\"http:\/\/www.w3.org\/2000\/svg\" width=\"24\" height=\"24\" fill=\"currentColor\" viewBox=\"0 0 16 16\"><path fill-rule=\"evenodd\" d=\"M7.646 4.646a.5.5 0 0 1 .708 0l6 6a.5.5 0 0 1-.708.708L8 5.707l-5.646 5.647a.5.5 0 0 1-.708-.708z\"><\/path><\/svg> <\/div><\/div><\/div><div class=\"esab__body\">\n<p>Ahora le ofrecemos la moderna terapia l\u00e1ser de CO\u2082 para el tratamiento suave y eficaz de las alteraciones cut\u00e1neas. Este m\u00e9todo es ideal para eliminar alteraciones e irregularidades cut\u00e1neas benignas pero relevantes desde el punto de vista m\u00e9dico. Benef\u00edciese de resultados precisos y de un tiempo de curaci\u00f3n r\u00e1pido.<\/p>\n<\/div><\/div>\n\n\n\n<div class=\"wp-block-esab-accordion-child\"><div class=\"esab__head\" role=\"button\" aria-expanded=\"false\"><div class=\"esab__heading_txt\"><p class=\"esab__heading_tag\">Telemedicina: su opci\u00f3n flexible para consultas m\u00e9dicas<\/p><\/div><div class=\"esab__icon\"><div class=\"esab__collapse\"> <svg xmlns=\"http:\/\/www.w3.org\/2000\/svg\" width=\"24\" height=\"24\" fill=\"currentColor\" viewBox=\"0 0 16 16\"><path fill-rule=\"evenodd\" d=\"M1.646 4.646a.5.5 0 0 1 .708 0L8 10.293l5.646-5.647a.5.5 0 0 1 .708.708l-6 6a.5.5 0 0 1-.708 0l-6-6a.5.5 0 0 1 0-.708\"><\/path><\/svg> <\/div><div class=\"esab__expand\"> <svg xmlns=\"http:\/\/www.w3.org\/2000\/svg\" width=\"24\" height=\"24\" fill=\"currentColor\" viewBox=\"0 0 16 16\"><path fill-rule=\"evenodd\" d=\"M7.646 4.646a.5.5 0 0 1 .708 0l6 6a.5.5 0 0 1-.708.708L8 5.707l-5.646 5.647a.5.5 0 0 1-.708-.708z\"><\/path><\/svg> <\/div><\/div><\/div><div class=\"esab__body\">\n<p>En determinadas situaciones, una consulta telef\u00f3nica con el m\u00e9dico puede ahorrar tiempo y resultar m\u00e1s c\u00f3moda que una visita personal a la consulta. Para ofrecerle una atenci\u00f3n m\u00e9dica complementaria y flexible, le ofrecemos varios servicios de telemedicina.<\/p>\n\n\n\n<p><strong>Nuestros servicios de telemedicina:<\/strong><\/p>\n\n\n\n<ul class=\"wp-block-list\">\n<li>Consultas telef\u00f3nicas: Son ideales para responder a preguntas breves o tratar problemas m\u00e9dicos sencillos. Durante la conversaci\u00f3n se puede decidir conjuntamente si es necesaria una cita en la consulta. La ventaja de las consultas telef\u00f3nicas es que puede obtener asesoramiento m\u00e9dico r\u00e1pida y c\u00f3modamente desde casa.<\/li>\n\n\n\n<li>Comunicaci\u00f3n por correo electr\u00f3nico: si dispone de im\u00e1genes, hallazgos u otros documentos relevantes para su consulta m\u00e9dica, puede envi\u00e1rnoslos por correo electr\u00f3nico. De este modo, podemos tramitar su consulta con precisi\u00f3n y sin tiempos de espera.<\/li>\n\n\n\n<li>Videoconsultas: Para una consulta a\u00fan m\u00e1s personalizada, tambi\u00e9n ofrecemos videoconsultas a trav\u00e9s de WhatsApp o Microsoft Teams. Son especialmente \u00fatiles cuando es necesario un examen visual pero no es posible una visita a la consulta.<\/li>\n<\/ul>\n\n\n\n<p><strong>Notas importantes:<\/strong><\/p>\n\n\n\n<ul class=\"wp-block-list\">\n<li>Para beneficiarse de una consulta telef\u00f3nica o de una reuni\u00f3n por correo electr\u00f3nico, debe estar registrado con nosotros como paciente y debemos conocer su historial m\u00e9dico.<\/li>\n\n\n\n<li>Normalmente es necesaria una cita inicial en la consulta antes de poder realizar una consulta telef\u00f3nica u otra forma de tratamiento a distancia.<\/li>\n\n\n\n<li>Por motivos legales, en la mayor\u00eda de los casos es necesaria una cita presencial en la consulta para la expedici\u00f3n de certificados m\u00e9dicos.<\/li>\n<\/ul>\n\n\n\n<p>Nuestros servicios de telemedicina ofrecen una soluci\u00f3n moderna y pr\u00e1ctica para resolver sus problemas de salud de forma r\u00e1pida y sencilla. P\u00f3ngase en contacto con nosotros para saber cu\u00e1l es la opci\u00f3n m\u00e1s adecuada para usted.<\/p>\n<\/div><\/div>\n\n\n\n<div class=\"wp-block-esab-accordion-child\"><div class=\"esab__head\" role=\"button\" aria-expanded=\"false\"><div class=\"esab__heading_txt\"><p class=\"esab__heading_tag\">Ex\u00e1menes y tratamientos suplementarios adicionales<\/p><\/div><div class=\"esab__icon\"><div class=\"esab__collapse\"> <svg xmlns=\"http:\/\/www.w3.org\/2000\/svg\" width=\"24\" height=\"24\" fill=\"currentColor\" viewBox=\"0 0 16 16\"><path fill-rule=\"evenodd\" d=\"M1.646 4.646a.5.5 0 0 1 .708 0L8 10.293l5.646-5.647a.5.5 0 0 1 .708.708l-6 6a.5.5 0 0 1-.708 0l-6-6a.5.5 0 0 1 0-.708\"><\/path><\/svg> <\/div><div class=\"esab__expand\"> <svg xmlns=\"http:\/\/www.w3.org\/2000\/svg\" width=\"24\" height=\"24\" fill=\"currentColor\" viewBox=\"0 0 16 16\"><path fill-rule=\"evenodd\" d=\"M7.646 4.646a.5.5 0 0 1 .708 0l6 6a.5.5 0 0 1-.708.708L8 5.707l-5.646 5.647a.5.5 0 0 1-.708-.708z\"><\/path><\/svg> <\/div><\/div><\/div><div class=\"esab__body\">\n<p>Para que nuestros pacientes tengan un diagn\u00f3stico r\u00e1pido e iniciar pasos terap\u00e9uticos adecuados, ofrecemos amplias aclaraciones y opciones de terapia directamente en nuestro consultorio.<\/p>\n\n\n\n<p><strong>Realizamos los siguientes ex\u00e1menes y tratamientos en nuestra pr\u00e1ctica:<\/strong><\/p>\n\n\n\n<ul class=\"wp-block-list\">\n<li>Amplia gama de ex\u00e1menes de laboratorio.<\/li>\n\n\n\n<li>Rayos X digitales<\/li>\n\n\n\n<li>Electrocardiograma (EKG)<\/li>\n\n\n\n<li>ECG a largo plazo (en colaboraci\u00f3n con Viollier)<\/li>\n\n\n\n<li>Mediciones de saturaci\u00f3n de ox\u00edgeno en la sangre (oximetr\u00eda de pulso y oximetr\u00eda de pulso a largo plazo)<\/li>\n\n\n\n<li>Poligraf\u00eda nocturna (trastornos respiratorios por la noche).<\/li>\n\n\n\n<li>Mediciones de la presi\u00f3n arterial las 24 horas.<\/li>\n\n\n\n<li>Diagn\u00f3stico de la funci\u00f3n pulmonar<\/li>\n\n\n\n<li>Mediciones del \u00edndice tobillo-brazo para determinar problemas de circulaci\u00f3n sangu\u00ednea en las piernas.<\/li>\n\n\n\n<li>Terapia con ultrasonido para problemas musculares y articulares.<\/li>\n\n\n\n<li>Tratamiento de los cambios en la piel con nitr\u00f3geno.<\/li>\n\n\n\n<li>Audiometr\u00eda (prueba de audici\u00f3n) y prueba de la vista.<\/li>\n\n\n\n<li>Pruebas de aliento para la detecci\u00f3n de intolerancia alimentaria (lactosa, fructosa).<\/li>\n\n\n\n<li>Ecograf\u00edas en el punto de atenci\u00f3n<\/li>\n<\/ul>\n<\/div><\/div>\n\n\n\n<div class=\"wp-block-esab-accordion-child\"><div class=\"esab__head\" role=\"button\" aria-expanded=\"false\"><div class=\"esab__heading_txt\"><p class=\"esab__heading_tag\">Consultas con m\u00e9dicos especialistas ofrecidas por socios independientes<\/p><\/div><div class=\"esab__icon\"><div class=\"esab__collapse\"> <svg xmlns=\"http:\/\/www.w3.org\/2000\/svg\" width=\"24\" height=\"24\" fill=\"currentColor\" viewBox=\"0 0 16 16\"><path fill-rule=\"evenodd\" d=\"M1.646 4.646a.5.5 0 0 1 .708 0L8 10.293l5.646-5.647a.5.5 0 0 1 .708.708l-6 6a.5.5 0 0 1-.708 0l-6-6a.5.5 0 0 1 0-.708\"><\/path><\/svg> <\/div><div class=\"esab__expand\"> <svg xmlns=\"http:\/\/www.w3.org\/2000\/svg\" width=\"24\" height=\"24\" fill=\"currentColor\" viewBox=\"0 0 16 16\"><path fill-rule=\"evenodd\" d=\"M7.646 4.646a.5.5 0 0 1 .708 0l6 6a.5.5 0 0 1-.708.708L8 5.707l-5.646 5.647a.5.5 0 0 1-.708-.708z\"><\/path><\/svg> <\/div><\/div><\/div><div class=\"esab__body\">\n<p>Para optimizar la atenci\u00f3n m\u00e9dica en la regi\u00f3n de Worb, trabajamos con socios especialistas de confianza que ofrecen horas de consulta en nuestras instalaciones:<\/p>\n\n\n\n<ul class=\"wp-block-list\">\n<li>Dra. Jasna Rudez, especialista en ortopedia y medicina deportiva<\/li>\n\n\n\n<li>Dr. G\u00e9rald Leist, especialista en cirug\u00eda, que trabaja como m\u00e9dico adjunto en los hospitales de Burgdorf y Langnau<\/li>\n\n\n\n<li>Sra. Heidi Schaffer, nutricionista FH<\/li>\n<\/ul>\n<\/div><\/div>\n\n\n\n<div class=\"wp-block-esab-accordion-child\"><div class=\"esab__head\" role=\"button\" aria-expanded=\"false\"><div class=\"esab__heading_txt\"><p class=\"esab__heading_tag\">Fisioterapia<\/p><\/div><div class=\"esab__icon\"><div class=\"esab__collapse\"> <svg xmlns=\"http:\/\/www.w3.org\/2000\/svg\" width=\"24\" height=\"24\" fill=\"currentColor\" viewBox=\"0 0 16 16\"><path fill-rule=\"evenodd\" d=\"M1.646 4.646a.5.5 0 0 1 .708 0L8 10.293l5.646-5.647a.5.5 0 0 1 .708.708l-6 6a.5.5 0 0 1-.708 0l-6-6a.5.5 0 0 1 0-.708\"><\/path><\/svg> <\/div><div class=\"esab__expand\"> <svg xmlns=\"http:\/\/www.w3.org\/2000\/svg\" width=\"24\" height=\"24\" fill=\"currentColor\" viewBox=\"0 0 16 16\"><path fill-rule=\"evenodd\" d=\"M7.646 4.646a.5.5 0 0 1 .708 0l6 6a.5.5 0 0 1-.708.708L8 5.707l-5.646 5.647a.5.5 0 0 1-.708-.708z\"><\/path><\/svg> <\/div><\/div><\/div><div class=\"esab__body\">\n<p><a href=\"https:\/\/www.physio5.ch\/de\/?oid=1&amp;lang=de\" target=\"_blank\" rel=\"noreferrer noopener\">Physio5<\/a> ofrece tratamientos fisioterap\u00e9uticos individuales adaptados a las necesidades de nuestros pacientes y de pacientes externos con problemas ortop\u00e9dicos, traumatol\u00f3gicos o reumatol\u00f3gicos. Otro foco de atenci\u00f3n de la fisioterapia es el cuidado de los atletas de competici\u00f3n y amateurs despu\u00e9s de las lesiones. El consultorio est\u00e1 ubicado en el segundo piso.<\/p>\n<\/div><\/div>\n<\/div><\/div>\n<\/div>\n","protected":false},"excerpt":{"rendered":"<p>Salud significa calidad de vida. Le ofrecemos atenci\u00f3n m\u00e9dica integral y de alta calidad en todas las situaciones y para toda la familia. Es muy importante para nosotros mantener una buena relaci\u00f3n, abierta y confidencial con nuestros pacientes. Nuestra experiencia m\u00e9dica est\u00e1 acorde con todos los estudios y pautas actuales. Con el fin de garantizarle [&hellip;]<\/p>\n","protected":false},"author":3,"featured_media":531,"parent":0,"menu_order":23,"comment_status":"closed","ping_status":"closed","template":"","meta":{"_acf_changed":false,"inline_featured_image":false,"footnotes":""},"class_list":["post-1280","page","type-page","status-publish","has-post-thumbnail","hentry"],"acf":[],"_links":{"self":[{"href":"https:\/\/hausarztpraxis-worb.ch\/es\/wp-json\/wp\/v2\/pages\/1280","targetHints":{"allow":["GET"]}}],"collection":[{"href":"https:\/\/hausarztpraxis-worb.ch\/es\/wp-json\/wp\/v2\/pages"}],"about":[{"href":"https:\/\/hausarztpraxis-worb.ch\/es\/wp-json\/wp\/v2\/types\/page"}],"author":[{"embeddable":true,"href":"https:\/\/hausarztpraxis-worb.ch\/es\/wp-json\/wp\/v2\/users\/3"}],"replies":[{"embeddable":true,"href":"https:\/\/hausarztpraxis-worb.ch\/es\/wp-json\/wp\/v2\/comments?post=1280"}],"version-history":[{"count":7,"href":"https:\/\/hausarztpraxis-worb.ch\/es\/wp-json\/wp\/v2\/pages\/1280\/revisions"}],"predecessor-version":[{"id":1487,"href":"https:\/\/hausarztpraxis-worb.ch\/es\/wp-json\/wp\/v2\/pages\/1280\/revisions\/1487"}],"wp:featuredmedia":[{"embeddable":true,"href":"https:\/\/hausarztpraxis-worb.ch\/es\/wp-json\/wp\/v2\/media\/531"}],"wp:attachment":[{"href":"https:\/\/hausarztpraxis-worb.ch\/es\/wp-json\/wp\/v2\/media?parent=1280"}],"curies":[{"name":"wp","href":"https:\/\/api.w.org\/{rel}","templated":true}]}}