{"id":1046,"date":"2025-07-22T22:59:55","date_gmt":"2025-07-22T20:59:55","guid":{"rendered":"https:\/\/hausarztpraxis-worb.ch\/datenschutzerklaerung\/"},"modified":"2025-08-13T03:19:49","modified_gmt":"2025-08-13T01:19:49","slug":"proteccion-de-datos","status":"publish","type":"page","link":"https:\/\/hausarztpraxis-worb.ch\/es\/proteccion-de-datos\/","title":{"rendered":"Protecci\u00f3n de datos"},"content":{"rendered":"\n<div class=\"wp-block-group has-global-padding is-layout-constrained wp-block-group-is-layout-constrained\" style=\"padding-bottom:60px\">\n<blockquote class=\"wp-block-quote is-layout-flow wp-block-quote-is-layout-flow\">\n<p>Esta declaraci\u00f3n de protecci\u00f3n de datos explica c\u00f3mo la pr\u00e1ctica general Worb recopila y procesa datos personales. Esta descripci\u00f3n no es exhaustiva, en casos individuales puede complementarse o modificarse expl\u00edcitamente con otras declaraciones de protecci\u00f3n de datos m\u00e1s espec\u00edficas.<\/p>\n<\/blockquote>\n\n\n\n<p><strong>Informaci\u00f3n general<br><\/strong>De acuerdo con las disposiciones de protecci\u00f3n de datos de la Ley de Protecci\u00f3n de Datos (DSG), toda persona tiene derecho a la protecci\u00f3n de su privacidad y protecci\u00f3n contra el mal uso de sus datos personales.<\/p>\n\n\n\n<p>Nos tomamos muy en serio la protecci\u00f3n de sus datos personales. Tratamos sus datos personales de forma confidencial y de acuerdo con las reglamentaciones legales de protecci\u00f3n de datos y esta declaraci\u00f3n de protecci\u00f3n de datos.<\/p>\n\n\n\n<p>En cooperaci\u00f3n con nuestros proveedores de alojamiento de nuestra p\u00e1gina, nos esforzamos por proteger las bases de datos lo mejor posible del acceso externo, p\u00e9rdida, mal uso o falsificaci\u00f3n.<\/p>\n\n\n\n<p>Nos gustar\u00eda se\u00f1alar que la transmisi\u00f3n de datos a trav\u00e9s de Internet (por ejemplo, cuando se comunica por correo electr\u00f3nico) puede tener brechas de seguridad. No es posible proteger completamente los datos del acceso de terceros.<\/p>\n\n\n\n<p>Al usar este sitio web, usted acepta la recopilaci\u00f3n, el procesamiento y el uso de datos como se describe a continuaci\u00f3n. Este sitio web generalmente se puede visitar sin registrarse.<\/p>\n\n\n\n<p><strong>Responsabilidad<br><\/strong>El consultorio m\u00e9dico general Worb es responsable de los datos personales que procesamos. Si tiene alguna pregunta, cont\u00e1ctenos al Tel. 031 839 25 03 o por correo electr\u00f3nico a&nbsp;<a href=\"mailto:hausarztpraxis-worb@hin.ch\">hausarztpraxis-worb@hin.ch<\/a><\/p>\n\n\n\n<p><strong>Recolecci\u00f3n y procesamiento de datos personales<br><\/strong>Toda la informaci\u00f3n relacionada con una persona espec\u00edfica o identificable se considera informaci\u00f3n personal. Recopilamos y procesamos datos personales de acuerdo con las leyes aplicables, en particular la Ley de Protecci\u00f3n de Datos de Suiza (DSG). Adem\u00e1s del GDPR, esta declaraci\u00f3n de protecci\u00f3n de datos tambi\u00e9n tiene en cuenta el Reglamento General de Protecci\u00f3n de Datos de la UE (GDPR) y su contenido se basa en esta norma.<\/p>\n\n\n\n<p>No recopilamos ning\u00fan dato personal cuando visita este sitio web. Los datos personales solo se recopilan si nos los proporciona usted mismo utilizando nuestro formulario de contacto. Los datos, como las p\u00e1ginas visitadas, el nombre del archivo al que se accedi\u00f3, la fecha y la hora, se almacenan en el servidor con fines estad\u00edsticos sin que estos datos est\u00e9n directamente relacionados con usted personalmente.<\/p>\n\n\n\n<p>Los datos personales, en particular el nombre, la direcci\u00f3n o la direcci\u00f3n de correo electr\u00f3nico, se recopilan de forma voluntaria en la medida de lo posible. Los datos no se transmitir\u00e1n a terceros sin su consentimiento. Estos datos se utilizan exclusivamente para responder a su solicitud y luego se eliminan o anonimizan en la medida de lo posible.<\/p>\n\n\n\n<p>Para los datos personales que recibimos de usted, asumimos que son correctos y est\u00e1n actualizados. Si nos proporciona datos personales de otras personas (por ejemplo, familiares o empleados), asumimos que est\u00e1 autorizado para hacerlo.<\/p>\n\n\n\n<p><strong>Prop\u00f3sito del procesamiento de datos<br><\/strong>Los datos personales sirven principalmente para cumplir con nuestras obligaciones contractuales con usted. Si nos ha dado su consentimiento para procesar sus datos personales para fines espec\u00edficos, procesaremos sus datos personales dentro del alcance de este consentimiento, a menos que tengamos otra base legal. Puede revocar su consentimiento en cualquier momento, pero sin afectar el procesamiento de datos que ya ha tenido lugar.<\/p>\n\n\n\n<p><strong>Cookies<br><\/strong>Utilizamos cookies permanentes en nuestro sitio web para que podamos entender mejor c\u00f3mo utiliza nuestras ofertas y contenido. Una cookie es un archivo de texto que se almacena en su computadora y que permite un an\u00e1lisis de su uso del sitio web. Si bien las cookies de sesi\u00f3n solo se usan durante una sesi\u00f3n y se eliminan despu\u00e9s de su visita al sitio web, las cookies permanentes se pueden usar para guardar la configuraci\u00f3n del usuario y otra informaci\u00f3n durante un per\u00edodo m\u00e1s largo y espec\u00edfico. Sin embargo, puede configurar su navegador para que no acepte cookies, solo las guarde para una sesi\u00f3n o las elimine prematuramente. Si bloquea las cookies, es posible que ciertas funciones ya no funcionen.<\/p>\n\n\n\n<p><strong>Google analitico<br><\/strong>Este sitio web utiliza Google Analytics, un servicio de an\u00e1lisis web proporcionado por Google Inc., 1600 Amphitheatre Parkway, Mountain View, CA 94043, EE. UU. Google Analytics utiliza \u201ccookies\u201d para evaluar el uso del sitio web en nombre del operador, para compilar informes sobre la actividad del sitio web y para proporcionar al operador del sitio web otros servicios relacionados con el uso del sitio web y de Internet. La direcci\u00f3n IP transmitida por su navegador como parte de Google Analytics no se fusionar\u00e1 con otros datos de Google. Puede evitar que se guarden las cookies o eliminarlas haciendo la configuraci\u00f3n adecuada en su navegador.<\/p>\n\n\n\n<p><strong>Mapas de Google<br><\/strong>Este sitio web utiliza la API de Google Maps para mostrar visualmente informaci\u00f3n geogr\u00e1fica. Al utilizar Google Maps, Google tambi\u00e9n recoge, procesa y utiliza datos sobre el uso de las funciones del mapa por parte de los visitantes. Para obtener m\u00e1s informaci\u00f3n sobre el procesamiento de datos por parte de Google, consulte la informaci\u00f3n sobre protecci\u00f3n de datos de Google. All\u00ed tambi\u00e9n puede cambiar la configuraci\u00f3n de la protecci\u00f3n de sus datos personales en el centro de protecci\u00f3n de datos.<\/p>\n\n\n\n<p><strong>Fuentes Web de Google<\/strong><br>Este sitio web utiliza las llamadas fuentes web, que son proporcionadas por Google, para la visualizaci\u00f3n uniforme de las fuentes. Cuando se llama a una p\u00e1gina, el navegador carga las fuentes web necesarias en su cach\u00e9 para mostrar los textos y las fuentes correctamente. Si su navegador no soporta fuentes web, se utilizar\u00e1 una fuente est\u00e1ndar de su ordenador.<\/p>\n\n\n\n<p>Para m\u00e1s informaci\u00f3n sobre las fuentes web de Google, por favor vea lo siguiente:<br>https:\/\/developers.google.com\/fonts\/faq y en la pol\u00edtica de privacidad de Google: https:\/\/www.google.com\/policies\/privacy\/<\/p>\n\n\n\n<p><strong>Transferencia de datos<\/strong><br>Revelamos datos a terceros en el \u00e1mbito de nuestras actividades comerciales, siempre que sea necesario y razonable para el cumplimiento del prop\u00f3sito de acuerdo con la secci\u00f3n 4. Este puede ser el caso, por ejemplo, si terceros trabajan para nosotros. Estos destinatarios pueden estar situados tanto en Suiza como en el extranjero, por lo que los datos pueden ser transferidos al pa\u00eds de residencia de estos terceros y de sus empresas, contrapartes, socios comerciales o expertos y proveedores de servicios. Si transferimos datos a un pa\u00eds sin una legislaci\u00f3n adecuada de protecci\u00f3n de datos, garantizaremos un nivel de protecci\u00f3n adecuado (por ejemplo, mediante contratos basados en las denominadas cl\u00e1usulas contractuales est\u00e1ndar de la Comisi\u00f3n Europea).<\/p>\n\n\n\n<p><strong>Duraci\u00f3n del almacenamiento<\/strong><br>Sus datos personales ser\u00e1n procesados por nosotros mientras sea necesario para el cumplimiento de nuestras obligaciones contractuales y legales. Tan pronto como sus datos personales dejen de ser necesarios, se eliminar\u00e1n o se har\u00e1n an\u00f3nimos en la medida de lo posible.<\/p>\n\n\n\n<p><strong>Seguridad de los datos<\/strong><br>Tomamos las medidas de seguridad t\u00e9cnicas y organizativas adecuadas para proteger sus datos personales del acceso no autorizado y del uso indebido, como la emisi\u00f3n de instrucciones, la formaci\u00f3n, las soluciones de seguridad inform\u00e1tica y de red, los controles de acceso y las restricciones.<\/p>\n\n\n\n<p><strong>Derechos<br><\/strong>Tiene derecho a la informaci\u00f3n, correcci\u00f3n, eliminaci\u00f3n, restricci\u00f3n, portabilidad de datos, revocaci\u00f3n y objeci\u00f3n a sus datos en cualquier momento. Si cree que el procesamiento de sus datos viola la ley de protecci\u00f3n de datos o si sus reclamos de protecci\u00f3n de datos han sido violados, puede presentar una queja ante la autoridad de supervisi\u00f3n. La autoridad responsable de protecci\u00f3n de datos en Suiza es el Comisionado Federal de Protecci\u00f3n de Datos e Informaci\u00f3n (<a href=\"https:\/\/www.edoeb.admin.ch\/edoeb\/it\/home.html\" target=\"_blank\" rel=\"noreferrer noopener\">http:\/\/www.edoeb.admin.ch<\/a>).<\/p>\n\n\n\n<p><strong>Exoneraci\u00f3n de responsabilidad general<br><\/strong>Toda la informaci\u00f3n en este sitio web ha sido cuidadosamente revisada. Nos esforzamos por ofrecer nuestra informaci\u00f3n de manera actual, correcta y completa. Sin embargo, los errores no pueden ser completamente excluidos. Por lo tanto, no garantizamos la integridad, precisi\u00f3n y actualidad de nuestra informaci\u00f3n. Se excluyen los reclamos de responsabilidad por da\u00f1os materiales o inmateriales causados \u200b\u200bpor el uso de la informaci\u00f3n ofrecida, a menos que haya evidencia de negligencia intencional o grave.<\/p>\n\n\n\n<p>Podemos cambiar o eliminar textos a nuestra propia discreci\u00f3n y sin previo aviso y no estamos obligados a actualizar el contenido de este sitio web. El uso de este sitio web es bajo el propio riesgo del visitante. Nosotros o nuestros socios involucrados no somos responsables por da\u00f1os, tales como da\u00f1os directos o da\u00f1os indirectos, que supuestamente son causados \u200b\u200bpor visitar este sitio web. Por lo tanto, no aceptamos ninguna responsabilidad por esto.<\/p>\n\n\n\n<p>No asumimos ninguna responsabilidad por el contenido y la disponibilidad de sitios web de terceros a los que se pueda acceder a trav\u00e9s de enlaces externos en este sitio web. Los operadores de las p\u00e1ginas enlazadas son los \u00fanicos responsables de su contenido. Nos distanciamos expresamente de todo el contenido de terceros que pueda ser relevante seg\u00fan la ley penal o la ley de responsabilidad o que viole la decencia com\u00fan.<\/p>\n\n\n\n<p><strong>Cambios<br><\/strong>Podemos adaptar esta declaraci\u00f3n de protecci\u00f3n de datos en cualquier momento. Se aplica la versi\u00f3n actual publicada en nuestro sitio web. En la medida en que la declaraci\u00f3n de protecci\u00f3n de datos sea parte de un acuerdo con usted, le informaremos del cambio por correo electr\u00f3nico o de cualquier otra forma adecuada en caso de una actualizaci\u00f3n.<\/p>\n<\/div>\n","protected":false},"excerpt":{"rendered":"<p>Esta declaraci\u00f3n de protecci\u00f3n de datos explica c\u00f3mo la pr\u00e1ctica general Worb recopila y procesa datos personales. Esta descripci\u00f3n no es exhaustiva, en casos individuales puede complementarse o modificarse expl\u00edcitamente con otras declaraciones de protecci\u00f3n de datos m\u00e1s espec\u00edficas. Informaci\u00f3n generalDe acuerdo con las disposiciones de protecci\u00f3n de datos de la Ley de Protecci\u00f3n de [&hellip;]<\/p>\n","protected":false},"author":3,"featured_media":623,"parent":0,"menu_order":29,"comment_status":"closed","ping_status":"closed","template":"","meta":{"_acf_changed":false,"inline_featured_image":false,"footnotes":""},"class_list":["post-1046","page","type-page","status-publish","has-post-thumbnail","hentry"],"acf":[],"_links":{"self":[{"href":"https:\/\/hausarztpraxis-worb.ch\/es\/wp-json\/wp\/v2\/pages\/1046","targetHints":{"allow":["GET"]}}],"collection":[{"href":"https:\/\/hausarztpraxis-worb.ch\/es\/wp-json\/wp\/v2\/pages"}],"about":[{"href":"https:\/\/hausarztpraxis-worb.ch\/es\/wp-json\/wp\/v2\/types\/page"}],"author":[{"embeddable":true,"href":"https:\/\/hausarztpraxis-worb.ch\/es\/wp-json\/wp\/v2\/users\/3"}],"replies":[{"embeddable":true,"href":"https:\/\/hausarztpraxis-worb.ch\/es\/wp-json\/wp\/v2\/comments?post=1046"}],"version-history":[{"count":2,"href":"https:\/\/hausarztpraxis-worb.ch\/es\/wp-json\/wp\/v2\/pages\/1046\/revisions"}],"predecessor-version":[{"id":1313,"href":"https:\/\/hausarztpraxis-worb.ch\/es\/wp-json\/wp\/v2\/pages\/1046\/revisions\/1313"}],"wp:featuredmedia":[{"embeddable":true,"href":"https:\/\/hausarztpraxis-worb.ch\/es\/wp-json\/wp\/v2\/media\/623"}],"wp:attachment":[{"href":"https:\/\/hausarztpraxis-worb.ch\/es\/wp-json\/wp\/v2\/media?parent=1046"}],"curies":[{"name":"wp","href":"https:\/\/api.w.org\/{rel}","templated":true}]}}