{"id":1125,"date":"2025-07-23T14:32:56","date_gmt":"2025-07-23T12:32:56","guid":{"rendered":"https:\/\/hausarztpraxis-worb.ch\/angebote\/"},"modified":"2026-01-25T21:42:18","modified_gmt":"2026-01-25T20:42:18","slug":"offers","status":"publish","type":"page","link":"https:\/\/hausarztpraxis-worb.ch\/en\/offers\/","title":{"rendered":"Offers"},"content":{"rendered":"\n<div class=\"wp-block-group has-global-padding is-layout-constrained wp-block-group-is-layout-constrained\" style=\"padding-bottom:60px\">\n<blockquote class=\"wp-block-quote is-layout-flow wp-block-quote-is-layout-flow\">\n<p>Health means quality of life. We offer you comprehensive, high-quality medical care in all situations and for the whole family. A good, open and confidential relationship with our patients is very important to us.<\/p>\n<\/blockquote>\n\n\n\n<p>Our medical expertise is state of the art and we work with the newest guidelines. If necessary, we work together with competent specialist partners from the region who are best suited to your situation in order to guarantee you efficient and best possible health care.<\/p>\n\n\n\n<div class=\"wp-block-esab-accordion esab-6ldi8a1j\" data-mode=\"global\" data-close=\"true\"><div class=\"esab__container\">\n<div class=\"wp-block-esab-accordion-child\"><div class=\"esab__head\" role=\"button\" aria-expanded=\"false\"><div class=\"esab__heading_txt\"><p class=\"esab__heading_tag\">Family Medicine<\/p><\/div><div class=\"esab__icon\"><div class=\"esab__collapse\"> <svg xmlns=\"http:\/\/www.w3.org\/2000\/svg\" width=\"24\" height=\"24\" fill=\"currentColor\" viewBox=\"0 0 16 16\"><path fill-rule=\"evenodd\" d=\"M1.646 4.646a.5.5 0 0 1 .708 0L8 10.293l5.646-5.647a.5.5 0 0 1 .708.708l-6 6a.5.5 0 0 1-.708 0l-6-6a.5.5 0 0 1 0-.708\"><\/path><\/svg> <\/div><div class=\"esab__expand\"> <svg xmlns=\"http:\/\/www.w3.org\/2000\/svg\" width=\"24\" height=\"24\" fill=\"currentColor\" viewBox=\"0 0 16 16\"><path fill-rule=\"evenodd\" d=\"M7.646 4.646a.5.5 0 0 1 .708 0l6 6a.5.5 0 0 1-.708.708L8 5.707l-5.646 5.647a.5.5 0 0 1-.708-.708z\"><\/path><\/svg> <\/div><\/div><\/div><div class=\"esab__body\">\n<ul class=\"wp-block-list\">\n<li>General medical care<\/li>\n\n\n\n<li>Contact person for all medical problems<\/li>\n\n\n\n<li>Support and long-term care for chronic diseases<\/li>\n\n\n\n<li>Emergency treatment<\/li>\n\n\n\n<li>Vaccination advice, vaccinations<\/li>\n\n\n\n<li>Medical travel advice<\/li>\n\n\n\n<li>Specialised stop smoking advice<\/li>\n\n\n\n<li>Small surgical interventions, wound care<\/li>\n\n\n\n<li>Counselling and support for psychosomatic and psychological problems in cooperation with specialised services<\/li>\n\n\n\n<li>Accompaniment of dying, accompaniment in palliative situations<\/li>\n\n\n\n<li>Dive clarifications<\/li>\n\n\n\n<li>Fitness to drive assessments level 1 and 2<\/li>\n\n\n\n<li>Children are very welcome in our practice<\/li>\n\n\n\n<li>School medical care<\/li>\n<\/ul>\n<\/div><\/div>\n\n\n\n<div class=\"wp-block-esab-accordion-child\"><div class=\"esab__head\" role=\"button\" aria-expanded=\"false\"><div class=\"esab__heading_txt\"><p class=\"esab__heading_tag\">Internal medicine<\/p><\/div><div class=\"esab__icon\"><div class=\"esab__collapse\"> <svg xmlns=\"http:\/\/www.w3.org\/2000\/svg\" width=\"24\" height=\"24\" fill=\"currentColor\" viewBox=\"0 0 16 16\"><path fill-rule=\"evenodd\" d=\"M1.646 4.646a.5.5 0 0 1 .708 0L8 10.293l5.646-5.647a.5.5 0 0 1 .708.708l-6 6a.5.5 0 0 1-.708 0l-6-6a.5.5 0 0 1 0-.708\"><\/path><\/svg> <\/div><div class=\"esab__expand\"> <svg xmlns=\"http:\/\/www.w3.org\/2000\/svg\" width=\"24\" height=\"24\" fill=\"currentColor\" viewBox=\"0 0 16 16\"><path fill-rule=\"evenodd\" d=\"M7.646 4.646a.5.5 0 0 1 .708 0l6 6a.5.5 0 0 1-.708.708L8 5.707l-5.646 5.647a.5.5 0 0 1-.708-.708z\"><\/path><\/svg> <\/div><\/div><\/div><div class=\"esab__body\">\n<p>Our extensive range of services in the field of internal medicine includes<\/p>\n\n\n\n<ul class=\"wp-block-list\">\n<li>Clarification, treatment and regular monitoring of diseases of the internal organs<\/li>\n\n\n\n<li>Optimized treatment for complex disease situations with multiple diagnoses<\/li>\n\n\n\n<li>Infusion therapies (iron, antibodies and others)<\/li>\n\n\n\n<li>Clarification and treatment of gastrointestinal complaints and food intolerances<\/li>\n\n\n\n<li>Allergy clarifications and desensitization treatments<\/li>\n\n\n\n<li>Clarification of nocturnal breathing disorders and sleep apnoea<\/li>\n\n\n\n<li>Search for causes and extended clarification of severe hypertension<\/li>\n\n\n\n<li>Specialised clarification and advice for fatigue complaints (chronic exhaustion)<\/li>\n\n\n\n<li>Scientifically based advice on tick-borne diseases and Lyme disease symptoms<\/li>\n<\/ul>\n<\/div><\/div>\n\n\n\n<div class=\"wp-block-esab-accordion-child\"><div class=\"esab__head\" role=\"button\" aria-expanded=\"false\"><div class=\"esab__heading_txt\"><p class=\"esab__heading_tag\">Check-up examinations \/ prevention for young and old<\/p><\/div><div class=\"esab__icon\"><div class=\"esab__collapse\"> <svg xmlns=\"http:\/\/www.w3.org\/2000\/svg\" width=\"24\" height=\"24\" fill=\"currentColor\" viewBox=\"0 0 16 16\"><path fill-rule=\"evenodd\" d=\"M1.646 4.646a.5.5 0 0 1 .708 0L8 10.293l5.646-5.647a.5.5 0 0 1 .708.708l-6 6a.5.5 0 0 1-.708 0l-6-6a.5.5 0 0 1 0-.708\"><\/path><\/svg> <\/div><div class=\"esab__expand\"> <svg xmlns=\"http:\/\/www.w3.org\/2000\/svg\" width=\"24\" height=\"24\" fill=\"currentColor\" viewBox=\"0 0 16 16\"><path fill-rule=\"evenodd\" d=\"M7.646 4.646a.5.5 0 0 1 .708 0l6 6a.5.5 0 0 1-.708.708L8 5.707l-5.646 5.647a.5.5 0 0 1-.708-.708z\"><\/path><\/svg> <\/div><\/div><\/div><div class=\"esab__body\">\n<p>Regular medical check-ups are important for the prevention and early detection of diseases \u2013 for older as well as for young people. Which preventive examinations are recommended for you and how often they are necessary depends on your age, your medical history and medically relevant events in your family. We would be happy to advise you personally in our consultation hours.<\/p>\n<\/div><\/div>\n\n\n\n<div class=\"wp-block-esab-accordion-child\"><div class=\"esab__head\" role=\"button\" aria-expanded=\"false\"><div class=\"esab__heading_txt\"><p class=\"esab__heading_tag\">Gynaecology<\/p><\/div><div class=\"esab__icon\"><div class=\"esab__collapse\"> <svg xmlns=\"http:\/\/www.w3.org\/2000\/svg\" width=\"24\" height=\"24\" fill=\"currentColor\" viewBox=\"0 0 16 16\"><path fill-rule=\"evenodd\" d=\"M1.646 4.646a.5.5 0 0 1 .708 0L8 10.293l5.646-5.647a.5.5 0 0 1 .708.708l-6 6a.5.5 0 0 1-.708 0l-6-6a.5.5 0 0 1 0-.708\"><\/path><\/svg> <\/div><div class=\"esab__expand\"> <svg xmlns=\"http:\/\/www.w3.org\/2000\/svg\" width=\"24\" height=\"24\" fill=\"currentColor\" viewBox=\"0 0 16 16\"><path fill-rule=\"evenodd\" d=\"M7.646 4.646a.5.5 0 0 1 .708 0l6 6a.5.5 0 0 1-.708.708L8 5.707l-5.646 5.647a.5.5 0 0 1-.708-.708z\"><\/path><\/svg> <\/div><\/div><\/div><div class=\"esab__body\">\n<p><\/p>\n\n\n\n<div class=\"wp-block-columns is-layout-flex wp-container-core-columns-is-layout-28f84493 wp-block-columns-is-layout-flex\">\n<div class=\"wp-block-column is-layout-flow wp-block-column-is-layout-flow\" style=\"flex-basis:33.33%\">\n<figure class=\"wp-block-image size-full\"><img decoding=\"async\" width=\"1614\" height=\"294\" src=\"https:\/\/hausarztpraxis-worb.ch\/wp-content\/uploads\/2025\/07\/vonMuralt_Logo_Gyni.png\" alt=\"\" class=\"wp-image-237\" srcset=\"https:\/\/hausarztpraxis-worb.ch\/wp-content\/uploads\/2025\/07\/vonMuralt_Logo_Gyni.png 1614w, https:\/\/hausarztpraxis-worb.ch\/wp-content\/uploads\/2025\/07\/vonMuralt_Logo_Gyni-300x55.png 300w, https:\/\/hausarztpraxis-worb.ch\/wp-content\/uploads\/2025\/07\/vonMuralt_Logo_Gyni-1024x187.png 1024w, https:\/\/hausarztpraxis-worb.ch\/wp-content\/uploads\/2025\/07\/vonMuralt_Logo_Gyni-768x140.png 768w, https:\/\/hausarztpraxis-worb.ch\/wp-content\/uploads\/2025\/07\/vonMuralt_Logo_Gyni-1536x280.png 1536w\" sizes=\"(max-width: 1614px) 100vw, 1614px\" \/><\/figure>\n<\/div>\n\n\n\n<div class=\"wp-block-column is-layout-flow wp-block-column-is-layout-flow\" style=\"flex-basis:66.66%\">\n<ul class=\"wp-block-list\">\n<li>Gynaecological preventive medical checkups<\/li>\n\n\n\n<li>Advice on preventive measures<\/li>\n\n\n\n<li>Inserting contraceptive rods (implant) and coils<\/li>\n\n\n\n<li>Pregnancy care<br>The delivery usually takes place at the University Clinic for Gynaecology in Bern.<\/li>\n<\/ul>\n\n\n\n<div class=\"wp-block-buttons is-layout-flex wp-block-buttons-is-layout-flex\">\n<div class=\"wp-block-button\"><a class=\"wp-block-button__link wp-element-button\" href=\"https:\/\/hausarztpraxis-worb.ch\/en\/offers\/gynaecology\/\">Learn more<\/a><\/div>\n<\/div>\n<\/div>\n<\/div>\n<\/div><\/div>\n\n\n\n<div class=\"wp-block-esab-accordion-child\"><div class=\"esab__head\" role=\"button\" aria-expanded=\"false\"><div class=\"esab__heading_txt\"><p class=\"esab__heading_tag\">Locomotor system and manual medicine<\/p><\/div><div class=\"esab__icon\"><div class=\"esab__collapse\"> <svg xmlns=\"http:\/\/www.w3.org\/2000\/svg\" width=\"24\" height=\"24\" fill=\"currentColor\" viewBox=\"0 0 16 16\"><path fill-rule=\"evenodd\" d=\"M1.646 4.646a.5.5 0 0 1 .708 0L8 10.293l5.646-5.647a.5.5 0 0 1 .708.708l-6 6a.5.5 0 0 1-.708 0l-6-6a.5.5 0 0 1 0-.708\"><\/path><\/svg> <\/div><div class=\"esab__expand\"> <svg xmlns=\"http:\/\/www.w3.org\/2000\/svg\" width=\"24\" height=\"24\" fill=\"currentColor\" viewBox=\"0 0 16 16\"><path fill-rule=\"evenodd\" d=\"M7.646 4.646a.5.5 0 0 1 .708 0l6 6a.5.5 0 0 1-.708.708L8 5.707l-5.646 5.647a.5.5 0 0 1-.708-.708z\"><\/path><\/svg> <\/div><\/div><\/div><div class=\"esab__body\">\n<ul class=\"wp-block-list\">\n<li>We deal with the treatment of diseases of the locomotor system, i.e. the spine, joints and muscles. Wherever possible, we always focus on non-operative treatments.<\/li>\n\n\n\n<li>In selected cases, manual medicine offers the possibility of alleviating such complaints using special techniques and hand movements. These are partly very similar to chiropractic, but have a conventional medical background.<\/li>\n<\/ul>\n<\/div><\/div>\n\n\n\n<div class=\"wp-block-esab-accordion-child\"><div class=\"esab__head\" role=\"button\" aria-expanded=\"false\"><div class=\"esab__heading_txt\"><p class=\"esab__heading_tag\">Obesity consultation &#8211; Successful weight loss<\/p><\/div><div class=\"esab__icon\"><div class=\"esab__collapse\"> <svg xmlns=\"http:\/\/www.w3.org\/2000\/svg\" width=\"24\" height=\"24\" fill=\"currentColor\" viewBox=\"0 0 16 16\"><path fill-rule=\"evenodd\" d=\"M1.646 4.646a.5.5 0 0 1 .708 0L8 10.293l5.646-5.647a.5.5 0 0 1 .708.708l-6 6a.5.5 0 0 1-.708 0l-6-6a.5.5 0 0 1 0-.708\"><\/path><\/svg> <\/div><div class=\"esab__expand\"> <svg xmlns=\"http:\/\/www.w3.org\/2000\/svg\" width=\"24\" height=\"24\" fill=\"currentColor\" viewBox=\"0 0 16 16\"><path fill-rule=\"evenodd\" d=\"M7.646 4.646a.5.5 0 0 1 .708 0l6 6a.5.5 0 0 1-.708.708L8 5.707l-5.646 5.647a.5.5 0 0 1-.708-.708z\"><\/path><\/svg> <\/div><\/div><\/div><div class=\"esab__body\">\n<p>At our practice, we offer specialised obesity consultations to provide professional and individual support to people who are overweight. Our goal is to provide you with comprehensive support on your journey to sustainable weight loss. We are an interdisciplinary obesity centre and are recognised by health insurance companies in this field. Through our nutritional counselling, our visceral surgery consultation hours and close cooperation with our in-house physiotherapy, bariatric and psychotherapy centres, we can offer you holistic weight loss support.<\/p>\n\n\n\n<p>Depending on the medical indication, weight loss can be accompanied by medication \u2013 for example, with the drugs Wegovy and Mounjaro. We will be happy to advise you on the options available and support you throughout your treatment.<\/p>\n\n\n\n<p>In addition to our obesity consultation hours, we offer the Precon diet programme. This programme can be a useful supplement to medical care. Of course, you can also obtain all Precon diet products from our practice.<\/p>\n\n\n\n<p>In addition, it is possible to determine your body composition using BIA measurements (bioelectrical impedance analysis). This includes extracellular mass, muscle and organ cell mass, fat percentage and water content.<\/p>\n\n\n\n<p>Our team is at your side with sound advice and personalised care \u2013 for healthy and sustainable weight loss.<\/p>\n<\/div><\/div>\n\n\n\n<div class=\"wp-block-esab-accordion-child\"><div class=\"esab__head\" role=\"button\" aria-expanded=\"false\"><div class=\"esab__heading_txt\"><p class=\"esab__heading_tag\">Laser treatments<\/p><\/div><div class=\"esab__icon\"><div class=\"esab__collapse\"> <svg xmlns=\"http:\/\/www.w3.org\/2000\/svg\" width=\"24\" height=\"24\" fill=\"currentColor\" viewBox=\"0 0 16 16\"><path fill-rule=\"evenodd\" d=\"M1.646 4.646a.5.5 0 0 1 .708 0L8 10.293l5.646-5.647a.5.5 0 0 1 .708.708l-6 6a.5.5 0 0 1-.708 0l-6-6a.5.5 0 0 1 0-.708\"><\/path><\/svg> <\/div><div class=\"esab__expand\"> <svg xmlns=\"http:\/\/www.w3.org\/2000\/svg\" width=\"24\" height=\"24\" fill=\"currentColor\" viewBox=\"0 0 16 16\"><path fill-rule=\"evenodd\" d=\"M7.646 4.646a.5.5 0 0 1 .708 0l6 6a.5.5 0 0 1-.708.708L8 5.707l-5.646 5.647a.5.5 0 0 1-.708-.708z\"><\/path><\/svg> <\/div><\/div><\/div><div class=\"esab__body\">\n<p>Wir bieten Ihnen ab sofort die moderne CO\u2082-Lasertherapie zur schonenden und effektiven Behandlung von Hautver\u00e4nderungen an. Diese Methode eignet sich hervorragend zur Entfernung von medizinisch relevanten aber gutartigen Hautver\u00e4nderungen und Hautunregelm\u00e4ssigkeiten. Profitieren Sie von pr\u00e4zisen Ergebnissen und einer schnellen Heilungszeit.<\/p>\n<\/div><\/div>\n\n\n\n<div class=\"wp-block-esab-accordion-child\"><div class=\"esab__head\" role=\"button\" aria-expanded=\"false\"><div class=\"esab__heading_txt\"><p class=\"esab__heading_tag\">Telemedicine &#8211; your flexible option for medical consultations<\/p><\/div><div class=\"esab__icon\"><div class=\"esab__collapse\"> <svg xmlns=\"http:\/\/www.w3.org\/2000\/svg\" width=\"24\" height=\"24\" fill=\"currentColor\" viewBox=\"0 0 16 16\"><path fill-rule=\"evenodd\" d=\"M1.646 4.646a.5.5 0 0 1 .708 0L8 10.293l5.646-5.647a.5.5 0 0 1 .708.708l-6 6a.5.5 0 0 1-.708 0l-6-6a.5.5 0 0 1 0-.708\"><\/path><\/svg> <\/div><div class=\"esab__expand\"> <svg xmlns=\"http:\/\/www.w3.org\/2000\/svg\" width=\"24\" height=\"24\" fill=\"currentColor\" viewBox=\"0 0 16 16\"><path fill-rule=\"evenodd\" d=\"M7.646 4.646a.5.5 0 0 1 .708 0l6 6a.5.5 0 0 1-.708.708L8 5.707l-5.646 5.647a.5.5 0 0 1-.708-.708z\"><\/path><\/svg> <\/div><\/div><\/div><div class=\"esab__body\">\n<p>In certain situations, a telephone consultation with the doctor can be both more time-saving and more convenient than a personal visit to the practice. In order to provide you with complementary and flexible medical care, we offer various telemedicine services.<\/p>\n\n\n\n<p><strong>Our telemedicine services:<\/strong><\/p>\n\n\n\n<ul class=\"wp-block-list\">\n<li>Telephone consultations: These are ideal for answering brief questions or discussing simple medical concerns. During the conversation, a joint decision can be made as to whether an appointment at the practice is necessary. The advantage of telephone consultations is that you can obtain medical advice quickly and conveniently from home.<\/li>\n\n\n\n<li>E-mail communication: If you have images, findings or other documents that are relevant to your medical question, you can simply send them to us by e-mail. In this way, we can process your enquiry precisely and without waiting times.<\/li>\n\n\n\n<li>Video consultations: For an even more personalised consultation, we also offer video consultations via WhatsApp or Microsoft Teams. These are particularly helpful when a visual examination is necessary but a visit to the practice is not possible.<\/li>\n<\/ul>\n\n\n\n<p><strong>Important notes:<\/strong><\/p>\n\n\n\n<ul class=\"wp-block-list\">\n<li>To take advantage of a telephone consultation or an e-mail meeting, you must be registered with us as a patient and we should know your medical history.<\/li>\n\n\n\n<li>An initial appointment at the practice is usually necessary before a telephone or other form of remote treatment can be carried out.<\/li>\n\n\n\n<li>For legal reasons, a face-to-face appointment at the practice is required in most cases for the issuing of medical certificates.<\/li>\n<\/ul>\n\n\n\n<p>Our telemedicine services offer a modern and practical solution to resolve your health issues quickly and easily. Contact us to find out more about the right option for you!<\/p>\n<\/div><\/div>\n\n\n\n<div class=\"wp-block-esab-accordion-child\"><div class=\"esab__head\" role=\"button\" aria-expanded=\"false\"><div class=\"esab__heading_txt\"><p class=\"esab__heading_tag\">Additional complementary examinations and treatments<\/p><\/div><div class=\"esab__icon\"><div class=\"esab__collapse\"> <svg xmlns=\"http:\/\/www.w3.org\/2000\/svg\" width=\"24\" height=\"24\" fill=\"currentColor\" viewBox=\"0 0 16 16\"><path fill-rule=\"evenodd\" d=\"M1.646 4.646a.5.5 0 0 1 .708 0L8 10.293l5.646-5.647a.5.5 0 0 1 .708.708l-6 6a.5.5 0 0 1-.708 0l-6-6a.5.5 0 0 1 0-.708\"><\/path><\/svg> <\/div><div class=\"esab__expand\"> <svg xmlns=\"http:\/\/www.w3.org\/2000\/svg\" width=\"24\" height=\"24\" fill=\"currentColor\" viewBox=\"0 0 16 16\"><path fill-rule=\"evenodd\" d=\"M7.646 4.646a.5.5 0 0 1 .708 0l6 6a.5.5 0 0 1-.708.708L8 5.707l-5.646 5.647a.5.5 0 0 1-.708-.708z\"><\/path><\/svg> <\/div><\/div><\/div><div class=\"esab__body\">\n<p>In order to keep the distances to a minimum, we offer extensive clarifications and therapy options directly in our practice. This we can usually make a diagnosis quickly and initiate suitable therapeutic steps.<\/p>\n\n\n\n<p><strong>We carry out the following examinations and treatments in our practice:<\/strong><\/p>\n\n\n\n<ul class=\"wp-block-list\">\n<li>Extensive practice laboratory<\/li>\n\n\n\n<li>Digital X-ray<\/li>\n\n\n\n<li>Electrocardiogram (ECG)<\/li>\n\n\n\n<li>Long-term ECG (in cooperation with Viollier)<\/li>\n\n\n\n<li>Oxygen saturation measurements in blood (pulse oximetry and long-term pulse oximetry)<\/li>\n\n\n\n<li>Nocturnal polygraphy (breathing disorders during the night)<\/li>\n\n\n\n<li>24-hour blood pressure measurements<\/li>\n\n\n\n<li>Pulmonary Function Diagnostics<\/li>\n\n\n\n<li>Ankle-Brachial-Index measurements to determine circulatory disorders in the legs<\/li>\n\n\n\n<li>Ultrasound therapy for muscle and joint complaints<\/li>\n\n\n\n<li>Treatment of skin changes with nitrogen<\/li>\n\n\n\n<li>Audiometry (hearing test) and eye test<\/li>\n\n\n\n<li>Breath tests to detect food intolerances (lactose, fructose)<\/li>\n\n\n\n<li>Allergy tests<\/li>\n\n\n\n<li>Point of care ultrasound examinations<\/li>\n<\/ul>\n<\/div><\/div>\n\n\n\n<div class=\"wp-block-esab-accordion-child\"><div class=\"esab__head\" role=\"button\" aria-expanded=\"false\"><div class=\"esab__heading_txt\"><p class=\"esab__heading_tag\">Special consultation hours through independent partners<\/p><\/div><div class=\"esab__icon\"><div class=\"esab__collapse\"> <svg xmlns=\"http:\/\/www.w3.org\/2000\/svg\" width=\"24\" height=\"24\" fill=\"currentColor\" viewBox=\"0 0 16 16\"><path fill-rule=\"evenodd\" d=\"M1.646 4.646a.5.5 0 0 1 .708 0L8 10.293l5.646-5.647a.5.5 0 0 1 .708.708l-6 6a.5.5 0 0 1-.708 0l-6-6a.5.5 0 0 1 0-.708\"><\/path><\/svg> <\/div><div class=\"esab__expand\"> <svg xmlns=\"http:\/\/www.w3.org\/2000\/svg\" width=\"24\" height=\"24\" fill=\"currentColor\" viewBox=\"0 0 16 16\"><path fill-rule=\"evenodd\" d=\"M7.646 4.646a.5.5 0 0 1 .708 0l6 6a.5.5 0 0 1-.708.708L8 5.707l-5.646 5.647a.5.5 0 0 1-.708-.708z\"><\/path><\/svg> <\/div><\/div><\/div><div class=\"esab__body\">\n<p>In order to optimize medical care in the Worb area, we cooperate with trustworthy specialized partners, who offer consultation hours on our premises:<\/p>\n\n\n\n<ul class=\"wp-block-list\">\n<li>Dr Jasna Rudez is a specialist in orthopaedics and sports medicine<\/li>\n\n\n\n<li>Dr G\u00e9rald Leist, specialist in surgery, who works as an attending physician at the hospitals in Burgdorf and Langnau<\/li>\n\n\n\n<li>Mrs Heidi Schaffer, nutritionist FH<\/li>\n<\/ul>\n<\/div><\/div>\n\n\n\n<div class=\"wp-block-esab-accordion-child\"><div class=\"esab__head\" role=\"button\" aria-expanded=\"false\"><div class=\"esab__heading_txt\"><p class=\"esab__heading_tag\">Physiotherapy<\/p><\/div><div class=\"esab__icon\"><div class=\"esab__collapse\"> <svg xmlns=\"http:\/\/www.w3.org\/2000\/svg\" width=\"24\" height=\"24\" fill=\"currentColor\" viewBox=\"0 0 16 16\"><path fill-rule=\"evenodd\" d=\"M1.646 4.646a.5.5 0 0 1 .708 0L8 10.293l5.646-5.647a.5.5 0 0 1 .708.708l-6 6a.5.5 0 0 1-.708 0l-6-6a.5.5 0 0 1 0-.708\"><\/path><\/svg> <\/div><div class=\"esab__expand\"> <svg xmlns=\"http:\/\/www.w3.org\/2000\/svg\" width=\"24\" height=\"24\" fill=\"currentColor\" viewBox=\"0 0 16 16\"><path fill-rule=\"evenodd\" d=\"M7.646 4.646a.5.5 0 0 1 .708 0l6 6a.5.5 0 0 1-.708.708L8 5.707l-5.646 5.647a.5.5 0 0 1-.708-.708z\"><\/path><\/svg> <\/div><\/div><\/div><div class=\"esab__body\">\n<p><a href=\"https:\/\/www.physio5.ch\/de\/?oid=1&amp;lang=de\" target=\"_blank\" rel=\"noreferrer noopener\">Physio5<\/a> offers our, but also external patients with orthopaedic, traumatological or rheumatological complaints individual physiotherapeutic treatments tailored to their needs. Another focus of physiotherapy is the care of competitive and popular athletes after injuries. The practice is located on the 2nd floor.erapie ist die Betreuung von Leistungs- und Breitensportlern nach Verletzungen. Die Praxis befindet sich im 2. Stock.<\/p>\n<\/div><\/div>\n<\/div><\/div>\n<\/div>\n","protected":false},"excerpt":{"rendered":"<p>Health means quality of life. We offer you comprehensive, high-quality medical care in all situations and for the whole family. A good, open and confidential relationship with our patients is very important to us. Our medical expertise is state of the art and we work with the newest guidelines. If necessary, we work together with [&hellip;]<\/p>\n","protected":false},"author":3,"featured_media":528,"parent":0,"menu_order":23,"comment_status":"closed","ping_status":"closed","template":"","meta":{"_acf_changed":false,"inline_featured_image":false,"footnotes":""},"class_list":["post-1125","page","type-page","status-publish","has-post-thumbnail","hentry"],"acf":[],"_links":{"self":[{"href":"https:\/\/hausarztpraxis-worb.ch\/en\/wp-json\/wp\/v2\/pages\/1125","targetHints":{"allow":["GET"]}}],"collection":[{"href":"https:\/\/hausarztpraxis-worb.ch\/en\/wp-json\/wp\/v2\/pages"}],"about":[{"href":"https:\/\/hausarztpraxis-worb.ch\/en\/wp-json\/wp\/v2\/types\/page"}],"author":[{"embeddable":true,"href":"https:\/\/hausarztpraxis-worb.ch\/en\/wp-json\/wp\/v2\/users\/3"}],"replies":[{"embeddable":true,"href":"https:\/\/hausarztpraxis-worb.ch\/en\/wp-json\/wp\/v2\/comments?post=1125"}],"version-history":[{"count":3,"href":"https:\/\/hausarztpraxis-worb.ch\/en\/wp-json\/wp\/v2\/pages\/1125\/revisions"}],"predecessor-version":[{"id":1484,"href":"https:\/\/hausarztpraxis-worb.ch\/en\/wp-json\/wp\/v2\/pages\/1125\/revisions\/1484"}],"wp:featuredmedia":[{"embeddable":true,"href":"https:\/\/hausarztpraxis-worb.ch\/en\/wp-json\/wp\/v2\/media\/528"}],"wp:attachment":[{"href":"https:\/\/hausarztpraxis-worb.ch\/en\/wp-json\/wp\/v2\/media?parent=1125"}],"curies":[{"name":"wp","href":"https:\/\/api.w.org\/{rel}","templated":true}]}}